{"id":9796,"date":"2018-08-10T19:29:55","date_gmt":"2018-08-10T17:29:55","guid":{"rendered":"https:\/\/jhcakes.com\/shop\/?post_type=product&#038;p=9796"},"modified":"2020-07-16T12:15:20","modified_gmt":"2020-07-16T10:15:20","slug":"madarpar-mezes-stencil","status":"publish","type":"product","link":"https:\/\/jhcakes.com\/shop\/termek\/madarpar-mezes-stencil\/","title":{"rendered":"Mad\u00e1rp\u00e1r M\u00e9zes Stencil"},"content":{"rendered":"<h3 style=\"text-align: justify\"><span style=\"color: #878787\"><span style=\"color: #ec008c\"><strong>Mad\u00e1rp\u00e1r Stencil<\/strong><\/span><\/span><span style=\"color: #878787\"><span style=\"color: #ec008c\"><strong>\u00a0<\/strong><\/span>esk\u00fcv\u0151re :). <\/span><\/h3>\n<h3 style=\"text-align: justify\"><span style=\"color: #878787\">A stencilt haszn\u00e1lhatjuk tort\u00e1k \u00e9s m\u00e9zesek dekor\u00e1l\u00e1s\u00e1ra egyar\u00e1nt. <\/span><\/h3>\n<p>&nbsp;<\/p>\n<h3><strong><span style=\"color: #1ba6b4\">TIPP:<\/span><\/strong><\/h3>\n<h3 style=\"text-align: justify\"><span style=\"color: #878787\">Amennyiben m\u00e9zest szeretn\u00e9nk dekor\u00e1lni, minimum 65 mm \u00e1tm\u00e9r\u0151j\u0171 m\u00e9zes alapot kell v\u00e1lasztanunk ahhoz, hogy minden stencil minta k\u00e9nyelmesen elf\u00e9rjen.\u00a0<\/span><span style=\"color: #ec008c\"><strong>Kerek<\/strong>,<\/span>\u00a0<strong><span style=\"color: #ec008c\">N\u00e9gyzet<\/span><\/strong> \u00e9s <strong><span style=\"color: #ec008c\">Ov\u00e1lis<\/span><\/strong>\u00a0m\u00e9zes kisz\u00far\u00f3ink <strong><span style=\"color: #1ba6b5\"><a style=\"color: #1ba6b5\" href=\"https:\/\/jhcakes.com\/shop\/termekkategoria\/kiszurok\/keksz-kiszurok\/egyszeru-kiszurok\/\" target=\"_blank\" rel=\"noopener\">ITT<\/a><\/span><\/strong> tal\u00e1lhat\u00f3k.<\/h3>\n<h3>A Mad\u00e1rp\u00e1r M\u00e9zes Stencilhez ill\u0151, kifejetetten tortadekor\u00e1l\u00e1sra alkalmas, nagy m\u00e9ret\u0171 <strong><span style=\"color: #ec008c\">Mad\u00e1rp\u00e1r Stencil\u00fcnk<\/span><\/strong> <span style=\"color: #878787\"><a href=\"https:\/\/jhcakes.com\/shop\/termek\/madar-par-torta-stencil\/\"><strong><span style=\"color: #1ba6b5\">ITT <\/span><\/strong><\/a>tal\u00e1lhat\u00f3.<\/span><\/h3>\n<p>&nbsp;<\/p>\n<h3><strong>Milyen eszk\u00f6z\u00f6ket \u00e9s alapanyagokat aj\u00e1nlunk stencilek haszn\u00e1lat\u00e1hoz?<\/strong><\/h3>\n<ul>\n<li>\n<h3>glaz\u00fart\u00a0vagy vajkr\u00e9met\u00a0<span style=\"color: #1ba6b5\"><strong><a style=\"color: #1ba6b5\" href=\"https:\/\/jhcakes.com\/shop\/termek\/keno-lap-stencilek-hasznalatahoz\/\" target=\"_blank\" rel=\"noopener\">Ken\u0151lappal<\/a><\/strong><\/span>\u00a0illetve\u00a0<span style=\"color: #1ba6b5\"><strong><a style=\"color: #1ba6b5\" href=\"https:\/\/jhcakes.com\/shop\/termek\/spatula\/\" target=\"_blank\" rel=\"noopener\">Spatul\u00e1val<\/a><\/strong><\/span>\u00a0felkenve<\/h3>\n<\/li>\n<li>\n<h3><strong><span style=\"color: #1ba6b5\"><a style=\"color: #1ba6b5\" href=\"https:\/\/jhcakes.com\/shop\/termekkategoria\/festekek-ecsetek\/airbrush-festekek\/\" target=\"_blank\" rel=\"noopener\"><span style=\"color: #1ba6b4\">Airbrusht<\/span><\/a><span style=\"color: #ffcc00\">,\u00a0<a style=\"color: #1ba6b4\" href=\"https:\/\/jhcakes.com\/shop\/termekkategoria\/festekek-ecsetek\/etelfestek-ecsetek-tollak\/\" target=\"_blank\" rel=\"noopener\">\u00c9telfest\u00e9k Ecseteket,<\/a>\u00a0<a style=\"color: #1ba6b4\" href=\"https:\/\/jhcakes.com\/shop\/termekkategoria\/festekek-ecsetek\/folyekony-etelfestekek\/\" target=\"_blank\" rel=\"noopener\">Foly\u00e9kony \u00c9telfest\u00e9keket,<\/a>\u00a0<\/span><\/span><\/strong><span style=\"color: #1ba6b4\"><strong><a style=\"color: #1ba6b4\" href=\"https:\/\/jhcakes.com\/shop\/termekkategoria\/festekek-ecsetek\/eheto-luszter-festekek\/\" target=\"_blank\" rel=\"noopener\">L\u00fcszter Fest\u00e9keket<\/a><\/strong><\/span>\u00a0fest\u00e9shez<\/h3>\n<\/li>\n<li>\n<h3><span style=\"color: #1ba6b5\"><strong><a style=\"color: #1ba6b5\" href=\"https:\/\/jhcakes.com\/shop\/termek\/stencilezo-ecset-szett\/\" target=\"_blank\" rel=\"noopener\">Stencilez\u0151 Ecsetet<\/a>\u00a0<\/strong><span style=\"color: #878787\">\u00e9s<\/span>\u00a0<strong><a style=\"color: #1ba6b5\" href=\"https:\/\/jhcakes.com\/shop\/termekkategoria\/festekek-ecsetek\/eheto-szirom-festekek\/\" target=\"_blank\" rel=\"noopener\">Szirom Porokat<\/a><\/strong>\u00a0<\/span>szinez\u00e9shez<\/h3>\n<\/li>\n<li>\n<h3>kaka\u00f3port,\u00a0<strong><span style=\"color: #1ba6b5\"><a style=\"color: #1ba6b5\" href=\"https:\/\/jhcakes.com\/shop\/termekkategoria\/festekek-ecsetek\/eheto-disco-festekek\/\" target=\"_blank\" rel=\"noopener\">Disco Fest\u00e9keket<\/a>,\u00a0<a style=\"color: #1ba6b5\" href=\"https:\/\/jhcakes.com\/shop\/termekkategoria\/eheto-dekoraciok\/cukorgyongyok\/1-2-mm-szorocukrok\/\" target=\"_blank\" rel=\"noopener\">Sz\u00f3r\u00f3cukrokat<\/a><\/span>\u00a0<\/strong>\u00e9s egy\u00e9b sz\u00f3rhat\u00f3,\u00a0<strong><span style=\"color: #1ba6b5\"><a style=\"color: #1ba6b5\" href=\"https:\/\/jhcakes.com\/shop\/termekkategoria\/eheto-dekoraciok\/\" target=\"_blank\" rel=\"noopener\">\u00e9tkez\u00e9sre alkalmas d\u00edsz\u00edt\u0151 anyagokat<\/a>,<\/span><\/strong>\u00a0felsz\u00f3r\u00e1shoz<\/h3>\n<\/li>\n<\/ul>\n<h3><strong>Alapanyag:<\/strong><\/h3>\n<ul>\n<li>\n<h3>10 mil vastags\u00e1g\u00fa, \u00e9telk\u00e9sz\u00edt\u00e9sre enged\u00e9lyezett, hajl\u00e9kony m\u0171anyag lap<\/h3>\n<\/li>\n<\/ul>\n<h3 id=\"tab-description\"><strong>Kezel\u00e9si \u00fatmutat\u00f3:<\/strong><\/h3>\n<ul>\n<li>\n<h3>k\u00e9zzel moshat\u00f3, leveg\u0151n sz\u00e1r\u00edtand\u00f3<\/h3>\n<\/li>\n<\/ul>\n<div id=\"themify_builder_content-9796\" data-postid=\"9796\" class=\"themify_builder_content themify_builder_content-9796 themify_builder\">\n    <\/div>\n<!-- \/themify_builder_content -->","protected":false},"excerpt":{"rendered":"<h3><strong>Stencil Minta M\u00e9rete:<\/strong><\/h3>\n<ul>\n<li>\n<h3>Sz\u00e9less\u00e9g: \u00a0 \u00a0 62 mm<\/h3>\n<\/li>\n<li>\n<h3>Magass\u00e1g: \u00a0 \u00a038 mm<\/h3>\n<\/li>\n<\/ul>\n","protected":false},"featured_media":9795,"comment_status":"open","ping_status":"closed","template":"","meta":[],"builder_content":"","_links":{"self":[{"href":"https:\/\/jhcakes.com\/shop\/wp-json\/wp\/v2\/product\/9796"}],"collection":[{"href":"https:\/\/jhcakes.com\/shop\/wp-json\/wp\/v2\/product"}],"about":[{"href":"https:\/\/jhcakes.com\/shop\/wp-json\/wp\/v2\/types\/product"}],"replies":[{"embeddable":true,"href":"https:\/\/jhcakes.com\/shop\/wp-json\/wp\/v2\/comments?post=9796"}],"wp:featuredmedia":[{"embeddable":true,"href":"https:\/\/jhcakes.com\/shop\/wp-json\/wp\/v2\/media\/9795"}],"wp:attachment":[{"href":"https:\/\/jhcakes.com\/shop\/wp-json\/wp\/v2\/media?parent=9796"}],"curies":[{"name":"wp","href":"https:\/\/api.w.org\/{rel}","templated":true}]}}