{"id":9766,"date":"2018-08-09T18:18:14","date_gmt":"2018-08-09T16:18:14","guid":{"rendered":"https:\/\/jhcakes.com\/shop\/?post_type=product&#038;p=9766"},"modified":"2020-01-11T15:19:24","modified_gmt":"2020-01-11T14:19:24","slug":"kisertethaz-mezes-kiszuro","status":"publish","type":"product","link":"https:\/\/jhcakes.com\/shop\/termek\/kisertethaz-mezes-kiszuro\/","title":{"rendered":"K\u00eds\u00e9rteth\u00e1z m\u00e9zes kisz\u00far\u00f3"},"content":{"rendered":"<h3>Sz\u00e9p, nagy m\u00e9ret\u0171, nagyon j\u00f3 form\u00e1j\u0171\u00a0<span style=\"color: #878787\"><strong><span style=\"color: #ec008c\">k\u00eds\u00e9rteth\u00e1z kisz\u00far\u00f3<\/span>\u00a0<\/strong>a <span style=\"color: #1ba6b4\"><strong><a href=\"https:\/\/jhcakes.com\/shop\/termek\/baratsagos-szellem-kiszuro\/\" target=\"_blank\" rel=\"noopener\"><span style=\"color: #1ba6b4\">bar\u00e1ts\u00e1gos szellem kisz\u00far\u00f3<\/span><\/a><\/strong><\/span> mell\u00e9.<\/span><\/h3>\n<p>&nbsp;<\/p>\n<h3><span style=\"color: #878787\"><strong>Mihez aj\u00e1nljuk a kisz\u00far\u00f3t?<\/strong><\/span><\/h3>\n<ul>\n<li>\n<h3><span style=\"color: #878787\">m\u00e9zes \u00e9s egy\u00e9b t\u00e9sztaf\u00e9l\u00e9khez<\/span><\/h3>\n<\/li>\n<li>\n<h3><span style=\"color: #878787\">fondant, cukormassza \u00e9s marcip\u00e1n form\u00e1k kisz\u00far\u00e1s\u00e1hoz<\/span><\/h3>\n<\/li>\n<\/ul>\n<h3><span style=\"color: #878787\"><strong>Alapanyag:<\/strong><\/span><\/h3>\n<ul>\n<li>\n<h3><span style=\"color: #878787\">rozsdamentes ac\u00e9l, haszn\u00e1latkor formatart\u00f3 marad<\/span><\/h3>\n<\/li>\n<li>\n<h3>a kisz\u00far\u00f3 mindk\u00e9t oldala haszn\u00e1lhat\u00f3<\/h3>\n<\/li>\n<\/ul>\n<h3 id=\"tab-description\"><span style=\"color: #878787\"><strong>Kezel\u00e9si \u00fatmutat\u00f3:<\/strong><\/span><\/h3>\n<ul>\n<li>\n<h3><span style=\"color: #878787\">k\u00e9zzel moshat\u00f3, leveg\u0151n sz\u00e1r\u00edtand\u00f3<\/span><\/h3>\n<\/li>\n<\/ul>\n<div id=\"themify_builder_content-9766\" data-postid=\"9766\" class=\"themify_builder_content themify_builder_content-9766 themify_builder\">\n    <\/div>\n<!-- \/themify_builder_content -->","protected":false},"excerpt":{"rendered":"<h3><strong>Kisz\u00far\u00f3 m\u00e9rete:<\/strong><\/h3>\n<ul>\n<li>\n<h3>sz\u00e9less\u00e9g: \u00a0 \u00a0 \u00a0113 mm<\/h3>\n<\/li>\n<li>\n<h3>magass\u00e1g: \u00a0 \u00a0115 mm<\/h3>\n<\/li>\n<\/ul>\n","protected":false},"featured_media":9754,"comment_status":"closed","ping_status":"closed","template":"","meta":[],"builder_content":"","_links":{"self":[{"href":"https:\/\/jhcakes.com\/shop\/wp-json\/wp\/v2\/product\/9766"}],"collection":[{"href":"https:\/\/jhcakes.com\/shop\/wp-json\/wp\/v2\/product"}],"about":[{"href":"https:\/\/jhcakes.com\/shop\/wp-json\/wp\/v2\/types\/product"}],"replies":[{"embeddable":true,"href":"https:\/\/jhcakes.com\/shop\/wp-json\/wp\/v2\/comments?post=9766"}],"wp:featuredmedia":[{"embeddable":true,"href":"https:\/\/jhcakes.com\/shop\/wp-json\/wp\/v2\/media\/9754"}],"wp:attachment":[{"href":"https:\/\/jhcakes.com\/shop\/wp-json\/wp\/v2\/media?parent=9766"}],"curies":[{"name":"wp","href":"https:\/\/api.w.org\/{rel}","templated":true}]}}