{"id":9714,"date":"2018-08-05T21:26:21","date_gmt":"2018-08-05T19:26:21","guid":{"rendered":"https:\/\/jhcakes.com\/shop\/?post_type=product&#038;p=9714"},"modified":"2023-02-27T16:18:12","modified_gmt":"2023-02-27T15:18:12","slug":"punkosdi-rozsa-csipke-stencil","status":"publish","type":"product","link":"https:\/\/jhcakes.com\/shop\/termek\/punkosdi-rozsa-csipke-stencil\/","title":{"rendered":"P\u00fcnk\u00f6sdi R\u00f3zsa Csipke Stencil"},"content":{"rendered":"<h3 style=\"text-align: justify;\"><span style=\"color: #878787;\"><span style=\"color: #ec008c;\"><strong>P\u00fcnk\u00f6sdi R\u00f3zsa Csipke Stencil,<\/strong><\/span><\/span><span style=\"color: #878787;\"><span style=\"color: #ec008c;\"><strong>\u00a0<\/strong><\/span>az egyszer\u0171 de nagyon mutat\u00f3s tort\u00e1k dekor\u00e1l\u00e1s\u00e1ra. A stencilt Sharon Wee tervezte \u00e9s az amerikai Designer Stencils v\u00e1llalat gy\u00e1rtotta le.<\/span><\/h3>\n<p>&nbsp;<\/p>\n<h3><strong>Milyen eszk\u00f6z\u00f6ket \u00e9s alapanyagokat aj\u00e1nlunk a stencilek haszn\u00e1lat\u00e1hoz?<\/strong><\/h3>\n<ul>\n<li>\n<h3>glaz\u00fart\u00a0vagy vajkr\u00e9met\u00a0<span style=\"color: #1ba6b5;\"><strong><a style=\"color: #1ba6b5;\" href=\"https:\/\/jhcakes.com\/shop\/termek\/keno-lap-stencilek-hasznalatahoz\/\" target=\"_blank\" rel=\"noopener\">Ken\u0151lappal<\/a><\/strong><\/span>\u00a0illetve\u00a0<span style=\"color: #1ba6b5;\"><strong><a style=\"color: #1ba6b5;\" href=\"https:\/\/jhcakes.com\/shop\/termek\/spatula\/\" target=\"_blank\" rel=\"noopener\">Spatul\u00e1val<\/a><\/strong><\/span>\u00a0felkenve<\/h3>\n<\/li>\n<li>\n<h3><strong><span style=\"color: #1ba6b5;\"><a style=\"color: #1ba6b5;\" href=\"https:\/\/jhcakes.com\/shop\/termekkategoria\/festekek-ecsetek\/airbrush-festekek\/\" target=\"_blank\" rel=\"noopener\">Airbrusht<\/a>,\u00a0<a style=\"color: #1ba6b5;\" href=\"https:\/\/jhcakes.com\/shop\/termekkategoria\/festekek-ecsetek\/festo-ecsetek-tollak\/\" target=\"_blank\" rel=\"noopener\">Fest\u0151 Ecseteket<\/a>,\u00a0<\/span><\/strong><span style=\"color: #1ba6b5;\"><strong><a style=\"color: #1ba6b5;\" href=\"https:\/\/jhcakes.com\/shop\/termekkategoria\/festekek-ecsetek\/eheto-luszter-festekek\/\" target=\"_blank\" rel=\"noopener\">L\u00fcszter Fest\u00e9keket<\/a><\/strong><\/span>\u00a0fest\u00e9shez<\/h3>\n<\/li>\n<li>\n<h3><span style=\"color: #1ba6b5;\"><strong><a style=\"color: #1ba6b5;\" href=\"https:\/\/jhcakes.com\/shop\/termek\/stencilezo-ecset-szett\/\" target=\"_blank\" rel=\"noopener\">Stencilez\u0151 Ecsetet<\/a>\u00a0<\/strong>\u00e9s\u00a0<strong><a style=\"color: #1ba6b5;\" href=\"https:\/\/jhcakes.com\/shop\/termekkategoria\/festekek-ecsetek\/eheto-szirom-festekek\/\" target=\"_blank\" rel=\"noopener\">Szirom Porokat<\/a><\/strong>\u00a0<\/span>szinez\u00e9shez<\/h3>\n<\/li>\n<li>\n<h3>kaka\u00f3port,\u00a0<strong><span style=\"color: #1ba6b5;\"><a style=\"color: #1ba6b5;\" href=\"https:\/\/jhcakes.com\/shop\/termekkategoria\/festekek-ecsetek\/eheto-disco-festekek\/\" target=\"_blank\" rel=\"noopener\">Disco Fest\u00e9keket<\/a>,\u00a0<a style=\"color: #1ba6b5;\" href=\"https:\/\/jhcakes.com\/shop\/termekkategoria\/eheto-dekoraciok\/cukorgyongyok\/1-2-mm-szorocukrok\/\" target=\"_blank\" rel=\"noopener\">Sz\u00f3r\u00f3cukrokat<\/a><\/span>\u00a0<\/strong>\u00e9s egy\u00e9b sz\u00f3rhat\u00f3,\u00a0<strong><span style=\"color: #1ba6b5;\"><a style=\"color: #1ba6b5;\" href=\"https:\/\/jhcakes.com\/shop\/termekkategoria\/eheto-dekoraciok\/\" target=\"_blank\" rel=\"noopener\">\u00e9tkez\u00e9sre alkalmas d\u00edsz\u00edt\u0151 anyagokat<\/a>,<\/span><\/strong>\u00a0felsz\u00f3r\u00e1shoz<\/h3>\n<\/li>\n<\/ul>\n<h3><strong>Alapanyag:<\/strong><\/h3>\n<ul>\n<li>\n<h3>10 mil vastags\u00e1g\u00fa, \u00e9telk\u00e9sz\u00edt\u00e9sre enged\u00e9lyezett, hajl\u00e9kony m\u0171anyag lap<\/h3>\n<\/li>\n<\/ul>\n<h3 id=\"tab-description\"><strong>Kezel\u00e9si \u00fatmutat\u00f3:<\/strong><\/h3>\n<ul>\n<li>\n<h3>k\u00e9zzel moshat\u00f3, leveg\u0151n sz\u00e1r\u00edtand\u00f3<\/h3>\n<\/li>\n<\/ul>\n<div id=\"themify_builder_content-9714\" data-postid=\"9714\" class=\"themify_builder_content themify_builder_content-9714 themify_builder\">\n    <\/div>\n<!-- \/themify_builder_content -->","protected":false},"excerpt":{"rendered":"<h3><strong>Stencil Minta M\u00e9rete:<\/strong><\/h3>\n<ul>\n<li>\n<h3>Sz\u00e9less\u00e9g: \u00a0 \u00a0333 mm<\/h3>\n<\/li>\n<li>\n<h3>Magass\u00e1g: \u00a0 126 mm<\/h3>\n<\/li>\n<\/ul>\n","protected":false},"featured_media":9716,"comment_status":"open","ping_status":"closed","template":"","meta":[],"builder_content":"","_links":{"self":[{"href":"https:\/\/jhcakes.com\/shop\/wp-json\/wp\/v2\/product\/9714"}],"collection":[{"href":"https:\/\/jhcakes.com\/shop\/wp-json\/wp\/v2\/product"}],"about":[{"href":"https:\/\/jhcakes.com\/shop\/wp-json\/wp\/v2\/types\/product"}],"replies":[{"embeddable":true,"href":"https:\/\/jhcakes.com\/shop\/wp-json\/wp\/v2\/comments?post=9714"}],"wp:featuredmedia":[{"embeddable":true,"href":"https:\/\/jhcakes.com\/shop\/wp-json\/wp\/v2\/media\/9716"}],"wp:attachment":[{"href":"https:\/\/jhcakes.com\/shop\/wp-json\/wp\/v2\/media?parent=9714"}],"curies":[{"name":"wp","href":"https:\/\/api.w.org\/{rel}","templated":true}]}}