{"id":9457,"date":"2018-06-20T09:18:30","date_gmt":"2018-06-20T07:18:30","guid":{"rendered":"https:\/\/jhcakes.com\/shop\/?post_type=product&#038;p=9457"},"modified":"2023-05-31T22:20:14","modified_gmt":"2023-05-31T20:20:14","slug":"matrjoska-baba-kiszuro-szett","status":"publish","type":"product","link":"https:\/\/jhcakes.com\/shop\/termek\/matrjoska-baba-kiszuro-szett\/","title":{"rendered":"Matrj\u00f3ska Baba Kisz\u00far\u00f3 Szett"},"content":{"rendered":"<h3><strong><span style=\"color: #ec008c\">Matrj\u00f3ska Baba Kisz\u00far\u00f3 Szett<\/span><\/strong><span style=\"color: #878787\">\u00a0esk\u00fcv\u0151re, eljegyz\u00e9sre, aj\u00e1nd\u00e9kok k\u00e9sz\u00edt\u00e9s\u00e9re.\u00a0<\/span><\/h3>\n<p>&nbsp;<\/p>\n<h3><strong><span style=\"color: #878787\">Mihez aj\u00e1nljuk a kisz\u00far\u00f3t?<\/span><\/strong><\/h3>\n<ul>\n<li>\n<h3><span style=\"color: #878787\">m\u00e9zes \u00e9s egy\u00e9b t\u00e9sztaf\u00e9l\u00e9khez<\/span><\/h3>\n<\/li>\n<li>\n<h3><span style=\"color: #878787\">fondant, cukormassza \u00e9s marcip\u00e1n form\u00e1k kisz\u00far\u00e1s\u00e1hoz<\/span><\/h3>\n<\/li>\n<\/ul>\n<h3><strong><span style=\"color: #878787\">Alapanyag:<\/span><\/strong><\/h3>\n<ul>\n<li>\n<h3><span style=\"color: #878787\">rozsdamentes ac\u00e9l, haszn\u00e1latkor formatart\u00f3 marad<\/span><\/h3>\n<\/li>\n<li>\n<h3>a kisz\u00far\u00f3k mindk\u00e9t oldala haszn\u00e1lhat\u00f3<\/h3>\n<\/li>\n<\/ul>\n<h3 id=\"tab-description\"><strong><span style=\"color: #878787\">Kezel\u00e9si \u00fatmutat\u00f3:<\/span><\/strong><\/h3>\n<ul>\n<li>\n<h3><span style=\"color: #878787\">k\u00e9zzel moshat\u00f3, leveg\u0151n sz\u00e1r\u00edtand\u00f3<\/span><\/h3>\n<\/li>\n<\/ul>\n<div id=\"themify_builder_content-9457\" data-postid=\"9457\" class=\"themify_builder_content themify_builder_content-9457 themify_builder\">\n    <\/div>\n<!-- \/themify_builder_content -->","protected":false},"excerpt":{"rendered":"<h3><strong>Kisz\u00far\u00f3k M\u00e9rete:<\/strong><\/h3>\n<ul>\n<li>\n<h3>Legkisebb Baba &#8211; Sz: 29 mm x M: 58 mm<\/h3>\n<\/li>\n<li>\n<h3>K\u00f6zepes Baba &#8211; Sz: 38 mm x M: 74 mm<\/h3>\n<\/li>\n<li>\n<h3>Legnagyobb Baba &#8211; Sz: 45 mm x M: 88 mm<\/h3>\n<\/li>\n<\/ul>\n","protected":false},"featured_media":9438,"comment_status":"closed","ping_status":"closed","template":"","meta":[],"builder_content":"","_links":{"self":[{"href":"https:\/\/jhcakes.com\/shop\/wp-json\/wp\/v2\/product\/9457"}],"collection":[{"href":"https:\/\/jhcakes.com\/shop\/wp-json\/wp\/v2\/product"}],"about":[{"href":"https:\/\/jhcakes.com\/shop\/wp-json\/wp\/v2\/types\/product"}],"replies":[{"embeddable":true,"href":"https:\/\/jhcakes.com\/shop\/wp-json\/wp\/v2\/comments?post=9457"}],"wp:featuredmedia":[{"embeddable":true,"href":"https:\/\/jhcakes.com\/shop\/wp-json\/wp\/v2\/media\/9438"}],"wp:attachment":[{"href":"https:\/\/jhcakes.com\/shop\/wp-json\/wp\/v2\/media?parent=9457"}],"curies":[{"name":"wp","href":"https:\/\/api.w.org\/{rel}","templated":true}]}}