{"id":9361,"date":"2018-06-18T10:32:04","date_gmt":"2018-06-18T08:32:04","guid":{"rendered":"https:\/\/jhcakes.com\/shop\/?post_type=product&#038;p=9361"},"modified":"2021-11-21T08:11:39","modified_gmt":"2021-11-21T07:11:39","slug":"madarkalitka-es-kismadar-kiszuro","status":"publish","type":"product","link":"https:\/\/jhcakes.com\/shop\/termek\/madarkalitka-es-kismadar-kiszuro\/","title":{"rendered":"Mad\u00e1rkalitka \u00e9s kismad\u00e1r kisz\u00far\u00f3"},"content":{"rendered":"<h3><strong><span style=\"color: #ec008c;\">Mad\u00e1rkalitka kismad\u00e1rral kisz\u00far\u00f3szett<\/span><\/strong><span style=\"color: #878787;\">\u00a0esk\u00fcv\u0151re, eljegyz\u00e9sre. A kalita kisz\u00far\u00f3 sz\u00e9p form\u00e1ja \u00e9s nagy m\u00e9rete miatt haszn\u00e1lhat\u00f3 <a href=\"https:\/\/jhcakes.com\/shop\/termekkategoria\/mezes-kiszurok\/tabla-mezes-kiszurok\/\"><strong><span style=\"color: #1ba6b4;\">t\u00e1bla kisz\u00far\u00f3nak<\/span><\/strong><\/a> is, a kismad\u00e1r kisz\u00far\u00f3 haszn\u00e1lata n\u00e9lk\u00fcl.<\/span><\/h3>\n<p>&nbsp;<\/p>\n<h3><strong><span style=\"color: #878787;\">Mihez aj\u00e1nljuk a kisz\u00far\u00f3t?<\/span><\/strong><\/h3>\n<ul>\n<li>\n<h3><span style=\"color: #878787;\">m\u00e9zes \u00e9s egy\u00e9b t\u00e9sztaf\u00e9l\u00e9khez<\/span><\/h3>\n<\/li>\n<li>\n<h3><span style=\"color: #878787;\">fondant, cukormassza \u00e9s marcip\u00e1n form\u00e1k kisz\u00far\u00e1s\u00e1hoz<\/span><\/h3>\n<\/li>\n<\/ul>\n<h3><strong><span style=\"color: #878787;\">Alapanyag:<\/span><\/strong><\/h3>\n<ul>\n<li>\n<h3><span style=\"color: #878787;\">rozsdamentes ac\u00e9l, haszn\u00e1latkor formatart\u00f3 marad<\/span><\/h3>\n<\/li>\n<li>\n<h3>a kisz\u00far\u00f3k mindk\u00e9t oldala haszn\u00e1lhat\u00f3<\/h3>\n<\/li>\n<\/ul>\n<h3 id=\"tab-description\"><strong><span style=\"color: #878787;\">Kezel\u00e9si \u00fatmutat\u00f3:<\/span><\/strong><\/h3>\n<ul>\n<li>\n<h3><span style=\"color: #878787;\">k\u00e9zzel moshat\u00f3, leveg\u0151n sz\u00e1r\u00edtand\u00f3<\/span><\/h3>\n<\/li>\n<\/ul>\n<div id=\"themify_builder_content-9361\" data-postid=\"9361\" class=\"themify_builder_content themify_builder_content-9361 themify_builder\">\n    <\/div>\n<!-- \/themify_builder_content -->","protected":false},"excerpt":{"rendered":"<h3><strong>Kisz\u00far\u00f3k m\u00e9rete:<\/strong><\/h3>\n<ul>\n<li>\n<h3>kismad\u00e1r &#8211; Sz: 73 mm x M: 45 mm<\/h3>\n<\/li>\n<li>\n<h3>kalitka &#8211; Sz: 92 mm x M: 98 mm<\/h3>\n<\/li>\n<\/ul>\n","protected":false},"featured_media":9362,"comment_status":"closed","ping_status":"closed","template":"","meta":[],"builder_content":"","_links":{"self":[{"href":"https:\/\/jhcakes.com\/shop\/wp-json\/wp\/v2\/product\/9361"}],"collection":[{"href":"https:\/\/jhcakes.com\/shop\/wp-json\/wp\/v2\/product"}],"about":[{"href":"https:\/\/jhcakes.com\/shop\/wp-json\/wp\/v2\/types\/product"}],"replies":[{"embeddable":true,"href":"https:\/\/jhcakes.com\/shop\/wp-json\/wp\/v2\/comments?post=9361"}],"wp:featuredmedia":[{"embeddable":true,"href":"https:\/\/jhcakes.com\/shop\/wp-json\/wp\/v2\/media\/9362"}],"wp:attachment":[{"href":"https:\/\/jhcakes.com\/shop\/wp-json\/wp\/v2\/media?parent=9361"}],"curies":[{"name":"wp","href":"https:\/\/api.w.org\/{rel}","templated":true}]}}