{"id":9151,"date":"2018-04-20T13:06:41","date_gmt":"2018-04-20T11:06:41","guid":{"rendered":"https:\/\/jhcakes.com\/shop\/?post_type=product&#038;p=9151"},"modified":"2023-02-05T16:38:17","modified_gmt":"2023-02-05T15:38:17","slug":"kozepes-levelcso-69-jem","status":"publish","type":"product","link":"https:\/\/jhcakes.com\/shop\/termek\/kozepes-levelcso-69-jem\/","title":{"rendered":"K\u00f6zepes lev\u00e9lcs\u0151 #69 JEM"},"content":{"rendered":"<h3 style=\"text-align: justify;\"><strong><span style=\"color: #ec008c;\">#69 JEM k\u00f6zepes lev\u00e9lk\u00e9sz\u00edt\u0151 cs\u0151\u00a0<\/span><\/strong>f\u0151k\u00e9nt tort\u00e1k \u00e9s nagyobb m\u00e9zesek dekor\u00e1l\u00e1s\u00e1hoz.<\/h3>\n<p>&nbsp;<\/p>\n<h3 style=\"text-align: justify;\"><strong>Mit k\u00e9sz\u00edthet\u00fcnk a 69-es sz\u00e1m\u00fa JEM lev\u00e9lcs\u0151vel?<\/strong><\/h3>\n<ul>\n<li>\n<h3>k\u00f6zepes \u00e9s nagyobb m\u00e9ret\u0171, erezetes leveleket<\/h3>\n<\/li>\n<\/ul>\n<h3><strong>Milyen alapanyagot haszn\u00e1lhatunk?<\/strong><\/h3>\n<ul>\n<li>\n<h3>vajkr\u00e9met<\/h3>\n<\/li>\n<li>\n<h3>glaz\u00fart\/\u00edr\u00f3k\u00e1t<\/h3>\n<\/li>\n<\/ul>\n<h3><strong>Milyen kieg\u00e9sz\u00edt\u0151ket aj\u00e1nlunk a lev\u00e9lcs\u0151h\u00f6z?<\/strong><\/h3>\n<ul>\n<li>\n<h3>habzs\u00e1kot<\/h3>\n<\/li>\n<li>\n<h3><span style=\"color: #008080;\"><a style=\"color: #1ba6b4;\" href=\"https:\/\/jhcakes.com\/shop\/termek\/normal-meretu-csatolocsoszett\/\" target=\"_blank\" rel=\"noopener noreferrer\">norm\u00e1l m\u00e9ret\u0171 csatol\u00f3cs\u00f6vet<\/a><\/span><\/h3>\n<\/li>\n<\/ul>\n<h3><strong>Alapanyag:<\/strong><\/h3>\n<ul>\n<li>\n<h3>rozsdamentes ac\u00e9l<\/h3>\n<\/li>\n<\/ul>\n<h3 id=\"tab-description\"><strong>Kezel\u00e9si \u00fatmutat\u00f3:<\/strong><\/h3>\n<ul>\n<li>\n<h3>k\u00e9zzel moshat\u00f3, leveg\u0151n sz\u00e1r\u00edtand\u00f3<\/h3>\n<\/li>\n<\/ul>\n<div id=\"themify_builder_content-9151\" data-postid=\"9151\" class=\"themify_builder_content themify_builder_content-9151 themify_builder\">\n    <\/div>\n<!-- \/themify_builder_content -->","protected":false},"excerpt":{"rendered":"<h3><strong>Cs\u0151 m\u00e9rete:<\/strong><\/h3>\n<ul>\n<li>\n<h3>dekor\u00e1l\u00f3v\u00e9g sz\u00e9less\u00e9ge: \u00a0 \u00a0 \u00a0 9 mm<\/h3>\n<\/li>\n<li>\n<h3>cs\u0151magass\u00e1g: \u00a0 \u00a0 \u00a0 \u00a0 \u00a0 \u00a0 \u00a0 \u00a0 \u00a0 \u00a0 \u00a0 \u00a035 mm<\/h3>\n<\/li>\n<\/ul>\n","protected":false},"featured_media":12682,"comment_status":"closed","ping_status":"closed","template":"","meta":[],"builder_content":"","_links":{"self":[{"href":"https:\/\/jhcakes.com\/shop\/wp-json\/wp\/v2\/product\/9151"}],"collection":[{"href":"https:\/\/jhcakes.com\/shop\/wp-json\/wp\/v2\/product"}],"about":[{"href":"https:\/\/jhcakes.com\/shop\/wp-json\/wp\/v2\/types\/product"}],"replies":[{"embeddable":true,"href":"https:\/\/jhcakes.com\/shop\/wp-json\/wp\/v2\/comments?post=9151"}],"wp:featuredmedia":[{"embeddable":true,"href":"https:\/\/jhcakes.com\/shop\/wp-json\/wp\/v2\/media\/12682"}],"wp:attachment":[{"href":"https:\/\/jhcakes.com\/shop\/wp-json\/wp\/v2\/media?parent=9151"}],"curies":[{"name":"wp","href":"https:\/\/api.w.org\/{rel}","templated":true}]}}