{"id":8991,"date":"2018-04-06T15:22:57","date_gmt":"2018-04-06T13:22:57","guid":{"rendered":"https:\/\/jhcakes.com\/shop\/?post_type=product&#038;p=8991"},"modified":"2026-01-24T20:56:37","modified_gmt":"2026-01-24T19:56:37","slug":"kerek-diszitocso-0-pme","status":"publish","type":"product","link":"https:\/\/jhcakes.com\/shop\/termek\/kerek-diszitocso-0-pme\/","title":{"rendered":"Kerek d\u00edsz\u00edt\u0151cs\u0151  #0 PME"},"content":{"rendered":"<h3><span style=\"color: #ec008c;\"><strong>#0 PME p<\/strong><\/span><span style=\"color: #ec008c;\"><strong>rofesszion\u00e1lis kerek d\u00edsz\u00edt\u0151cs\u0151 <\/strong>\u00a0<\/span>torta-, cupcake- \u00e9s m\u00e9zesdekor\u00e1l\u00e1shoz.<br \/>\nA PME d\u00edsz\u00edt\u0151cs\u00f6vek a legjobb min\u0151s\u00e9g\u0171 cs\u00f6vek Magyarorsz\u00e1gon. Egyik legnagyobb el\u0151ny\u00fck, hogy hossz\u00faak, ezzel nagyobb kontrollt biztos\u00edtanak az \u00edr\u00f3k\u00e1z\u00e1shoz.<\/h3>\n<p>&nbsp;<\/p>\n<h3><strong>Egy\u00e9b el\u0151nyeik:<\/strong><\/h3>\n<ul>\n<li>\n<h3>nem sz\u00ednez\u0151dnek el<\/h3>\n<\/li>\n<li>\n<h3>nem rozsd\u00e1sodnak<\/h3>\n<\/li>\n<li>\n<h3>nincsenek \u00f6sszeforraszt\u00e1si vonalai &#8211; a glaz\u00far nem p\u00f6r\u00f6g a cs\u0151b\u0151l t\u00f6rt\u00e9n\u0151 kinyom\u00e1skor<\/h3>\n<\/li>\n<\/ul>\n<h3 style=\"text-align: justify;\"><strong>Mit k\u00e9sz\u00edthet\u00fcnk a 0-\u00e1s sz\u00e1m\u00fa PME d\u00edsz\u00edt\u0151cs\u0151vel?<\/strong><\/h3>\n<ul>\n<li>\n<h3>hajsz\u00e1lv\u00e9kony vonalakat<\/h3>\n<\/li>\n<li>\n<h3>feliratokat<\/h3>\n<\/li>\n<li>\n<h3>extra apr\u00f3 p\u00f6tty\u00f6ket<\/h3>\n<\/li>\n<\/ul>\n<h3><strong>Milyen alapanyagot haszn\u00e1ljunk?<\/strong><\/h3>\n<ul>\n<li>\n<h3>glaz\u00fart\/\u00edr\u00f3k\u00e1t<\/h3>\n<\/li>\n<\/ul>\n<h3><strong>Milyen kieg\u00e9sz\u00edt\u0151t aj\u00e1nlunk a d\u00edsz\u00edt\u0151cs\u0151h\u00f6z?<\/strong><\/h3>\n<ul>\n<li>\n<h3>habzs\u00e1kot<\/h3>\n<\/li>\n<li>\n<h3><a href=\"https:\/\/jhcakes.com\/shop\/termekkategoria\/habzsakos-diszites\/habzsakos-tartozekok\/\" target=\"_blank\" rel=\"noopener noreferrer\"><strong><span style=\"color: #1ba6b4;\">norm\u00e1l m\u00e9ret\u0171 csatol\u00f3cs\u00f6vet<\/span><\/strong><\/a><\/h3>\n<\/li>\n<\/ul>\n<h3><strong>Alapanyag:<\/strong><\/h3>\n<ul>\n<li>\n<h3>rozsdamentes ac\u00e9l<\/h3>\n<\/li>\n<\/ul>\n<h3 id=\"tab-description\"><strong>Kezel\u00e9si \u00fatmutat\u00f3:<\/strong><\/h3>\n<ul>\n<li>\n<h3>k\u00e9zzel moshat\u00f3, leveg\u0151n sz\u00e1r\u00edtand\u00f3<\/h3>\n<\/li>\n<\/ul>\n<div id=\"themify_builder_content-8991\" data-postid=\"8991\" class=\"themify_builder_content themify_builder_content-8991 themify_builder\">\n    <\/div>\n<!-- \/themify_builder_content -->","protected":false},"excerpt":{"rendered":"<h3><strong>Cs\u0151 m\u00e9rete:<\/strong><\/h3>\n<ul>\n<li>\n<h3>\u00e1tm\u00e9r\u0151: \u00a0 \u00a0 \u00a0 kisebb mint 1 mm<\/h3>\n<\/li>\n<li>\n<h3>cs\u0151hossz: \u00a0 \u00a040 mm<\/h3>\n<\/li>\n<\/ul>\n","protected":false},"featured_media":9002,"comment_status":"closed","ping_status":"closed","template":"","meta":[],"builder_content":"","_links":{"self":[{"href":"https:\/\/jhcakes.com\/shop\/wp-json\/wp\/v2\/product\/8991"}],"collection":[{"href":"https:\/\/jhcakes.com\/shop\/wp-json\/wp\/v2\/product"}],"about":[{"href":"https:\/\/jhcakes.com\/shop\/wp-json\/wp\/v2\/types\/product"}],"replies":[{"embeddable":true,"href":"https:\/\/jhcakes.com\/shop\/wp-json\/wp\/v2\/comments?post=8991"}],"wp:featuredmedia":[{"embeddable":true,"href":"https:\/\/jhcakes.com\/shop\/wp-json\/wp\/v2\/media\/9002"}],"wp:attachment":[{"href":"https:\/\/jhcakes.com\/shop\/wp-json\/wp\/v2\/media?parent=8991"}],"curies":[{"name":"wp","href":"https:\/\/api.w.org\/{rel}","templated":true}]}}