{"id":8974,"date":"2018-04-06T11:07:29","date_gmt":"2018-04-06T09:07:29","guid":{"rendered":"https:\/\/jhcakes.com\/shop\/?post_type=product&#038;p=8974"},"modified":"2023-11-01T16:31:16","modified_gmt":"2023-11-01T15:31:16","slug":"medal-vagy-koszoru-kiszuro","status":"publish","type":"product","link":"https:\/\/jhcakes.com\/shop\/termek\/medal-vagy-koszoru-kiszuro\/","title":{"rendered":"Med\u00e1l vagy koszor\u00fa kisz\u00far\u00f3"},"content":{"rendered":"<h3><strong><span style=\"color: #ec008c;\">Med\u00e1l kisz\u00far\u00f3nk<\/span> <\/strong>nem csak kit\u00fcntet\u00e9skor, helyez\u00e9sek el\u00e9r\u00e9sekor haszn\u00e1lhat\u00f3. Remek lehet kar\u00e1csonykor is, szalagos adventi koszor\u00fa k\u00e9sz\u00edt\u00e9s\u00e9re is. Sz`nez\u00e9s\u00e9hez aj\u00e1nljuk<strong> <span style=\"color: #1ba6b4;\"><a style=\"color: #1ba6b4;\" href=\"https:\/\/jhcakes.com\/shop\/termekkategoria\/festekek-ecsetek\/gel-festekek\/\" target=\"_blank\" rel=\"noopener noreferrer\">g\u00e9lfest\u00e9keinket.<\/a><\/span><\/strong><strong><br \/>\n<\/strong><\/h3>\n<p>&nbsp;<\/p>\n<h3><strong>Mihez aj\u00e1nljuk a kisz\u00far\u00f3t?<\/strong><\/h3>\n<ul>\n<li>\n<h3>m\u00e9zes \u00e9s egy\u00e9b t\u00e9sztaf\u00e9l\u00e9khez<\/h3>\n<\/li>\n<li>\n<h3>fondant, cukormassza \u00e9s marcip\u00e1n form\u00e1k kisz\u00far\u00e1s\u00e1hoz<\/h3>\n<\/li>\n<\/ul>\n<h3><strong>Alapanyag:<\/strong><\/h3>\n<ul>\n<li>\n<h3>\u00f3nozott lemez, haszn\u00e1latkor formatart\u00f3 marad<\/h3>\n<\/li>\n<\/ul>\n<h3><strong>Kezel\u00e9si \u00fatmutat\u00f3:<\/strong><\/h3>\n<ul>\n<li>\n<h3>K\u00e9zzel moshat\u00f3, leveg\u0151n sz\u00e1r\u00edtand\u00f3<\/h3>\n<\/li>\n<\/ul>\n<div id=\"themify_builder_content-8974\" data-postid=\"8974\" class=\"themify_builder_content themify_builder_content-8974 themify_builder\">\n    <\/div>\n<!-- \/themify_builder_content -->","protected":false},"excerpt":{"rendered":"<h3><strong>Kisz\u00far\u00f3 m\u00e9rete:<\/strong><\/h3>\n<ul>\n<li>\n<h3>sz\u00e9less\u00e9g: \u00a0 \u00a0 68 mm<\/h3>\n<\/li>\n<li>\n<h3>magass\u00e1g: \u00a0 85 mm<\/h3>\n<\/li>\n<\/ul>\n","protected":false},"featured_media":8969,"comment_status":"closed","ping_status":"closed","template":"","meta":[],"builder_content":"","_links":{"self":[{"href":"https:\/\/jhcakes.com\/shop\/wp-json\/wp\/v2\/product\/8974"}],"collection":[{"href":"https:\/\/jhcakes.com\/shop\/wp-json\/wp\/v2\/product"}],"about":[{"href":"https:\/\/jhcakes.com\/shop\/wp-json\/wp\/v2\/types\/product"}],"replies":[{"embeddable":true,"href":"https:\/\/jhcakes.com\/shop\/wp-json\/wp\/v2\/comments?post=8974"}],"wp:featuredmedia":[{"embeddable":true,"href":"https:\/\/jhcakes.com\/shop\/wp-json\/wp\/v2\/media\/8969"}],"wp:attachment":[{"href":"https:\/\/jhcakes.com\/shop\/wp-json\/wp\/v2\/media?parent=8974"}],"curies":[{"name":"wp","href":"https:\/\/api.w.org\/{rel}","templated":true}]}}