{"id":8952,"date":"2018-04-02T13:53:49","date_gmt":"2018-04-02T11:53:49","guid":{"rendered":"https:\/\/jhcakes.com\/shop\/?post_type=product&#038;p=8952"},"modified":"2025-05-18T11:44:13","modified_gmt":"2025-05-18T09:44:13","slug":"normal-meretu-csatolocso-pme","status":"publish","type":"product","link":"https:\/\/jhcakes.com\/shop\/termek\/normal-meretu-csatolocso-pme\/","title":{"rendered":"Norm\u00e1l m\u00e9ret\u0171 PME csatol\u00f3cs\u0151"},"content":{"rendered":"<h3 style=\"text-align: justify;\"><strong><span style=\"color: #ec008c;\">Norm\u00e1l m\u00e9ret\u0171 csatol\u00f3cs\u0151\u00a0<\/span><\/strong>habzs\u00e1kos dekor\u00e1l\u00e1shoz, a m\u00e9lt\u00e1n kedvelt PME v\u00e1llalatt\u00f3l. A csatol\u00f3cs\u0151 \u00e1tl\u00e1tsz\u00f3 m\u0171anyag csomagol\u00e1sban \u00e9rkezik.<\/h3>\n<p>&nbsp;<\/p>\n<h3><strong>\u00cdr\u00f3k\u00e1zhatunk-e csatol\u00f3cs\u0151 n\u00e9lk\u00fcl?<\/strong><\/h3>\n<ul>\n<li>\n<h3>Igen. Azonban, megk\u00f6nny\u00edtj\u00fck \u00e9s meggyors\u00edtjuk munk\u00e1nkat, ha egy habzs\u00e1kba t\u00f6lt\u00f6tt glaz\u00farral t\u00f6bb fajt\u00e1j\u00fa d\u00edsz\u00edt\u00e9st is ki szeretn\u00e9nk nyomni.\u00a0P\u00e9ld\u00e1ul, ha szeretn\u00e9nk kis \u00e9s nagy glaz\u00far leveleket k\u00e9sz\u00edteni, egy sz\u00ednnel.<\/h3>\n<\/li>\n<li>\n<h3>Ha nem haszn\u00e1lunk csatol\u00f3cs\u00f6vet, akkor minden d\u00edsz\u00edt\u0151cs\u0151 v\u00e1lt\u00e1sn\u00e1l \u00fajabb habzs\u00e1kot kell megt\u00f6lten\u00fcnk. Ha haszn\u00e1lunk csatol\u00f3cs\u00f6vet, akkor a d\u00edsz\u00edt\u0151cs\u00f6vet csak lecsavarjuk a csatol\u00f3cs\u0151 v\u00e9g\u00e9r\u0151l \u00e9s azonnal \u00faj d\u00edsz\u00edt\u0151cs\u0151vel tudjunk folytatni munk\u00e1nkat.<\/h3>\n<\/li>\n<\/ul>\n<h3><strong>Alapanyag:<\/strong><\/h3>\n<ul>\n<li>\n<h3>m\u0171anyag<\/h3>\n<\/li>\n<\/ul>\n<h3 id=\"tab-description\"><strong>Kezel\u00e9si \u00fatmutat\u00f3:<\/strong><\/h3>\n<ul>\n<li>\n<h3>k\u00e9zzel moshat\u00f3, leveg\u0151n sz\u00e1r\u00edtand\u00f3<\/h3>\n<\/li>\n<\/ul>\n<div id=\"themify_builder_content-8952\" data-postid=\"8952\" class=\"themify_builder_content themify_builder_content-8952 themify_builder\">\n    <\/div>\n<!-- \/themify_builder_content -->","protected":false},"excerpt":{"rendered":"<h3><strong>Csatol\u00f3cs\u0151 m\u00e9rete:<\/strong><\/h3>\n<ul>\n<li>\n<h3>\u00e1tm\u00e9r\u0151: \u00a0 \u00a0 \u00a0 \u00a013 mm<\/h3>\n<\/li>\n<li>\n<h3>cs\u0151hossz: \u00a0 \u00a0 30 mm<\/h3>\n<\/li>\n<\/ul>\n","protected":false},"featured_media":8956,"comment_status":"closed","ping_status":"closed","template":"","meta":[],"builder_content":"","_links":{"self":[{"href":"https:\/\/jhcakes.com\/shop\/wp-json\/wp\/v2\/product\/8952"}],"collection":[{"href":"https:\/\/jhcakes.com\/shop\/wp-json\/wp\/v2\/product"}],"about":[{"href":"https:\/\/jhcakes.com\/shop\/wp-json\/wp\/v2\/types\/product"}],"replies":[{"embeddable":true,"href":"https:\/\/jhcakes.com\/shop\/wp-json\/wp\/v2\/comments?post=8952"}],"wp:featuredmedia":[{"embeddable":true,"href":"https:\/\/jhcakes.com\/shop\/wp-json\/wp\/v2\/media\/8956"}],"wp:attachment":[{"href":"https:\/\/jhcakes.com\/shop\/wp-json\/wp\/v2\/media?parent=8952"}],"curies":[{"name":"wp","href":"https:\/\/api.w.org\/{rel}","templated":true}]}}