{"id":8909,"date":"2018-04-01T10:50:27","date_gmt":"2018-04-01T08:50:27","guid":{"rendered":"https:\/\/jhcakes.com\/shop\/?post_type=product&#038;p=8909"},"modified":"2022-03-28T12:59:01","modified_gmt":"2022-03-28T10:59:01","slug":"keskeny-feju-kis-spatula","status":"publish","type":"product","link":"https:\/\/jhcakes.com\/shop\/termek\/keskeny-feju-kis-spatula\/","title":{"rendered":"Keskeny fej\u0171 kis spatula"},"content":{"rendered":"<h3 style=\"text-align: justify;\"><span style=\"color: #ec008c;\"><strong>Kis m\u00e9ret\u0171 spatula <\/strong><span style=\"color: #878787;\">tortadekor\u00e1l\u00f3knak, cukorvir\u00e1g k\u00e9sz\u00edt\u0151knek.<br \/>\nForm\u00e1ja \u00e9s nagys\u00e1ga miatt nagyon kedvelt eszk\u00f6z, mely kiv\u00e1l\u00f3 seg\u00edts\u00e9get ny\u00fajt\u00a0az al\u00e1bbi folyamotok elv\u00e9gz\u00e9s\u00e9hez:<\/span><\/span><\/h3>\n<ul>\n<li style=\"text-align: justify;\">\n<h3><span style=\"color: #ec008c;\"><span style=\"color: #878787;\">V\u00e9konyra ny\u00fajtott, massz\u00e1b\u00f3l kisz\u00fart form\u00e1k k\u00e9zhezv\u00e9tele. A kis spatul\u00e1val az esetlegesen munkalapra ragadt massza al\u00e1 ny\u00falunk, \u00edgy a kisz\u00fart, kiv\u00e1gott darab formav\u00e1ltoztat\u00e1s n\u00e9lk\u00fcl felemelhet\u0151.<\/span><\/span><\/h3>\n<\/li>\n<li style=\"text-align: justify;\">\n<h3><span style=\"color: #878787;\">Stencilez\u00e9sn\u00e9l, amikor kis m\u00e9ret\u0171 stencilt haszn\u00e1lunk vagy egy nagyobb stencil kis r\u00e9szlet\u00e9t szeretn\u00e9nk csak megjelentetni. A kis spatul\u00e1val \u00fcgyesen \u00e9s pontosan oda tudjuk kenni a glaz\u00fart, ahov\u00e1 k\u00edv\u00e1njuk.<\/span><\/h3>\n<\/li>\n<li>\n<h3>Sziromporok, l\u00fcszterporok adagol\u00e1s\u00e1n\u00e1l, a kis, keskenyed\u0151 fej\u0171 spatul\u00e1val k\u00f6nnyen a fiol\u00e1kba tudunk ny\u00falni \u00e9s t\u00faladagol\u00e1s n\u00e9lk\u00fcl, megfelel\u0151 mennyis\u00e9g\u0171 port tudunk adagolni a fest\u00e9kes palett\u00e1ba.<\/h3>\n<\/li>\n<\/ul>\n<h3><strong>Alapanyag:<\/strong><\/h3>\n<ul>\n<li>\n<h3>f\u00e9m fej, kont\u00farozott fa ny\u00e9l<\/h3>\n<\/li>\n<\/ul>\n<div id=\"themify_builder_content-8909\" data-postid=\"8909\" class=\"themify_builder_content themify_builder_content-8909 themify_builder\">\n    <\/div>\n<!-- \/themify_builder_content -->","protected":false},"excerpt":{"rendered":"<h3><strong>Spatula m\u00e9rete:<\/strong><\/h3>\n<ul>\n<li>\n<h3>teljes hossz: \u00a0 \u00a0 \u00a0 \u00a0 \u00a0 \u00a0 \u00a0 \u00a0 \u00a0 \u00a0 \u00a0 \u00a0 \u00a0240 mm<\/h3>\n<\/li>\n<li>\n<h3>keskenyed\u0151 fej hossza: \u00a0 \u00a0 \u00a0 \u00a060 mm<\/h3>\n<\/li>\n<\/ul>\n","protected":false},"featured_media":8913,"comment_status":"closed","ping_status":"closed","template":"","meta":[],"builder_content":"","_links":{"self":[{"href":"https:\/\/jhcakes.com\/shop\/wp-json\/wp\/v2\/product\/8909"}],"collection":[{"href":"https:\/\/jhcakes.com\/shop\/wp-json\/wp\/v2\/product"}],"about":[{"href":"https:\/\/jhcakes.com\/shop\/wp-json\/wp\/v2\/types\/product"}],"replies":[{"embeddable":true,"href":"https:\/\/jhcakes.com\/shop\/wp-json\/wp\/v2\/comments?post=8909"}],"wp:featuredmedia":[{"embeddable":true,"href":"https:\/\/jhcakes.com\/shop\/wp-json\/wp\/v2\/media\/8913"}],"wp:attachment":[{"href":"https:\/\/jhcakes.com\/shop\/wp-json\/wp\/v2\/media?parent=8909"}],"curies":[{"name":"wp","href":"https:\/\/api.w.org\/{rel}","templated":true}]}}