{"id":8900,"date":"2018-04-01T08:09:53","date_gmt":"2018-04-01T06:09:53","guid":{"rendered":"https:\/\/jhcakes.com\/shop\/?post_type=product&#038;p=8900"},"modified":"2023-03-05T19:43:59","modified_gmt":"2023-03-05T18:43:59","slug":"2-meretu-homorito-eszkoz","status":"publish","type":"product","link":"https:\/\/jhcakes.com\/shop\/termek\/2-meretu-homorito-eszkoz\/","title":{"rendered":"2 M\u00e9ret\u0171 Homor\u00edt\u00f3 Eszk\u00f6z"},"content":{"rendered":"<h3>Kiv\u00e1l\u00f3 min\u0151s\u00e9g\u0171 <strong><span style=\"color: #ec008c;\">Homor\u00edt\u00f3 Eszk\u00f6z<\/span><\/strong> az angliai PME c\u00e9gt\u0151l. Az eszk\u00f6z mindk\u00e9t v\u00e9g\u00e9n egy-egy, k\u00fcl\u00f6nb\u00f6z\u0151 m\u00e9ret\u0171 homor\u00edt\u00f3, sim\u00edt\u00f3 b\u00fcty\u00f6k tal\u00e1lhat\u00f3.<\/h3>\n<p>&nbsp;<\/p>\n<h3><strong>A homor\u00edt\u0151 eszk\u00f6z remek\u00fcl haszn\u00e1lhat\u00f3:<\/strong><\/h3>\n<ul>\n<li>\n<h3>modellez\u00e9shez: m\u00e9lyed\u00e9sek, sarkok sim\u00edt\u00e1s\u00e1ra<\/h3>\n<\/li>\n<li>\n<h3>cukorvir\u00e1gok k\u00e9sz\u00edt\u00e9s\u00e9hez: szirmok, levelek v\u00e9kony\u00edt\u00e1s\u00e1ra<\/h3>\n<\/li>\n<li>\n<h3>tortadekor\u00e1l\u00e1shoz: cs\u00edkok fodros\u00edt\u00e1s\u00e1ra<\/h3>\n<\/li>\n<\/ul>\n<h3><strong>Milyen alapanyagokhoz aj\u00e1nljuk a homor\u00edt\u00f3 szettet?<\/strong><\/h3>\n<ul>\n<li>\n<h3>fondanthoz<\/h3>\n<\/li>\n<li>\n<h3>marcip\u00e1nhoz<\/h3>\n<\/li>\n<li>\n<h3>cukormassz\u00e1hoz<\/h3>\n<\/li>\n<li>\n<h3>modellez\u0151 paszt\u00e1hoz<\/h3>\n<\/li>\n<\/ul>\n<h3><span style=\"color: #878787;\"><strong>Eszk\u00f6z hossza:<\/strong><\/span><\/h3>\n<ul>\n<li>\n<h3>164 mm<\/h3>\n<\/li>\n<\/ul>\n<h3><strong>Eszk\u00f6z alapanyaga:<\/strong><\/h3>\n<ul>\n<li>\n<h3>kem\u00e9ny, munkab\u00edr\u00f3 m\u0171anyag<\/h3>\n<\/li>\n<\/ul>\n<div id=\"themify_builder_content-8900\" data-postid=\"8900\" class=\"themify_builder_content themify_builder_content-8900 themify_builder\">\n    <\/div>\n<!-- \/themify_builder_content -->","protected":false},"excerpt":{"rendered":"<p>Kiv\u00e1l\u00f3 min\u0151s\u00e9g\u0171 Homor\u00edt\u00f3 Eszk\u00f6z az angliai PME c\u00e9gt\u0151l. Az eszk\u00f6z mindk\u00e9t v\u00e9g\u00e9n egy-egy, k\u00fcl\u00f6nb\u00f6z\u0151 m\u00e9ret\u0171 homor\u00edt\u00f3, sim\u00edt\u00f3 b\u00fcty\u00f6k tal\u00e1lhat\u00f3. &nbsp; A homor\u00edt\u0151 eszk\u00f6z remek\u00fcl haszn\u00e1lhat\u00f3: modellez\u00e9shez: m\u00e9lyed\u00e9sek, sarkok sim\u00edt\u00e1s\u00e1ra cukorvir\u00e1gok k\u00e9sz\u00edt\u00e9s\u00e9hez: szirmok, levelek v\u00e9kony\u00edt\u00e1s\u00e1ra tortadekor\u00e1l\u00e1shoz: cs\u00edkok fodros\u00edt\u00e1s\u00e1ra Milyen alapanyagokhoz aj\u00e1nljuk a homor\u00edt\u00f3 szettet? fondanthoz marcip\u00e1nhoz cukormassz\u00e1hoz modellez\u0151 paszt\u00e1hoz Eszk\u00f6z hossza: 164 mm Eszk\u00f6z alapanyaga: kem\u00e9ny, [&hellip;]<\/p>\n","protected":false},"featured_media":8884,"comment_status":"closed","ping_status":"closed","template":"","meta":[],"builder_content":"","_links":{"self":[{"href":"https:\/\/jhcakes.com\/shop\/wp-json\/wp\/v2\/product\/8900"}],"collection":[{"href":"https:\/\/jhcakes.com\/shop\/wp-json\/wp\/v2\/product"}],"about":[{"href":"https:\/\/jhcakes.com\/shop\/wp-json\/wp\/v2\/types\/product"}],"replies":[{"embeddable":true,"href":"https:\/\/jhcakes.com\/shop\/wp-json\/wp\/v2\/comments?post=8900"}],"wp:featuredmedia":[{"embeddable":true,"href":"https:\/\/jhcakes.com\/shop\/wp-json\/wp\/v2\/media\/8884"}],"wp:attachment":[{"href":"https:\/\/jhcakes.com\/shop\/wp-json\/wp\/v2\/media?parent=8900"}],"curies":[{"name":"wp","href":"https:\/\/api.w.org\/{rel}","templated":true}]}}