{"id":8877,"date":"2018-03-31T18:05:15","date_gmt":"2018-03-31T16:05:15","guid":{"rendered":"https:\/\/jhcakes.com\/shop\/?post_type=product&#038;p=8877"},"modified":"2023-03-05T19:43:59","modified_gmt":"2023-03-05T18:43:59","slug":"penge-es-szalag-beilleszto","status":"publish","type":"product","link":"https:\/\/jhcakes.com\/shop\/termek\/penge-es-szalag-beilleszto\/","title":{"rendered":"Penge \u00e9s Szalag Beilleszt\u0151"},"content":{"rendered":"<h3>Kiv\u00e1l\u00f3 min\u0151s\u00e9g\u0171 <strong><span style=\"color: #ec008c\">Penge \u00e9s Szalag Beilleszt\u0151 Eszk\u00f6z<\/span><\/strong>\u00a0az angliai PME c\u00e9gt\u0151l. Egy ny\u00e9lbe a penge \u00e9s a szalag beilleszt\u0151 is beszerelhet\u0151.<\/h3>\n<h3><strong><span style=\"color: #1ba6b4\">TIPP:<\/span><\/strong><br \/>\nA penge kiv\u00e1l\u00f3an alkalmas cukorvir\u00e1g szirmok, levelek kiv\u00e1g\u00e1s\u00e1ra is, amennyiben nem \u00e1ll rendelkez\u00e9s\u00fcnkre megfelel\u0151 kisz\u00far\u00f3.<\/h3>\n<p>&nbsp;<\/p>\n<h3><strong>A szalag beilleszt\u0151 eszk\u00f6z haszn\u00e1lata:<\/strong><\/h3>\n<h3>A szalag beilleszt\u0151 eszk\u00f6zt besz\u00farjuk a fondanttal bevont tort\u00e1ba, egyenl\u0151 magass\u00e1gban \u00e9s egym\u00e1st\u00f3l tetsz\u00e9s szerinti t\u00e1vols\u00e1gban. Ezzel egy egyenl\u0151 magass\u00e1g\u00fa, vertik\u00e1lis kis v\u00e1g\u00e1st k\u00e9sz\u00edtett\u00fcnk, ahov\u00e1 &#8211; ism\u00e9t haszn\u00e1lva a szalag beilleszt\u0151 eszk\u00f6zt &#8211; szalagot vagy el\u0151re elk\u00e9sz\u00edtett cukormassza cs\u00edkokat illeszt\u00fcnk. V\u00e9geredm\u00e9nyk\u00e9nt azt a l\u00e1tv\u00e1nyt kapjuk, mintha a szalag vagy cukormassza cs\u00edk a tort\u00e1ba folyamatosan be lenne f\u0171zve. Ezt a technik\u00e1t haszn\u00e1lhatjuk marcip\u00e1n figur\u00e1k ruh\u00e1zat\u00e1n\u00e1l is.<\/h3>\n<p>&nbsp;<\/p>\n<h3><strong>Milyen alapanyagokhoz aj\u00e1nljuk a penge \u00e9s szalag beilleszt\u0151 eszk\u00f6zt?<\/strong><\/h3>\n<ul>\n<li>\n<h3>fondanthoz<\/h3>\n<\/li>\n<li>\n<h3>marcip\u00e1nhoz<\/h3>\n<\/li>\n<li>\n<h3>cukormassz\u00e1hoz<\/h3>\n<\/li>\n<li>\n<h3>modellez\u0151 paszt\u00e1hoz<\/h3>\n<\/li>\n<\/ul>\n<h3><span style=\"color: #878787\"><strong>Penge \u00e9s ny\u00e9l teljes hossza:<\/strong><\/span><\/h3>\n<ul>\n<li>\n<h3>\u00a0145 mm<\/h3>\n<\/li>\n<\/ul>\n<h3><strong>Eszk\u00f6z alapanyaga:<\/strong><\/h3>\n<ul>\n<li>\n<h3>f\u00e9m ny\u00e9l, m\u0171anyag bevonattal<\/h3>\n<\/li>\n<li>\n<h3>ac\u00e9l penge \u00e9s szalag beilleszt\u0151 fej<\/h3>\n<\/li>\n<\/ul>\n<div id=\"themify_builder_content-8877\" data-postid=\"8877\" class=\"themify_builder_content themify_builder_content-8877 themify_builder\">\n    <\/div>\n<!-- \/themify_builder_content -->","protected":false},"excerpt":{"rendered":"<h3><strong>Szalag beilleszt\u0151 sz\u00e9less\u00e9ge:<\/strong><\/h3>\n<ul>\n<li>\n<h3>5 mm<\/h3>\n<\/li>\n<\/ul>\n","protected":false},"featured_media":8874,"comment_status":"closed","ping_status":"closed","template":"","meta":[],"builder_content":"","_links":{"self":[{"href":"https:\/\/jhcakes.com\/shop\/wp-json\/wp\/v2\/product\/8877"}],"collection":[{"href":"https:\/\/jhcakes.com\/shop\/wp-json\/wp\/v2\/product"}],"about":[{"href":"https:\/\/jhcakes.com\/shop\/wp-json\/wp\/v2\/types\/product"}],"replies":[{"embeddable":true,"href":"https:\/\/jhcakes.com\/shop\/wp-json\/wp\/v2\/comments?post=8877"}],"wp:featuredmedia":[{"embeddable":true,"href":"https:\/\/jhcakes.com\/shop\/wp-json\/wp\/v2\/media\/8874"}],"wp:attachment":[{"href":"https:\/\/jhcakes.com\/shop\/wp-json\/wp\/v2\/media?parent=8877"}],"curies":[{"name":"wp","href":"https:\/\/api.w.org\/{rel}","templated":true}]}}