{"id":8598,"date":"2018-01-17T19:12:05","date_gmt":"2018-01-17T18:12:05","guid":{"rendered":"https:\/\/jhcakes.com\/shop\/?post_type=product&#038;p=8598"},"modified":"2021-08-18T16:59:14","modified_gmt":"2021-08-18T14:59:14","slug":"virag-demo-tortaforma","status":"publish","type":"product","link":"https:\/\/jhcakes.com\/shop\/termek\/virag-demo-tortaforma\/","title":{"rendered":"Vir\u00e1g demo tortaforma"},"content":{"rendered":"<h3 style=\"text-align: justify;\"><strong><span style=\"color: #ec008c;\">Vir\u00e1g demo tortaform\u00e1k polisztirolb\u00f3l\u00a0<\/span><\/strong>&#8211; n\u00e9lk\u00fcl\u00f6zhetetlen hozz\u00e1val\u00f3k maradand\u00f3 bemutat\u00f3 darabok, torta portf\u00f3li\u00f3k k\u00e9sz\u00edt\u00e9s\u00e9hez.\u00a0A polisztirolb\u00f3l k\u00e9sz\u00fclt torta form\u00e1k el\u0151nye, hogy k\u00f6nny\u0171ek, nedvess\u00e9g\u00e1ll\u00f3ak \u00e9s\u00a0\u00fajrahaszn\u00e1lhat\u00f3ak.<\/h3>\n<h3>A vir\u00e1g demo tortaform\u00e1k remek\u00fcl kombin\u00e1lhat\u00f3k rendhagy\u00f3, kerek tortaform\u00e1inkkal.<\/h3>\n<p>&nbsp;<\/p>\n<h3><strong><span style=\"color: #878787;\">A demo tortaform\u00e1k bevonhat\u00f3ak:<\/span><\/strong><\/h3>\n<ul>\n<li>\n<h3>fondanttal<\/h3>\n<\/li>\n<li>\n<h3>marcip\u00e1nnal<\/h3>\n<\/li>\n<li>\n<h3>vajkr\u00e9mmel<\/h3>\n<\/li>\n<li>\n<h3>csokol\u00e1d\u00e9val<\/h3>\n<\/li>\n<li>\n<h3>modellez\u0151 csokol\u00e1d\u00e9val<\/h3>\n<\/li>\n<\/ul>\n<div id=\"themify_builder_content-8598\" data-postid=\"8598\" class=\"themify_builder_content themify_builder_content-8598 themify_builder\">\n    <\/div>\n<!-- \/themify_builder_content -->","protected":false},"excerpt":{"rendered":"<h3><strong>Demotorta m\u00e9rete:<\/strong><\/h3>\n<ul>\n<li>\n<h3>\u00e1tm\u00e9r\u0151: \u00a0 \u00a0 \u00a0 \u00a0200 mm<\/h3>\n<\/li>\n<li>\n<h3>magass\u00e1g: \u00a0 125 mm<\/h3>\n<\/li>\n<\/ul>\n","protected":false},"featured_media":20063,"comment_status":"closed","ping_status":"closed","template":"","meta":[],"builder_content":"","_links":{"self":[{"href":"https:\/\/jhcakes.com\/shop\/wp-json\/wp\/v2\/product\/8598"}],"collection":[{"href":"https:\/\/jhcakes.com\/shop\/wp-json\/wp\/v2\/product"}],"about":[{"href":"https:\/\/jhcakes.com\/shop\/wp-json\/wp\/v2\/types\/product"}],"replies":[{"embeddable":true,"href":"https:\/\/jhcakes.com\/shop\/wp-json\/wp\/v2\/comments?post=8598"}],"wp:featuredmedia":[{"embeddable":true,"href":"https:\/\/jhcakes.com\/shop\/wp-json\/wp\/v2\/media\/20063"}],"wp:attachment":[{"href":"https:\/\/jhcakes.com\/shop\/wp-json\/wp\/v2\/media?parent=8598"}],"curies":[{"name":"wp","href":"https:\/\/api.w.org\/{rel}","templated":true}]}}