{"id":8575,"date":"2018-01-11T19:50:36","date_gmt":"2018-01-11T18:50:36","guid":{"rendered":"https:\/\/jhcakes.com\/shop\/?post_type=product&#038;p=8575"},"modified":"2021-10-03T14:41:16","modified_gmt":"2021-10-03T12:41:16","slug":"mini-kiskacsa-mezes-kiszuro","status":"publish","type":"product","link":"https:\/\/jhcakes.com\/shop\/termek\/mini-kiskacsa-mezes-kiszuro\/","title":{"rendered":"Mini kiskacsa m\u00e9zes kisz\u00far\u00f3"},"content":{"rendered":"<h3 style=\"text-align: justify;\"><strong><span style=\"color: #ec008c;\">Mini kiskacsa kisz\u00far\u00f3nk\u00a0<\/span><\/strong><span style=\"color: #ec008c;\"><span style=\"color: #878787;\">h\u00fasv\u00e9ti kisz\u00far\u00f3 kollekci\u00f3nk egyik tagja. Tov\u00e1bbi h\u00fasv\u00e9ti kisz\u00far\u00f3ink <strong><span style=\"color: #1ba6b5;\"><a style=\"color: #1ba6b5;\" href=\"https:\/\/jhcakes.com\/shop\/termekkategoria\/kiszurok\/keksz-kiszurok\/husveti-mezes-kiszurok\/\" target=\"_blank\" rel=\"noopener\">ITT<\/a><\/span><\/strong> tal\u00e1lhat\u00f3ak. A h\u00fasv\u00e9ti m\u00e9zesek dekor\u00e1l\u00e1s\u00e1ra aj\u00e1nljuk <span style=\"color: #1ba6b5;\"><a style=\"color: #1ba6b5;\" href=\"https:\/\/jhcakes.com\/shop\/termekkategoria\/festekek-ecsetek\/gel-festekek\/\" target=\"_blank\" rel=\"noopener\"><strong>g\u00e9l fest\u00e9keinket<\/strong><\/a><strong>,<\/strong> <a style=\"color: #1ba6b5;\" href=\"https:\/\/jhcakes.com\/shop\/termekkategoria\/festekek-ecsetek\/\" target=\"_blank\" rel=\"noopener\"><strong>por fest\u00e9keinket<\/strong><\/a><\/span> \u00e9s <span style=\"color: #1ba6b5;\"><a style=\"color: #1ba6b5;\" href=\"https:\/\/jhcakes.com\/shop\/termekkategoria\/eheto-dekoraciok\/\" target=\"_blank\" rel=\"noopener\"><strong>dekor\u00e1l\u00f3 cukork\u00e1inkat<\/strong><\/a><strong>.<\/strong> <\/span><\/span><\/span><span style=\"color: #878787;\">\u00a0<\/span><\/h3>\n<p>&nbsp;<\/p>\n<h3><span style=\"color: #878787;\"><strong>Mihez aj\u00e1nljuk a kisz\u00far\u00f3t?<\/strong><\/span><\/h3>\n<ul>\n<li>\n<h3><span style=\"color: #878787;\">m\u00e9zes \u00e9s egy\u00e9b t\u00e9sztaf\u00e9l\u00e9khez<\/span><\/h3>\n<\/li>\n<li>\n<h3><span style=\"color: #878787;\">fondant, cukormassza \u00e9s marcip\u00e1n form\u00e1k kisz\u00far\u00e1s\u00e1hoz<\/span><\/h3>\n<\/li>\n<\/ul>\n<h3><span style=\"color: #878787;\"><strong>Alapanyag:<\/strong><\/span><\/h3>\n<ul>\n<li>\n<h3><span style=\"color: #878787;\">\u00f3nozott lemez, haszn\u00e1latkor formatart\u00f3 marad<\/span><\/h3>\n<\/li>\n<\/ul>\n<h3 id=\"tab-description\"><span style=\"color: #878787;\"><strong>Kezel\u00e9si \u00fatmutat\u00f3:<\/strong><\/span><\/h3>\n<ul>\n<li>\n<h3><span style=\"color: #878787;\">k\u00e9zzel moshat\u00f3, leveg\u0151n sz\u00e1r\u00edtand\u00f3<\/span><\/h3>\n<\/li>\n<\/ul>\n<div id=\"themify_builder_content-8575\" data-postid=\"8575\" class=\"themify_builder_content themify_builder_content-8575 themify_builder\">\n    <\/div>\n<!-- \/themify_builder_content -->","protected":false},"excerpt":{"rendered":"<h3><strong>Kisz\u00far\u00f3 m\u00e9rete:<\/strong><\/h3>\n<ul>\n<li>\n<h3>sz\u00e9less\u00e9g: \u00a0 \u00a038 mm<\/h3>\n<\/li>\n<li>\n<h3>magass\u00e1g: \u00a0 35 mm<\/h3>\n<\/li>\n<\/ul>\n","protected":false},"featured_media":8576,"comment_status":"open","ping_status":"closed","template":"","meta":[],"builder_content":"","_links":{"self":[{"href":"https:\/\/jhcakes.com\/shop\/wp-json\/wp\/v2\/product\/8575"}],"collection":[{"href":"https:\/\/jhcakes.com\/shop\/wp-json\/wp\/v2\/product"}],"about":[{"href":"https:\/\/jhcakes.com\/shop\/wp-json\/wp\/v2\/types\/product"}],"replies":[{"embeddable":true,"href":"https:\/\/jhcakes.com\/shop\/wp-json\/wp\/v2\/comments?post=8575"}],"wp:featuredmedia":[{"embeddable":true,"href":"https:\/\/jhcakes.com\/shop\/wp-json\/wp\/v2\/media\/8576"}],"wp:attachment":[{"href":"https:\/\/jhcakes.com\/shop\/wp-json\/wp\/v2\/media?parent=8575"}],"curies":[{"name":"wp","href":"https:\/\/api.w.org\/{rel}","templated":true}]}}