{"id":8482,"date":"2018-01-02T08:46:55","date_gmt":"2018-01-02T07:46:55","guid":{"rendered":"https:\/\/jhcakes.com\/shop\/?post_type=product&#038;p=8482"},"modified":"2025-12-16T19:31:39","modified_gmt":"2025-12-16T18:31:39","slug":"eheto-ezustszorat-100-mg","status":"publish","type":"product","link":"https:\/\/jhcakes.com\/shop\/termek\/eheto-ezustszorat-100-mg\/","title":{"rendered":"Ehet\u0151 ez\u00fcstsz\u00f3rat 100 mg"},"content":{"rendered":"<h3 style=\"text-align: center;\"><strong><span style=\"color: #ec008c;\">Ehet\u0151 ez\u00fcstsz\u00f3rat,\u00a0<\/span><\/strong><span style=\"color: #878787;\">a dekadencia fokoz\u00e1s\u00e1ra.<\/span><\/h3>\n<p>&nbsp;<\/p>\n<div id=\"themify_builder_content-8482\" data-postid=\"8482\" class=\"themify_builder_content themify_builder_content-8482 themify_builder\">\n    \t<!-- module_row -->\n\t<div  class=\"themify_builder_row module_row clearfix module_row_0 themify_builder_8482_row module_row_8482-0 tb_12hx004\">\n\t    \t    <div class=\"row_inner col_align_top\" >\n\t\t\t<div  class=\"module_column tb-column col-full first tb_8482_column module_column_0 module_column_8482-0-0 tb_ltar020\">\n\t    \t    \t        <div class=\"tb-column-inner\">\n\t\t    <!-- module text -->\n<div  class=\"module module-text tb_lmdk040  repeat  \">\n            <div  class=\"tb_text_wrap\">\n    <h3><span style=\"color: #878787;\">Az <span style=\"color: #ec008c;\"><strong>ehet\u0151 ez\u00fcstsz\u00f3rat<\/strong><\/span> nagyon sz\u00e9p, nagy, 2-5 mm-es darabk\u00e1kb\u00f3l tev\u0151dik \u00f6ssze.\u00a0A darabk\u00e1k folyad\u00e9kban nem old\u00f3dnak.<\/span><\/h3><h3><span style=\"color: #878787;\">Esetenk\u00e9nt el\u0151fordul, hogy kis mennyis\u00e9g\u0171 ez\u00fcstsz\u00f3rat-darabk\u00e1k \u00a0oxid\u00e1l\u00f3dottak.\u00a0<\/span><\/h3><h3>\u00a0<\/h3><h3><strong>Mihez aj\u00e1nljuk az ehet\u0151 ez\u00fcstsz\u00f3ratot?<\/strong><\/h3><ul><li><h3>luxus desszertek, bonbonok, macaronok, cake pop-ok d\u00edsz\u00edt\u00e9s\u00e9hez<\/h3><\/li><li><h3>cocktailok, pezsg\u0151k \u00e9s egy\u00e9b italok d\u00edsz\u00edt\u00e9sehez<\/h3><\/li><\/ul><h3><strong>\u00d6sszet\u00e9tel:<\/strong><\/h3><ul><li><h3>E174<\/h3><\/li><\/ul>    <\/div>\n<\/div>\n<!-- \/module text -->\n\t        <\/div>\n\t    \t<\/div>\n\t\t    <\/div>\n\t    <!-- \/row_inner -->\n\t<\/div>\n\t<!-- \/module_row -->\n\t\t<!-- module_row -->\n\t<div  class=\"themify_builder_row module_row clearfix module_row_1 themify_builder_8482_row module_row_8482-1 tb_lv3s090\">\n\t    \t    <div class=\"row_inner col_align_top\" >\n\t\t\t<div  class=\"module_column tb-column col4-2 first tb_8482_column module_column_0 module_column_8482-1-0 tb_adof790\">\n\t    \t    \t        <div class=\"tb-column-inner\">\n\t\t    <!-- module text -->\n<div  class=\"module module-text tb_6y78050  repeat  \">\n            <div  class=\"tb_text_wrap\">\n    <h3><span style=\"color: #878787;\"><strong>Nett\u00f3 tartalom:<\/strong><\/span><\/h3><ul><li><h3><strong><span style=\"color: #ec008c;\">100 mg<\/span><\/strong><\/h3><\/li><\/ul>    <\/div>\n<\/div>\n<!-- \/module text -->\n\t        <\/div>\n\t    \t<\/div>\n\t\t<div  class=\"module_column tb-column col4-2 last tb_8482_column module_column_1 module_column_8482-1-1 tb_403m082\">\n\t    \t    \t        <div class=\"tb-column-inner\">\n\t\t    <!-- module text -->\n<div  class=\"module module-text tb_y7mr700  repeat  \">\n            <div  class=\"tb_text_wrap\">\n    <h3><span style=\"color: #878787;\"><strong>Lej\u00e1rati id\u0151:<\/strong><\/span><\/h3><ul><li><h3><strong><span style=\"color: #ec008c;\">2026. december 31.<\/span><\/strong><\/h3><\/li><\/ul>    <\/div>\n<\/div>\n<!-- \/module text -->\n\t        <\/div>\n\t    \t<\/div>\n\t\t    <\/div>\n\t    <!-- \/row_inner -->\n\t<\/div>\n\t<!-- \/module_row -->\n\t<\/div>\n\n","protected":false},"excerpt":{"rendered":"<p>Ehet\u0151 ez\u00fcstsz\u00f3rat,\u00a0a dekadencia fokoz\u00e1s\u00e1ra. &nbsp; Az ehet\u0151 ez\u00fcstsz\u00f3rat nagyon sz\u00e9p, nagy, 2-5 mm-es darabk\u00e1kb\u00f3l tev\u0151dik \u00f6ssze.\u00a0A darabk\u00e1k folyad\u00e9kban nem old\u00f3dnak. Esetenk\u00e9nt el\u0151fordul, hogy kis mennyis\u00e9g\u0171 ez\u00fcstsz\u00f3rat-darabk\u00e1k \u00a0oxid\u00e1l\u00f3dottak. Mihez aj\u00e1nljuk az ehet\u0151 ez\u00fcstsz\u00f3ratot? luxus desszertek, bonbonok, macaronok, cake pop-ok d\u00edsz\u00edt\u00e9s\u00e9hez cocktailok, pezsg\u0151k \u00e9s egy\u00e9b italok d\u00edsz\u00edt\u00e9sehez \u00d6sszet\u00e9tel: E174 Nett\u00f3 tartalom: 100 mg Lej\u00e1rati id\u0151: 2026. december [&hellip;]<\/p>\n","protected":false},"featured_media":12465,"comment_status":"open","ping_status":"closed","template":"","meta":[],"builder_content":"<h3>Az <strong>ehet\u0151 ez\u00fcstsz\u00f3rat<\/strong> nagyon sz\u00e9p, nagy, 2-5 mm-es darabk\u00e1kb\u00f3l tev\u0151dik \u00f6ssze.\u00a0A darabk\u00e1k folyad\u00e9kban nem old\u00f3dnak.<\/h3><h3>Esetenk\u00e9nt el\u0151fordul, hogy kis mennyis\u00e9g\u0171 ez\u00fcstsz\u00f3rat-darabk\u00e1k \u00a0oxid\u00e1l\u00f3dottak.\u00a0<\/h3><h3>\u00a0<\/h3><h3><strong>Mihez aj\u00e1nljuk az ehet\u0151 ez\u00fcstsz\u00f3ratot?<\/strong><\/h3><ul><li><h3>luxus desszertek, bonbonok, macaronok, cake pop-ok d\u00edsz\u00edt\u00e9s\u00e9hez<\/h3><\/li><li><h3>cocktailok, pezsg\u0151k \u00e9s egy\u00e9b italok d\u00edsz\u00edt\u00e9sehez<\/h3><\/li><\/ul><h3><strong>\u00d6sszet\u00e9tel:<\/strong><\/h3><ul><li><h3>E174<\/h3><\/li><\/ul>\n<h3><strong>Nett\u00f3 tartalom:<\/strong><\/h3><ul><li><h3><strong>100 mg<\/strong><\/h3><\/li><\/ul>\n<h3><strong>Lej\u00e1rati id\u0151:<\/strong><\/h3><ul><li><h3><strong>2026. december 31.<\/strong><\/h3><\/li><\/ul>","_links":{"self":[{"href":"https:\/\/jhcakes.com\/shop\/wp-json\/wp\/v2\/product\/8482"}],"collection":[{"href":"https:\/\/jhcakes.com\/shop\/wp-json\/wp\/v2\/product"}],"about":[{"href":"https:\/\/jhcakes.com\/shop\/wp-json\/wp\/v2\/types\/product"}],"replies":[{"embeddable":true,"href":"https:\/\/jhcakes.com\/shop\/wp-json\/wp\/v2\/comments?post=8482"}],"wp:featuredmedia":[{"embeddable":true,"href":"https:\/\/jhcakes.com\/shop\/wp-json\/wp\/v2\/media\/12465"}],"wp:attachment":[{"href":"https:\/\/jhcakes.com\/shop\/wp-json\/wp\/v2\/media?parent=8482"}],"curies":[{"name":"wp","href":"https:\/\/api.w.org\/{rel}","templated":true}]}}