{"id":8436,"date":"2017-12-13T13:27:07","date_gmt":"2017-12-13T12:27:07","guid":{"rendered":"https:\/\/jhcakes.com\/shop\/?post_type=product&#038;p=8436"},"modified":"2017-12-13T13:27:07","modified_gmt":"2017-12-13T12:27:07","slug":"turkiz-kek-metalfenyu-dekor-gyongy-3-mm","status":"publish","type":"product","link":"https:\/\/jhcakes.com\/shop\/termek\/turkiz-kek-metalfenyu-dekor-gyongy-3-mm\/","title":{"rendered":"T\u00fcrkiz K\u00e9k Met\u00e1lf\u00e9ny\u0171 Dekor Gy\u00f6ngy 3 mm"},"content":{"rendered":"<div id=\"themify_builder_content-8436\" data-postid=\"8436\" class=\"themify_builder_content themify_builder_content-8436 themify_builder\">\n    <\/div>\n<!-- \/themify_builder_content -->","protected":false},"excerpt":{"rendered":"","protected":false},"featured_media":0,"comment_status":"closed","ping_status":"closed","template":"","meta":[],"builder_content":"","_links":{"self":[{"href":"https:\/\/jhcakes.com\/shop\/wp-json\/wp\/v2\/product\/8436"}],"collection":[{"href":"https:\/\/jhcakes.com\/shop\/wp-json\/wp\/v2\/product"}],"about":[{"href":"https:\/\/jhcakes.com\/shop\/wp-json\/wp\/v2\/types\/product"}],"replies":[{"embeddable":true,"href":"https:\/\/jhcakes.com\/shop\/wp-json\/wp\/v2\/comments?post=8436"}],"wp:attachment":[{"href":"https:\/\/jhcakes.com\/shop\/wp-json\/wp\/v2\/media?parent=8436"}],"curies":[{"name":"wp","href":"https:\/\/api.w.org\/{rel}","templated":true}]}}