{"id":8290,"date":"2017-10-05T17:26:46","date_gmt":"2017-10-05T15:26:46","guid":{"rendered":"https:\/\/jhcakes.com\/shop\/?post_type=product&#038;p=8290"},"modified":"2017-10-05T17:26:46","modified_gmt":"2017-10-05T15:26:46","slug":"nagy-mezei-virag-kiszuro","status":"publish","type":"product","link":"https:\/\/jhcakes.com\/shop\/termek\/nagy-mezei-virag-kiszuro\/","title":{"rendered":"Nagy Mezei Vir\u00e1g Kisz\u00far\u00f3"},"content":{"rendered":"<div id=\"themify_builder_content-8290\" data-postid=\"8290\" class=\"themify_builder_content themify_builder_content-8290 themify_builder\">\n    <\/div>\n<!-- \/themify_builder_content -->","protected":false},"excerpt":{"rendered":"","protected":false},"featured_media":0,"comment_status":"closed","ping_status":"closed","template":"","meta":[],"builder_content":"","_links":{"self":[{"href":"https:\/\/jhcakes.com\/shop\/wp-json\/wp\/v2\/product\/8290"}],"collection":[{"href":"https:\/\/jhcakes.com\/shop\/wp-json\/wp\/v2\/product"}],"about":[{"href":"https:\/\/jhcakes.com\/shop\/wp-json\/wp\/v2\/types\/product"}],"replies":[{"embeddable":true,"href":"https:\/\/jhcakes.com\/shop\/wp-json\/wp\/v2\/comments?post=8290"}],"wp:attachment":[{"href":"https:\/\/jhcakes.com\/shop\/wp-json\/wp\/v2\/media?parent=8290"}],"curies":[{"name":"wp","href":"https:\/\/api.w.org\/{rel}","templated":true}]}}