{"id":8190,"date":"2017-09-01T13:44:38","date_gmt":"2017-09-01T11:44:38","guid":{"rendered":"https:\/\/jhcakes.com\/shop\/?post_type=product&#038;p=8190"},"modified":"2022-11-23T18:03:37","modified_gmt":"2022-11-23T17:03:37","slug":"mini-hintalo-mezes-kiszuro","status":"publish","type":"product","link":"https:\/\/jhcakes.com\/shop\/termek\/mini-hintalo-mezes-kiszuro\/","title":{"rendered":"Mini hintal\u00f3 m\u00e9zes kisz\u00far\u00f3"},"content":{"rendered":"<h3><span style=\"color: #878787;\"><strong><span style=\"color: #ec008c;\">Mini hintal\u00f3 kisz\u00far\u00f3<\/span>\u00a0<\/strong>kicsiknek, nagyoknak, \u00a0A hintal\u00f3 m\u00e9zeseket egyediv\u00e9 var\u00e1zsolhatjuk saj\u00e1t k\u00e9sz\u00edt\u00e9s\u0171 glaz\u00far d\u00edsz\u00edt\u00e9ssel, melyhez aj\u00e1nljuk<\/span><strong>\u00a0<span style=\"color: #1ba6b4;\"><a style=\"color: #1ba6b4;\" href=\"https:\/\/jhcakes.com\/shop\/termekkategoria\/festekek-ecsetek\/gel-festekek\/\" target=\"_blank\" rel=\"noopener noreferrer\">g\u00e9lfest\u00e9keinket.<\/a><\/span><\/strong><\/h3>\n<p>&nbsp;<\/p>\n<h3><span style=\"color: #878787;\"><strong>Mihez aj\u00e1nljuk a kisz\u00far\u00f3t?<\/strong><\/span><\/h3>\n<ul>\n<li>\n<h3><span style=\"color: #878787;\">m\u00e9zes \u00e9s egy\u00e9b t\u00e9sztaf\u00e9l\u00e9khez<\/span><\/h3>\n<\/li>\n<li>\n<h3><span style=\"color: #878787;\">fondant, cukormassza \u00e9s marcip\u00e1n form\u00e1k kisz\u00far\u00e1s\u00e1hoz<\/span><\/h3>\n<\/li>\n<\/ul>\n<h3><span style=\"color: #878787;\"><strong>Alapanyag:<\/strong><\/span><\/h3>\n<ul>\n<li>\n<h3><span style=\"color: #878787;\">\u00f3nozott lemez, haszn\u00e1latkor formatart\u00f3 marad<\/span><\/h3>\n<\/li>\n<\/ul>\n<h3><span style=\"color: #878787;\"><strong>Kezel\u00e9si \u00fatmutat\u00f3:<\/strong><\/span><\/h3>\n<ul>\n<li>\n<h3><span style=\"color: #878787;\">k\u00e9zzel moshat\u00f3, leveg\u0151n sz\u00e1r\u00edtand\u00f3<\/span><\/h3>\n<\/li>\n<\/ul>\n<div id=\"themify_builder_content-8190\" data-postid=\"8190\" class=\"themify_builder_content themify_builder_content-8190 themify_builder\">\n    <\/div>\n<!-- \/themify_builder_content -->","protected":false},"excerpt":{"rendered":"<h3><strong>Kisz\u00far\u00f3 m\u00e9rete:<\/strong><\/h3>\n<ul>\n<li>\n<h3>sz\u00e9less\u00e9g: \u00a0 \u00a042 mm<\/h3>\n<\/li>\n<li>\n<h3>magass\u00e1g: \u00a0 38 mm<\/h3>\n<\/li>\n<\/ul>\n","protected":false},"featured_media":8186,"comment_status":"closed","ping_status":"closed","template":"","meta":[],"builder_content":"","_links":{"self":[{"href":"https:\/\/jhcakes.com\/shop\/wp-json\/wp\/v2\/product\/8190"}],"collection":[{"href":"https:\/\/jhcakes.com\/shop\/wp-json\/wp\/v2\/product"}],"about":[{"href":"https:\/\/jhcakes.com\/shop\/wp-json\/wp\/v2\/types\/product"}],"replies":[{"embeddable":true,"href":"https:\/\/jhcakes.com\/shop\/wp-json\/wp\/v2\/comments?post=8190"}],"wp:featuredmedia":[{"embeddable":true,"href":"https:\/\/jhcakes.com\/shop\/wp-json\/wp\/v2\/media\/8186"}],"wp:attachment":[{"href":"https:\/\/jhcakes.com\/shop\/wp-json\/wp\/v2\/media?parent=8190"}],"curies":[{"name":"wp","href":"https:\/\/api.w.org\/{rel}","templated":true}]}}