{"id":8048,"date":"2017-08-24T09:11:01","date_gmt":"2017-08-24T07:11:01","guid":{"rendered":"https:\/\/jhcakes.com\/shop\/?post_type=product&#038;p=8048"},"modified":"2023-05-31T22:58:49","modified_gmt":"2023-05-31T20:58:49","slug":"holeanyka-sallal-mezes-kiszuro","status":"publish","type":"product","link":"https:\/\/jhcakes.com\/shop\/termek\/holeanyka-sallal-mezes-kiszuro\/","title":{"rendered":"H\u00f3le\u00e1nyka S\u00e1llal M\u00e9zes Kisz\u00far\u00f3"},"content":{"rendered":"<h3 style=\"text-align: justify\"><span style=\"color: #878787\"><span style=\"color: #ec008c\"><strong>H\u00f3le\u00e1nyka Kisz\u00far\u00f3\u00a0<\/strong>\u00a0<\/span>a h\u00f3emberek mell\u00e9!\u00a0<\/span><\/h3>\n<p>&nbsp;<\/p>\n<h3><strong>Mihez Aj\u00e1nljuk a Kisz\u00far\u00f3t?<\/strong><\/h3>\n<ul>\n<li>\n<h3>M\u00e9zes \u00e9s egy\u00e9b t\u00e9sztaf\u00e9l\u00e9khez<\/h3>\n<\/li>\n<li>\n<h3>Fondant, cukormassza \u00e9s marcip\u00e1n form\u00e1k kisz\u00far\u00e1s\u00e1hoz<\/h3>\n<\/li>\n<\/ul>\n<h3><strong>Alapanyag:<\/strong><\/h3>\n<ul>\n<li>\n<h3>\u00d3nozott lemez, haszn\u00e1latkor formatart\u00f3 marad<\/h3>\n<\/li>\n<\/ul>\n<h3><strong>Kezel\u00e9si \u00datmutat\u00f3:<\/strong><\/h3>\n<ul>\n<li>\n<h3>K\u00e9zzel moshat\u00f3, leveg\u0151n sz\u00e1r\u00edtand\u00f3<\/h3>\n<\/li>\n<\/ul>\n<div id=\"themify_builder_content-8048\" data-postid=\"8048\" class=\"themify_builder_content themify_builder_content-8048 themify_builder\">\n    <\/div>\n<!-- \/themify_builder_content -->","protected":false},"excerpt":{"rendered":"<h3><strong>Kisz\u00far\u00f3 M\u00e9rete:<\/strong><\/h3>\n<ul>\n<li>\n<h3>Sz\u00e9less\u00e9g: \u00a060 mm<\/h3>\n<\/li>\n<li>\n<h3>Magass\u00e1g: \u00a075 mm<\/h3>\n<\/li>\n<\/ul>\n","protected":false},"featured_media":8050,"comment_status":"open","ping_status":"closed","template":"","meta":[],"builder_content":"","_links":{"self":[{"href":"https:\/\/jhcakes.com\/shop\/wp-json\/wp\/v2\/product\/8048"}],"collection":[{"href":"https:\/\/jhcakes.com\/shop\/wp-json\/wp\/v2\/product"}],"about":[{"href":"https:\/\/jhcakes.com\/shop\/wp-json\/wp\/v2\/types\/product"}],"replies":[{"embeddable":true,"href":"https:\/\/jhcakes.com\/shop\/wp-json\/wp\/v2\/comments?post=8048"}],"wp:featuredmedia":[{"embeddable":true,"href":"https:\/\/jhcakes.com\/shop\/wp-json\/wp\/v2\/media\/8050"}],"wp:attachment":[{"href":"https:\/\/jhcakes.com\/shop\/wp-json\/wp\/v2\/media?parent=8048"}],"curies":[{"name":"wp","href":"https:\/\/api.w.org\/{rel}","templated":true}]}}