{"id":8047,"date":"2017-08-24T08:59:37","date_gmt":"2017-08-24T06:59:37","guid":{"rendered":"https:\/\/jhcakes.com\/shop\/?post_type=product&#038;p=8047"},"modified":"2023-09-25T14:49:24","modified_gmt":"2023-09-25T12:49:24","slug":"linzer-rud-mezes-kiszuro","status":"publish","type":"product","link":"https:\/\/jhcakes.com\/shop\/termek\/linzer-rud-mezes-kiszuro\/","title":{"rendered":"Linzerr\u00fad m\u00e9zes kisz\u00far\u00f3"},"content":{"rendered":"<h3><strong><span style=\"color: #ec008c;\">Linzerr\u00fad kisz\u00far\u00f3<\/span>\u00a0<\/strong><span style=\"color: #878787;\">nagyon cuki linzerek vagy ak\u00e1r m\u00e9zes lapocsk\u00e1k kisz\u00far\u00e1s\u00e1ra, minden alkalomra. \u00dcltet\u0151 k\u00e1rty\u00e1nak is kiv\u00e1l\u00f3 lehet.<strong><br \/>\n<\/strong><\/span><\/h3>\n<p>&nbsp;<\/p>\n<h3><strong>Mihez aj\u00e1nljuk a kisz\u00far\u00f3t?<\/strong><\/h3>\n<ul>\n<li>\n<h3>m\u00e9zes \u00e9s egy\u00e9b t\u00e9sztaf\u00e9l\u00e9khez<\/h3>\n<\/li>\n<li>\n<h3>fondant, cukormassza \u00e9s marcip\u00e1n form\u00e1k kisz\u00far\u00e1s\u00e1hoz<\/h3>\n<\/li>\n<\/ul>\n<h3><strong>Alapanyag:<\/strong><\/h3>\n<ul>\n<li>\n<h3>\u00f3nozott lemez, haszn\u00e1latkor formatart\u00f3 marad<\/h3>\n<\/li>\n<\/ul>\n<h3 id=\"tab-description\"><strong>Kezel\u00e9si \u00fatmutat\u00f3:<\/strong><\/h3>\n<ul>\n<li>\n<h3>k\u00e9zzel moshat\u00f3, leveg\u0151n sz\u00e1r\u00edtand\u00f3<\/h3>\n<\/li>\n<\/ul>\n<div id=\"themify_builder_content-8047\" data-postid=\"8047\" class=\"themify_builder_content themify_builder_content-8047 themify_builder\">\n    <\/div>\n<!-- \/themify_builder_content -->","protected":false},"excerpt":{"rendered":"<h3><strong>Kisz\u00far\u00f3 m\u00e9rete:<\/strong><\/h3>\n<ul>\n<li>\n<h3>sz\u00e9less\u00e9g: \u00a0 \u00a0 75 mm<\/h3>\n<\/li>\n<li>\n<h3>magass\u00e1g: \u00a0 25 mm<\/h3>\n<\/li>\n<\/ul>\n","protected":false},"featured_media":14138,"comment_status":"open","ping_status":"closed","template":"","meta":[],"builder_content":"","_links":{"self":[{"href":"https:\/\/jhcakes.com\/shop\/wp-json\/wp\/v2\/product\/8047"}],"collection":[{"href":"https:\/\/jhcakes.com\/shop\/wp-json\/wp\/v2\/product"}],"about":[{"href":"https:\/\/jhcakes.com\/shop\/wp-json\/wp\/v2\/types\/product"}],"replies":[{"embeddable":true,"href":"https:\/\/jhcakes.com\/shop\/wp-json\/wp\/v2\/comments?post=8047"}],"wp:featuredmedia":[{"embeddable":true,"href":"https:\/\/jhcakes.com\/shop\/wp-json\/wp\/v2\/media\/14138"}],"wp:attachment":[{"href":"https:\/\/jhcakes.com\/shop\/wp-json\/wp\/v2\/media?parent=8047"}],"curies":[{"name":"wp","href":"https:\/\/api.w.org\/{rel}","templated":true}]}}