{"id":7787,"date":"2017-08-01T13:16:25","date_gmt":"2017-08-01T11:16:25","guid":{"rendered":"https:\/\/jhcakes.com\/shop\/termek\/nagy-folklor-sziv-kiszuro\/"},"modified":"2023-05-31T22:46:17","modified_gmt":"2023-05-31T20:46:17","slug":"nagy-folklor-sziv-kiszuro","status":"publish","type":"product","link":"https:\/\/jhcakes.com\/shop\/termek\/nagy-folklor-sziv-kiszuro\/","title":{"rendered":"Nagy folkl\u00f3r sz\u00edv kisz\u00far\u00f3"},"content":{"rendered":"<h3 style=\"text-align: justify;\"><span style=\"color: #ec008c;\"><strong>Nagy folkl\u00f3r sz\u00edv kisz\u00far\u00f3inkkal <\/strong><span style=\"color: #878787;\">j\u00e1t\u00e9kos form\u00e1j\u00fa szivek k\u00e9sz\u00edthet\u0151k. Mini \u00e9s k\u00f6zepes m\u00e9ret\u0171 folkl\u00f3r kisz\u00far\u00f3ink is vannak, amennyiben egy\u00e9b m\u00e9retekre is sz\u00fcks\u00e9g lenne :).<\/span><\/span><span style=\"color: #878787;\"><br \/>\n<\/span><\/h3>\n<p>&nbsp;<\/p>\n<h3><strong>Mihez aj\u00e1nljuk a kisz\u00far\u00f3t?<\/strong><\/h3>\n<ul>\n<li>\n<h3>m\u00e9zes \u00e9s egy\u00e9b t\u00e9sztaf\u00e9l\u00e9khez<\/h3>\n<\/li>\n<li>\n<h3>fondant, cukormassza \u00e9s marcip\u00e1n form\u00e1k kisz\u00far\u00e1s\u00e1hoz<\/h3>\n<\/li>\n<\/ul>\n<h3><strong>Alapanyag:<\/strong><\/h3>\n<ul>\n<li>\n<h3>\u00f3nozott lemez, haszn\u00e1latkor formatart\u00f3 marad<\/h3>\n<\/li>\n<\/ul>\n<h3 id=\"tab-description\"><strong>Kezel\u00e9si \u00fatmutat\u00f3:<\/strong><\/h3>\n<ul>\n<li>\n<h3>k\u00e9zzel moshat\u00f3, leveg\u0151n sz\u00e1r\u00edtand\u00f3<\/h3>\n<\/li>\n<\/ul>\n<div id=\"themify_builder_content-7787\" data-postid=\"7787\" class=\"themify_builder_content themify_builder_content-7787 themify_builder\">\n    <\/div>\n<!-- \/themify_builder_content -->","protected":false},"excerpt":{"rendered":"<h3><strong>Kisz\u00far\u00f3 m\u00e9rete:<\/strong><\/h3>\n<ul>\n<li>\n<h3>sz\u00e9less\u00e9g: \u00a0 \u00a0 \u00a0 \u00a0 55 mm<\/h3>\n<\/li>\n<li>\n<h3>magass\u00e1g: \u00a0 \u00a0 \u00a0 \u00a082 mm<\/h3>\n<\/li>\n<\/ul>\n","protected":false},"featured_media":7785,"comment_status":"open","ping_status":"closed","template":"","meta":[],"builder_content":"","_links":{"self":[{"href":"https:\/\/jhcakes.com\/shop\/wp-json\/wp\/v2\/product\/7787"}],"collection":[{"href":"https:\/\/jhcakes.com\/shop\/wp-json\/wp\/v2\/product"}],"about":[{"href":"https:\/\/jhcakes.com\/shop\/wp-json\/wp\/v2\/types\/product"}],"replies":[{"embeddable":true,"href":"https:\/\/jhcakes.com\/shop\/wp-json\/wp\/v2\/comments?post=7787"}],"wp:featuredmedia":[{"embeddable":true,"href":"https:\/\/jhcakes.com\/shop\/wp-json\/wp\/v2\/media\/7785"}],"wp:attachment":[{"href":"https:\/\/jhcakes.com\/shop\/wp-json\/wp\/v2\/media?parent=7787"}],"curies":[{"name":"wp","href":"https:\/\/api.w.org\/{rel}","templated":true}]}}