{"id":7740,"date":"2017-07-06T14:01:21","date_gmt":"2017-07-06T12:01:21","guid":{"rendered":"https:\/\/jhcakes.com\/shop\/termek\/lekonyulo-bajusz-kiszuro\/"},"modified":"2022-10-13T10:04:50","modified_gmt":"2022-10-13T08:04:50","slug":"telapo-bajusz-kiszuro","status":"publish","type":"product","link":"https:\/\/jhcakes.com\/shop\/termek\/telapo-bajusz-kiszuro\/","title":{"rendered":"T\u00e9lap\u00f3 bajusz kisz\u00far\u00f3"},"content":{"rendered":"<h3><strong><span style=\"color: #ec008c;\">T\u00e9lap\u00f3 bajusz kisz\u00far\u00f3nkkal<\/span>\u00a0<\/strong><span style=\"color: #878787;\">k\u00e9sz\u00edthet\u00fcnk fondant form\u00e1t tortadekor\u00e1l\u00e1sra, linzer pop-okat desszert asztalra \u00e9s haszn\u00e1lhatjuk a kisz\u00far\u00f3t k\u00f6sz\u00f6n\u0151aj\u00e1nd\u00e9knak sz\u00e1nt m\u00e9zesek k\u00e9sz\u00edt\u00e9s\u00e9re is.<\/span><\/h3>\n<p>&nbsp;<\/p>\n<h3><strong>Mihez aj\u00e1nljuk a kisz\u00far\u00f3t?<\/strong><\/h3>\n<ul>\n<li>\n<h3>m\u00e9zes \u00e9s egy\u00e9b t\u00e9sztaf\u00e9l\u00e9khez<\/h3>\n<\/li>\n<li>\n<h3>fondant, cukormassza \u00e9s marcip\u00e1n form\u00e1k kisz\u00far\u00e1s\u00e1hoz<\/h3>\n<\/li>\n<\/ul>\n<h3><strong>Alapanyag:<\/strong><\/h3>\n<ul>\n<li>\n<h3>\u00f3nozott lemez, haszn\u00e1latkor formatart\u00f3 marad<\/h3>\n<\/li>\n<\/ul>\n<h3 id=\"tab-description\"><strong>Kezel\u00e9si \u00fatmutat\u00f3:<\/strong><\/h3>\n<ul>\n<li>\n<h3>k\u00e9zzel moshat\u00f3, leveg\u0151n sz\u00e1r\u00edtand\u00f3<\/h3>\n<\/li>\n<\/ul>\n<div id=\"themify_builder_content-7740\" data-postid=\"7740\" class=\"themify_builder_content themify_builder_content-7740 themify_builder\">\n    <\/div>\n<!-- \/themify_builder_content -->","protected":false},"excerpt":{"rendered":"<h3><strong>Kisz\u00far\u00f3 m\u00e9rete:<\/strong><\/h3>\n<ul>\n<li>\n<h3>sz\u00e9less\u00e9g: \u00a0 \u00a0 100 mm<\/h3>\n<\/li>\n<li>\n<h3>magass\u00e1g: \u00a0 \u00a0 \u00a050 mm<\/h3>\n<\/li>\n<\/ul>\n","protected":false},"featured_media":14237,"comment_status":"closed","ping_status":"closed","template":"","meta":[],"builder_content":"","_links":{"self":[{"href":"https:\/\/jhcakes.com\/shop\/wp-json\/wp\/v2\/product\/7740"}],"collection":[{"href":"https:\/\/jhcakes.com\/shop\/wp-json\/wp\/v2\/product"}],"about":[{"href":"https:\/\/jhcakes.com\/shop\/wp-json\/wp\/v2\/types\/product"}],"replies":[{"embeddable":true,"href":"https:\/\/jhcakes.com\/shop\/wp-json\/wp\/v2\/comments?post=7740"}],"wp:featuredmedia":[{"embeddable":true,"href":"https:\/\/jhcakes.com\/shop\/wp-json\/wp\/v2\/media\/14237"}],"wp:attachment":[{"href":"https:\/\/jhcakes.com\/shop\/wp-json\/wp\/v2\/media?parent=7740"}],"curies":[{"name":"wp","href":"https:\/\/api.w.org\/{rel}","templated":true}]}}