{"id":7554,"date":"2017-06-21T10:56:27","date_gmt":"2017-06-21T08:56:27","guid":{"rendered":"https:\/\/jhcakes.com\/shop\/termek\/topanka-par-kiszuro\/"},"modified":"2025-01-04T20:15:56","modified_gmt":"2025-01-04T19:15:56","slug":"masnis-topankak-kiszuro","status":"publish","type":"product","link":"https:\/\/jhcakes.com\/shop\/termek\/masnis-topankak-kiszuro\/","title":{"rendered":"Masnis Top\u00e1nk\u00e1k kisz\u00far\u00f3"},"content":{"rendered":"<h3><span style=\"color: #878787;\">Nagyon csinos \u00e9s nagyon r\u00e9szletesen megmunk\u00e1lt\u00a0<\/span><strong><span style=\"color: #ec008c;\">masnis top\u00e1nk\u00e1k kisz\u00far\u00f3t<\/span><\/strong><span style=\"color: #878787;\">\u00a0haszn\u00e1lhatjuk egyed\u00fck is, vagy divatos m\u00e9zesszett r\u00e9szek\u00e9nt. A<\/span><strong><span style=\"color: #ec008c;\">\u00a0<\/span><\/strong><span style=\"color: #878787;\">kisz\u00far\u00f3 bels\u0151\u00a0mint\u00e1i b\u00e9lyegz\u0151k\u00e9nt a m\u00e9zesbe nyom\u00f3dnak, nem v\u00e1gj\u00e1k el a massz\u00e1t. Tov\u00e1bbi divat jelleg\u0171\u00a0kisz\u00far\u00f3inkhoz katt <span style=\"color: #1ba6b4;\"><a style=\"color: #1ba6b4;\" href=\"https:\/\/jhcakes.com\/shop\/termekkategoria\/mezes-kiszurok\/divat-keksz-kiszurok\/\" target=\"_blank\" rel=\"noopener noreferrer\"><strong>IDE.<\/strong><\/a><\/span><\/span><\/h3>\n<p>&nbsp;<\/p>\n<h3><strong><span style=\"color: #878787;\">Mihez aj\u00e1nljuk a kisz\u00far\u00f3t?<\/span><\/strong><\/h3>\n<ul>\n<li>\n<h3><span style=\"color: #878787;\">m\u00e9zes \u00e9s egy\u00e9b t\u00e9sztaf\u00e9l\u00e9khez<\/span><\/h3>\n<\/li>\n<li>\n<h3><span style=\"color: #878787;\">fondant, cukormassza \u00e9s marcip\u00e1n form\u00e1k kisz\u00far\u00e1s\u00e1hoz<\/span><\/h3>\n<\/li>\n<\/ul>\n<h3><strong><span style=\"color: #878787;\">Alapanyag:<\/span><\/strong><\/h3>\n<ul>\n<li>\n<h3><span style=\"color: #878787;\">rozsdamentes ac\u00e9l,\u00a0haszn\u00e1latkor formatart\u00f3 marad<\/span><\/h3>\n<\/li>\n<\/ul>\n<h3 id=\"tab-description\"><strong><span style=\"color: #878787;\">Kezel\u00e9si \u00fatmutat\u00f3:<\/span><\/strong><\/h3>\n<ul>\n<li>\n<h3><span style=\"color: #878787;\">k\u00e9zzel moshat\u00f3, leveg\u0151n sz\u00e1r\u00edtand\u00f3<\/span><\/h3>\n<\/li>\n<\/ul>\n<div id=\"themify_builder_content-7554\" data-postid=\"7554\" class=\"themify_builder_content themify_builder_content-7554 themify_builder\">\n    <\/div>\n<!-- \/themify_builder_content -->","protected":false},"excerpt":{"rendered":"<h3><strong>Kisz\u00far\u00f3 k\u00e9rete:<\/strong><\/h3>\n<ul>\n<li>\n<h3>sz\u00e9less\u00e9g: \u00a0 \u00a0 \u00a0 \u00a051 mm<\/h3>\n<\/li>\n<li>\n<h3>magass\u00e1g: \u00a0 \u00a0 60 mm<\/h3>\n<\/li>\n<\/ul>\n","protected":false},"featured_media":7548,"comment_status":"closed","ping_status":"closed","template":"","meta":[],"builder_content":"","_links":{"self":[{"href":"https:\/\/jhcakes.com\/shop\/wp-json\/wp\/v2\/product\/7554"}],"collection":[{"href":"https:\/\/jhcakes.com\/shop\/wp-json\/wp\/v2\/product"}],"about":[{"href":"https:\/\/jhcakes.com\/shop\/wp-json\/wp\/v2\/types\/product"}],"replies":[{"embeddable":true,"href":"https:\/\/jhcakes.com\/shop\/wp-json\/wp\/v2\/comments?post=7554"}],"wp:featuredmedia":[{"embeddable":true,"href":"https:\/\/jhcakes.com\/shop\/wp-json\/wp\/v2\/media\/7548"}],"wp:attachment":[{"href":"https:\/\/jhcakes.com\/shop\/wp-json\/wp\/v2\/media?parent=7554"}],"curies":[{"name":"wp","href":"https:\/\/api.w.org\/{rel}","templated":true}]}}