{"id":7539,"date":"2017-06-21T09:59:02","date_gmt":"2017-06-21T07:59:02","guid":{"rendered":"https:\/\/jhcakes.com\/shop\/termek\/eper-mezes-kiszuro\/"},"modified":"2023-09-25T14:49:24","modified_gmt":"2023-09-25T12:49:24","slug":"eper-mezes-kiszuro","status":"publish","type":"product","link":"https:\/\/jhcakes.com\/shop\/termek\/eper-mezes-kiszuro\/","title":{"rendered":"Eperke m\u00e9zes kisz\u00far\u00f3"},"content":{"rendered":"<h3><strong><span style=\"color: #ec008c\">Eperke kisz\u00far\u00f3<\/span><\/strong><span style=\"color: #878787\">\u00a0desszert asztalokra, b\u00e1rmikorra.\u00a0Tov\u00e1bbi ny\u00e1ri kisz\u00far\u00f3inkhoz katt <span style=\"color: #1ba6b4\"><strong><a style=\"color: #1ba6b4\" href=\"https:\/\/jhcakes.com\/shop\/termekkategoria\/mezes-kiszurok\/nyari-mezes-kiszurok\/\" target=\"_blank\" rel=\"noopener noreferrer\">IDE.<\/a><\/strong><\/span><\/span><\/h3>\n<p>&nbsp;<\/p>\n<h3><strong><span style=\"color: #878787\">Mihez aj\u00e1nljuk a kisz\u00far\u00f3t?<\/span><\/strong><\/h3>\n<ul>\n<li>\n<h3><span style=\"color: #878787\">m\u00e9zes \u00e9s egy\u00e9b t\u00e9sztaf\u00e9l\u00e9khez<\/span><\/h3>\n<\/li>\n<li>\n<h3><span style=\"color: #878787\">fondant, cukormassza \u00e9s marcip\u00e1n form\u00e1k kisz\u00far\u00e1s\u00e1hoz<\/span><\/h3>\n<\/li>\n<\/ul>\n<h3><strong><span style=\"color: #878787\">Alapanyag:<\/span><\/strong><\/h3>\n<ul>\n<li>\n<h3><span style=\"color: #878787\">\u00f3nozott lemez, haszn\u00e1latkor formatart\u00f3 marad<\/span><\/h3>\n<\/li>\n<\/ul>\n<h3 id=\"tab-description\"><strong><span style=\"color: #878787\">Kezel\u00e9si \u00fatmutat\u00f3:<\/span><\/strong><\/h3>\n<ul>\n<li>\n<h3><span style=\"color: #878787\">k\u00e9zzel moshat\u00f3, leveg\u0151n sz\u00e1r\u00edtand\u00f3<\/span><\/h3>\n<\/li>\n<\/ul>\n<div id=\"themify_builder_content-7539\" data-postid=\"7539\" class=\"themify_builder_content themify_builder_content-7539 themify_builder\">\n    <\/div>\n<!-- \/themify_builder_content -->","protected":false},"excerpt":{"rendered":"<h3><strong>Kisz\u00far\u00f3 m\u00e9rete:<\/strong><\/h3>\n<ul>\n<li>\n<h3>sz\u00e9less\u00e9g: \u00a0 \u00a087 mm<\/h3>\n<\/li>\n<li>\n<h3>magass\u00e1g: \u00a065 mm<\/h3>\n<\/li>\n<\/ul>\n","protected":false},"featured_media":9650,"comment_status":"closed","ping_status":"closed","template":"","meta":[],"builder_content":"","_links":{"self":[{"href":"https:\/\/jhcakes.com\/shop\/wp-json\/wp\/v2\/product\/7539"}],"collection":[{"href":"https:\/\/jhcakes.com\/shop\/wp-json\/wp\/v2\/product"}],"about":[{"href":"https:\/\/jhcakes.com\/shop\/wp-json\/wp\/v2\/types\/product"}],"replies":[{"embeddable":true,"href":"https:\/\/jhcakes.com\/shop\/wp-json\/wp\/v2\/comments?post=7539"}],"wp:featuredmedia":[{"embeddable":true,"href":"https:\/\/jhcakes.com\/shop\/wp-json\/wp\/v2\/media\/9650"}],"wp:attachment":[{"href":"https:\/\/jhcakes.com\/shop\/wp-json\/wp\/v2\/media?parent=7539"}],"curies":[{"name":"wp","href":"https:\/\/api.w.org\/{rel}","templated":true}]}}