{"id":7357,"date":"2017-06-01T07:13:58","date_gmt":"2017-06-01T05:13:58","guid":{"rendered":"http:\/\/jhcakes.com\/shop\/termek\/babakocsi-mezes-kiszuro\/"},"modified":"2023-06-30T19:56:27","modified_gmt":"2023-06-30T17:56:27","slug":"babakocsi-mezes-kiszuro","status":"publish","type":"product","link":"https:\/\/jhcakes.com\/shop\/termek\/babakocsi-mezes-kiszuro\/","title":{"rendered":"Babakocsi m\u00e9zes kisz\u00far\u00f3"},"content":{"rendered":"<h3><strong><span style=\"color: #ec008c;\">Babakocsi kisz\u00far\u00f3nkkal<\/span>\u00a0<\/strong><span style=\"color: #878787;\">nagyon aranyos babav\u00e1r\u00f3 m\u00e9zesek, linzerek k\u00e9sz\u00edthet\u0151k. A kisz\u00far\u00f3 kiv\u00e1l\u00f3 m\u00e9rete miatt n\u00e9vvel, \u00fczenettel ell\u00e1tott\u00a0kis aj\u00e1nd\u00e9kok is kivitelezhet\u0151ek. <\/span><\/h3>\n<h3><span style=\"color: #878787;\">Amennyiben szeretn\u00e9nk k\u00fcl\u00f6nb\u00f6z\u0151 form\u00e1kb\u00f3l \u00e1ll\u00f3 bab\u00e1s szettet k\u00e9sz\u00edteni,\u00a0<span style=\"color: #1ba6b4;\"><strong><a style=\"color: #1ba6b4;\" href=\"https:\/\/jhcakes.com\/shop\/termekkategoria\/mezes-kiszurok\/baba-mezes-kiszurok\/\">ITT<\/a><\/strong>\u00a0<span style=\"color: #878787;\">\u00e9rdemes k\u00f6r\u00fcln\u00e9zni.\u00a0<\/span><\/span><\/span><span style=\"color: #878787;\">D\u00edsz\u00edt\u00e9shez,\u00a0<\/span><span style=\"color: #878787;\">dekor\u00e1l\u00e1shoz aj\u00e1nljuk<\/span>\u00a0<strong><span style=\"color: #1ba6b5;\"><a style=\"color: #1ba6b5;\" href=\"https:\/\/jhcakes.com\/shop\/termekkategoria\/festekek-ecsetek\/gel-festekek\/\" target=\"_blank\" rel=\"noopener noreferrer\">g\u00e9lfest\u00e9keinket<\/a>,\u00a0<a style=\"color: #1ba6b5;\" href=\"https:\/\/jhcakes.com\/shop\/termekkategoria\/festekek-ecsetek\/\" target=\"_blank\" rel=\"noopener noreferrer\">porfest\u00e9keinket<\/a><\/span>\u00a0<\/strong><span style=\"color: #878787;\">\u00e9s<\/span><strong>\u00a0<span style=\"color: #1ba6b5;\"><a style=\"color: #1ba6b5;\" href=\"https:\/\/jhcakes.com\/shop\/termekkategoria\/eheto-dekoraciok\/\" target=\"_blank\" rel=\"noopener noreferrer\">dekor\u00e1l\u00f3 cukork\u00e1inkat<\/a>.\u00a0<\/span><\/strong><\/h3>\n<p>&nbsp;<\/p>\n<h3><span style=\"color: #7a7a7a;\"><strong>Mihez aj\u00e1nljuk a kisz\u00far\u00f3t?<\/strong><\/span><\/h3>\n<ul>\n<li>\n<h3><span style=\"color: #878787;\">m\u00e9zes \u00e9s egy\u00e9b t\u00e9sztaf\u00e9l\u00e9khez<\/span><\/h3>\n<\/li>\n<li>\n<h3><span style=\"color: #878787;\">fondant, cukormassza \u00e9s marcip\u00e1n form\u00e1k kisz\u00far\u00e1s\u00e1hoz<\/span><\/h3>\n<\/li>\n<\/ul>\n<h3><strong>Alapanyag:<\/strong><\/h3>\n<ul>\n<li>\n<h3><span style=\"color: #878787;\">\u00f3nozott lemez, haszn\u00e1latkor formatart\u00f3 marad<\/span><\/h3>\n<\/li>\n<\/ul>\n<h3 id=\"tab-description\"><strong>Kezel\u00e9si \u00fatmutat\u00f3:<\/strong><\/h3>\n<ul>\n<li>\n<h3>k\u00e9zzel moshat\u00f3, leveg\u0151n sz\u00e1r\u00edtand\u00f3<\/h3>\n<\/li>\n<\/ul>\n<div id=\"themify_builder_content-7357\" data-postid=\"7357\" class=\"themify_builder_content themify_builder_content-7357 themify_builder\">\n    <\/div>\n<!-- \/themify_builder_content -->","protected":false},"excerpt":{"rendered":"<h3><strong>Kisz\u00far\u00f3 m\u00e9rete:<\/strong><\/h3>\n<ul>\n<li>\n<h3>sz\u00e9less\u00e9g: \u00a0 115 mm<\/h3>\n<\/li>\n<li>\n<h3>magass\u00e1g: \u00a090\u00a0mm<\/h3>\n<\/li>\n<\/ul>\n","protected":false},"featured_media":7348,"comment_status":"open","ping_status":"closed","template":"","meta":[],"builder_content":"","_links":{"self":[{"href":"https:\/\/jhcakes.com\/shop\/wp-json\/wp\/v2\/product\/7357"}],"collection":[{"href":"https:\/\/jhcakes.com\/shop\/wp-json\/wp\/v2\/product"}],"about":[{"href":"https:\/\/jhcakes.com\/shop\/wp-json\/wp\/v2\/types\/product"}],"replies":[{"embeddable":true,"href":"https:\/\/jhcakes.com\/shop\/wp-json\/wp\/v2\/comments?post=7357"}],"wp:featuredmedia":[{"embeddable":true,"href":"https:\/\/jhcakes.com\/shop\/wp-json\/wp\/v2\/media\/7348"}],"wp:attachment":[{"href":"https:\/\/jhcakes.com\/shop\/wp-json\/wp\/v2\/media?parent=7357"}],"curies":[{"name":"wp","href":"https:\/\/api.w.org\/{rel}","templated":true}]}}