{"id":7199,"date":"2017-05-06T16:07:02","date_gmt":"2017-05-06T14:07:02","guid":{"rendered":"http:\/\/jhcakes.com\/shop\/?post_type=product&#038;p=7199"},"modified":"2021-05-11T19:49:24","modified_gmt":"2021-05-11T17:49:24","slug":"kozepes-meretu-pillango-virag-szirom-szilikon-erezo-szett-2-db","status":"publish","type":"product","link":"https:\/\/jhcakes.com\/shop\/termek\/kozepes-meretu-pillango-virag-szirom-szilikon-erezo-szett-2-db\/","title":{"rendered":"K\u00f6zepes M\u00e9ret\u0171 Pillang\u00f3 Vir\u00e1g Szirom Szilikon Erez\u0151 Szett &#8211; 2 db"},"content":{"rendered":"<div id=\"themify_builder_content-7199\" data-postid=\"7199\" class=\"themify_builder_content themify_builder_content-7199 themify_builder\">\n    <\/div>\n<!-- \/themify_builder_content -->","protected":false},"excerpt":{"rendered":"","protected":false},"featured_media":0,"comment_status":"closed","ping_status":"closed","template":"","meta":[],"builder_content":"","_links":{"self":[{"href":"https:\/\/jhcakes.com\/shop\/wp-json\/wp\/v2\/product\/7199"}],"collection":[{"href":"https:\/\/jhcakes.com\/shop\/wp-json\/wp\/v2\/product"}],"about":[{"href":"https:\/\/jhcakes.com\/shop\/wp-json\/wp\/v2\/types\/product"}],"replies":[{"embeddable":true,"href":"https:\/\/jhcakes.com\/shop\/wp-json\/wp\/v2\/comments?post=7199"}],"wp:attachment":[{"href":"https:\/\/jhcakes.com\/shop\/wp-json\/wp\/v2\/media?parent=7199"}],"curies":[{"name":"wp","href":"https:\/\/api.w.org\/{rel}","templated":true}]}}