{"id":7196,"date":"2017-05-02T10:58:22","date_gmt":"2017-05-02T08:58:22","guid":{"rendered":"http:\/\/jhcakes.com\/shop\/?post_type=product&#038;p=7196"},"modified":"2019-11-25T14:39:53","modified_gmt":"2019-11-25T13:39:53","slug":"punkosdi-rozsa-szirom-kiszuro-szett-4-db","status":"publish","type":"product","link":"https:\/\/jhcakes.com\/shop\/termek\/punkosdi-rozsa-szirom-kiszuro-szett-4-db\/","title":{"rendered":"P\u00fcnk\u00f6sdi R\u00f3zsa Szirom Kisz\u00far\u00f3 Szett &#8211; 4 db"},"content":{"rendered":"<div id=\"themify_builder_content-7196\" data-postid=\"7196\" class=\"themify_builder_content themify_builder_content-7196 themify_builder\">\n    <\/div>\n<!-- \/themify_builder_content -->","protected":false},"excerpt":{"rendered":"","protected":false},"featured_media":0,"comment_status":"closed","ping_status":"closed","template":"","meta":[],"builder_content":"","_links":{"self":[{"href":"https:\/\/jhcakes.com\/shop\/wp-json\/wp\/v2\/product\/7196"}],"collection":[{"href":"https:\/\/jhcakes.com\/shop\/wp-json\/wp\/v2\/product"}],"about":[{"href":"https:\/\/jhcakes.com\/shop\/wp-json\/wp\/v2\/types\/product"}],"replies":[{"embeddable":true,"href":"https:\/\/jhcakes.com\/shop\/wp-json\/wp\/v2\/comments?post=7196"}],"wp:attachment":[{"href":"https:\/\/jhcakes.com\/shop\/wp-json\/wp\/v2\/media?parent=7196"}],"curies":[{"name":"wp","href":"https:\/\/api.w.org\/{rel}","templated":true}]}}