{"id":6539,"date":"2016-09-17T22:41:54","date_gmt":"2016-09-17T20:41:54","guid":{"rendered":"http:\/\/jhcakes.com\/shop\/termek\/tolgyfalevel-kiszuro-masolat\/"},"modified":"2023-11-02T10:31:39","modified_gmt":"2023-11-02T09:31:39","slug":"nyarfalevel-mezes-kiszuro","status":"publish","type":"product","link":"https:\/\/jhcakes.com\/shop\/termek\/nyarfalevel-mezes-kiszuro\/","title":{"rendered":"Ny\u00e1rfalev\u00e9l m\u00e9zes kisz\u00far\u00f3"},"content":{"rendered":"<h3 style=\"text-align: justify;\"><strong><span style=\"color: #ec008c;\">Ny\u00e1rfalev\u00e9l kisz\u00far\u00f3nk\u00a0<\/span><\/strong><span style=\"color: #ec008c;\"><span style=\"color: #878787;\">\u0151szi szett\u00fcnk egyik tagja.<br \/>\nTov\u00e1bbi \u0151szi hangulat\u00fa kisz\u00far\u00f3ink <strong><span style=\"color: #1ba6b5;\"><a style=\"color: #1ba6b5;\" href=\"https:\/\/jhcakes.com\/shop\/termekkategoria\/mezes-kiszurok\/oszi-es-halloween-mezes-kiszurok\/\" target=\"_blank\" rel=\"noopener noreferrer\">ITT<\/a><\/span><\/strong> tal\u00e1lhat\u00f3ak, melyek\u00a0dekor\u00e1l\u00e1s\u00e1ra aj\u00e1nljuk <strong><span style=\"color: #1ba6b5;\"><a style=\"color: #1ba6b5;\" href=\"https:\/\/jhcakes.com\/shop\/termekkategoria\/festekek-ecsetek\/gel-festekek\/\" target=\"_blank\" rel=\"noopener noreferrer\">g\u00e9lfest\u00e9keinket<\/a>, <a style=\"color: #1ba6b5;\" href=\"https:\/\/jhcakes.com\/shop\/termekkategoria\/festekek-ecsetek\/\" target=\"_blank\" rel=\"noopener noreferrer\">porfest\u00e9keinket<\/a><\/span> <\/strong>\u00e9s <strong><span style=\"color: #1ba6b5;\"><a style=\"color: #1ba6b5;\" href=\"https:\/\/jhcakes.com\/shop\/termekkategoria\/eheto-dekoraciok\/\" target=\"_blank\" rel=\"noopener noreferrer\">dekor\u00e1l\u00f3 cukork\u00e1inkat<\/a>. <\/span><\/strong><\/span><\/span><strong><span style=\"color: #878787;\">\u00a0<\/span><\/strong><\/h3>\n<p>&nbsp;<\/p>\n<h3><span style=\"color: #7a7a7a;\"><strong>Mihez aj\u00e1nljuk a kisz\u00far\u00f3t?<\/strong><\/span><\/h3>\n<ul>\n<li>\n<h3><span style=\"color: #878787;\">m\u00e9zes \u00e9s egy\u00e9b t\u00e9sztaf\u00e9l\u00e9khez<\/span><\/h3>\n<\/li>\n<li>\n<h3><span style=\"color: #878787;\">fondant, cukormassza \u00e9s marcip\u00e1n form\u00e1k kisz\u00far\u00e1s\u00e1hoz<\/span><\/h3>\n<\/li>\n<\/ul>\n<h3><strong>Alapanyag:<\/strong><\/h3>\n<ul>\n<li>\n<h3><span style=\"color: #878787;\">\u00f3nozott lemez, haszn\u00e1latkor formatart\u00f3 marad<\/span><\/h3>\n<\/li>\n<\/ul>\n<h3 id=\"tab-description\"><strong>Kezel\u00e9si \u00fatmutat\u00f3:<\/strong><\/h3>\n<ul>\n<li>\n<h3>k\u00e9zzel moshat\u00f3, leveg\u0151n sz\u00e1r\u00edtand\u00f3<\/h3>\n<\/li>\n<\/ul>\n<div id=\"themify_builder_content-6539\" data-postid=\"6539\" class=\"themify_builder_content themify_builder_content-6539 themify_builder\">\n    <\/div>\n<!-- \/themify_builder_content -->","protected":false},"excerpt":{"rendered":"<h3><strong>Kisz\u00far\u00f3 m\u00e9rete:<\/strong><\/h3>\n<ul>\n<li>\n<h3>sz\u00e9less\u00e9g: \u00a0 \u00a0 45 mm<\/h3>\n<\/li>\n<li>\n<h3>magass\u00e1g: \u00a0 \u00a082 mm<\/h3>\n<\/li>\n<\/ul>\n","protected":false},"featured_media":6439,"comment_status":"open","ping_status":"closed","template":"","meta":[],"builder_content":"","_links":{"self":[{"href":"https:\/\/jhcakes.com\/shop\/wp-json\/wp\/v2\/product\/6539"}],"collection":[{"href":"https:\/\/jhcakes.com\/shop\/wp-json\/wp\/v2\/product"}],"about":[{"href":"https:\/\/jhcakes.com\/shop\/wp-json\/wp\/v2\/types\/product"}],"replies":[{"embeddable":true,"href":"https:\/\/jhcakes.com\/shop\/wp-json\/wp\/v2\/comments?post=6539"}],"wp:featuredmedia":[{"embeddable":true,"href":"https:\/\/jhcakes.com\/shop\/wp-json\/wp\/v2\/media\/6439"}],"wp:attachment":[{"href":"https:\/\/jhcakes.com\/shop\/wp-json\/wp\/v2\/media?parent=6539"}],"curies":[{"name":"wp","href":"https:\/\/api.w.org\/{rel}","templated":true}]}}