{"id":6526,"date":"2016-09-17T18:46:29","date_gmt":"2016-09-17T16:46:29","guid":{"rendered":"http:\/\/jhcakes.com\/shop\/termek\/nagy-meretu-hoember-kiszuro\/"},"modified":"2024-10-31T23:11:24","modified_gmt":"2024-10-31T22:11:24","slug":"nagy-hoember-kiszuro","status":"publish","type":"product","link":"https:\/\/jhcakes.com\/shop\/termek\/nagy-hoember-kiszuro\/","title":{"rendered":"Nagy H\u00f3ember Kisz\u00far\u00f3"},"content":{"rendered":"<h3><span style=\"color: #878787\"><span style=\"color: #ec008c\"><strong>Nagy H\u00f3ember Kisz\u00far\u00f3nk\u00a0<\/strong><\/span>a legnagyobb h\u00f3ember kisz\u00far\u00f3nk a sok k\u00f6z\u00fcl :).<\/span><\/h3>\n<p>&nbsp;<\/p>\n<h3><span style=\"color: #878787\"><strong>Mihez aj\u00e1nljuk a kisz\u00far\u00f3t?<\/strong><\/span><\/h3>\n<ul>\n<li>\n<h3><span style=\"color: #878787\">m\u00e9zes \u00e9s egy\u00e9b t\u00e9sztaf\u00e9l\u00e9khez<\/span><\/h3>\n<\/li>\n<li>\n<h3><span style=\"color: #878787\">fondant, cukormassza \u00e9s marcip\u00e1n form\u00e1k kisz\u00far\u00e1s\u00e1hoz<\/span><\/h3>\n<\/li>\n<\/ul>\n<h3><span style=\"color: #878787\"><strong>Alapanyag:<\/strong><\/span><\/h3>\n<ul>\n<li>\n<h3><span style=\"color: #878787\">\u00f3nozott lemez, haszn\u00e1latkor formatart\u00f3 marad<\/span><\/h3>\n<\/li>\n<\/ul>\n<h3 id=\"tab-description\"><span style=\"color: #878787\"><strong>Kezel\u00e9si \u00fatmutat\u00f3:<\/strong><\/span><\/h3>\n<ul>\n<li>\n<h3><span style=\"color: #878787\">k\u00e9zzel moshat\u00f3, leveg\u0151n sz\u00e1r\u00edtand\u00f3<\/span><\/h3>\n<\/li>\n<\/ul>\n<div id=\"themify_builder_content-6526\" data-postid=\"6526\" class=\"themify_builder_content themify_builder_content-6526 themify_builder\">\n    <\/div>\n<!-- \/themify_builder_content -->","protected":false},"excerpt":{"rendered":"<h3><strong>Kisz\u00far\u00f3 M\u00e9rete:<\/strong><\/h3>\n<ul>\n<li>\n<h3>Sz\u00e9less\u00e9g: \u00a0 75 mm<\/h3>\n<\/li>\n<li>\n<h3>Magass\u00e1g: 128 mm<\/h3>\n<\/li>\n<\/ul>\n","protected":false},"featured_media":9588,"comment_status":"open","ping_status":"closed","template":"","meta":[],"builder_content":"","_links":{"self":[{"href":"https:\/\/jhcakes.com\/shop\/wp-json\/wp\/v2\/product\/6526"}],"collection":[{"href":"https:\/\/jhcakes.com\/shop\/wp-json\/wp\/v2\/product"}],"about":[{"href":"https:\/\/jhcakes.com\/shop\/wp-json\/wp\/v2\/types\/product"}],"replies":[{"embeddable":true,"href":"https:\/\/jhcakes.com\/shop\/wp-json\/wp\/v2\/comments?post=6526"}],"wp:featuredmedia":[{"embeddable":true,"href":"https:\/\/jhcakes.com\/shop\/wp-json\/wp\/v2\/media\/9588"}],"wp:attachment":[{"href":"https:\/\/jhcakes.com\/shop\/wp-json\/wp\/v2\/media?parent=6526"}],"curies":[{"name":"wp","href":"https:\/\/api.w.org\/{rel}","templated":true}]}}