{"id":6395,"date":"2016-08-16T21:28:22","date_gmt":"2016-08-16T19:28:22","guid":{"rendered":"http:\/\/jhcakes.com\/shop\/termek\/dupla-sziv-mezes-kiszuro-masolat\/"},"modified":"2023-08-03T08:50:12","modified_gmt":"2023-08-03T06:50:12","slug":"sziv-kiszuro-sziv-mintaval","status":"publish","type":"product","link":"https:\/\/jhcakes.com\/shop\/termek\/sziv-kiszuro-sziv-mintaval\/","title":{"rendered":"Sz\u00edv kisz\u00far\u00f3 sz\u00edv mint\u00e1val"},"content":{"rendered":"<h3 style=\"text-align: justify;\">Sz\u00edvekkel d\u00edsz\u00edtett, fodrozott sz\u00e9l\u0171<strong>\u00a0<\/strong><span style=\"color: #ec008c;\"><strong>sz\u00edv kisz\u00far\u00f3nk<\/strong><span style=\"color: #878787;\">\u00a0igazi d\u00edszes kisz\u00far\u00f3ink egyike.\u00a0<\/span><\/span>A d\u00edszes sz\u00edv kisz\u00far\u00f3 egy darabb\u00f3l \u00e1ll, \u00edgy a bels\u0151 r\u00e9szletek is be\u00e9p\u00edtettek a kisz\u00far\u00f3 alapform\u00e1j\u00e1ba. A kisz\u00fart forma d\u00edsz\u00edthet\u0151 glaz\u00farral, amelyhez aj\u00e1nljuk kiv\u00e1l\u00f3 min\u0151s\u00e9g\u0171<strong>\u00a0<span style=\"color: #1ba6b5;\"><a style=\"color: #1ba6b5;\" href=\"https:\/\/jhcakes.com\/shop\/termekkategoria\/festekek-ecsetek\/gel-festekek\/\" target=\"_blank\" rel=\"noopener noreferrer\">g\u00e9lfest\u00e9keinket<\/a>.<\/span><\/strong><\/h3>\n<p>&nbsp;<\/p>\n<h3><strong>Mihez aj\u00e1nljuk a kisz\u00far\u00f3t?<\/strong><\/h3>\n<ul>\n<li>\n<h3>m\u00e9zes \u00e9s egy\u00e9b t\u00e9sztaf\u00e9l\u00e9khez<\/h3>\n<\/li>\n<li>\n<h3>fondant, cukormassza \u00e9s marcip\u00e1n form\u00e1k kisz\u00far\u00e1s\u00e1hoz<\/h3>\n<\/li>\n<\/ul>\n<h3><strong>Alapanyag:<\/strong><\/h3>\n<ul>\n<li>\n<h3>rozsdamentes ac\u00e9l, haszn\u00e1latkor formatart\u00f3 marad<\/h3>\n<\/li>\n<\/ul>\n<h3><strong>Kezel\u00e9si \u00fatmutat\u00f3:<\/strong><\/h3>\n<ul>\n<li>\n<h3>k\u00e9zzel moshat\u00f3, leveg\u0151n sz\u00e1r\u00edtand\u00f3<\/h3>\n<\/li>\n<\/ul>\n<div id=\"themify_builder_content-6395\" data-postid=\"6395\" class=\"themify_builder_content themify_builder_content-6395 themify_builder\">\n    <\/div>\n<!-- \/themify_builder_content -->","protected":false},"excerpt":{"rendered":"<h3><strong>Kisz\u00far\u00f3 m\u00e9rete:<\/strong><\/h3>\n<ul>\n<li>\n<h3>sz\u00e9less\u00e9g: \u00a0 \u00a0 76 mm<\/h3>\n<\/li>\n<li>\n<h3>magass\u00e1g: \u00a0 \u00a065\u00a0mm<\/h3>\n<\/li>\n<\/ul>\n","protected":false},"featured_media":7611,"comment_status":"open","ping_status":"closed","template":"","meta":[],"builder_content":"","_links":{"self":[{"href":"https:\/\/jhcakes.com\/shop\/wp-json\/wp\/v2\/product\/6395"}],"collection":[{"href":"https:\/\/jhcakes.com\/shop\/wp-json\/wp\/v2\/product"}],"about":[{"href":"https:\/\/jhcakes.com\/shop\/wp-json\/wp\/v2\/types\/product"}],"replies":[{"embeddable":true,"href":"https:\/\/jhcakes.com\/shop\/wp-json\/wp\/v2\/comments?post=6395"}],"wp:featuredmedia":[{"embeddable":true,"href":"https:\/\/jhcakes.com\/shop\/wp-json\/wp\/v2\/media\/7611"}],"wp:attachment":[{"href":"https:\/\/jhcakes.com\/shop\/wp-json\/wp\/v2\/media?parent=6395"}],"curies":[{"name":"wp","href":"https:\/\/api.w.org\/{rel}","templated":true}]}}