{"id":6393,"date":"2016-08-16T20:54:01","date_gmt":"2016-08-16T18:54:01","guid":{"rendered":"http:\/\/jhcakes.com\/shop\/termek\/strandpapucs-kiszuro\/"},"modified":"2024-08-07T23:01:21","modified_gmt":"2024-08-07T21:01:21","slug":"strandpapucs-kiszuro","status":"publish","type":"product","link":"https:\/\/jhcakes.com\/shop\/termek\/strandpapucs-kiszuro\/","title":{"rendered":"Strandpapucs kisz\u00far\u00f3"},"content":{"rendered":"<h3 style=\"text-align: justify;\"><span style=\"color: #ec008c;\"><span style=\"color: #878787;\">A<\/span><strong>\u00a0strandpapucs kisz\u00far\u00f3val <\/strong><span style=\"color: #878787;\">k\u00e9sz\u00edtett m\u00e9zesek t<\/span><span style=\"color: #878787;\">\u00f3parti, tengerparti esk\u00fcv\u0151k jegy\u00e9ben k\u00e9sz\u00fclt dekor\u00e1ci\u00f3k, aj\u00e1nd\u00e9kok r\u00e9szesei is lehetnek.<\/span><\/span><span style=\"color: #878787;\">\u00a0<\/span><\/h3>\n<p>&nbsp;<\/p>\n<h3><strong>Mihez aj\u00e1nljuk a kisz\u00far\u00f3t?<\/strong><\/h3>\n<ul>\n<li>\n<h3>m\u00e9zes \u00e9s egy\u00e9b t\u00e9sztaf\u00e9l\u00e9khez<\/h3>\n<\/li>\n<li>\n<h3>fondant, cukormassza \u00e9s marcip\u00e1n form\u00e1k kisz\u00far\u00e1s\u00e1hoz<\/h3>\n<\/li>\n<\/ul>\n<h3><strong>Alapanyag:<\/strong><\/h3>\n<ul>\n<li>\n<h3>\u00f3nozott lemez, haszn\u00e1latkor formatart\u00f3 marad<\/h3>\n<\/li>\n<\/ul>\n<h3><strong>Kezel\u00e9si \u00fatmutat\u00f3:<\/strong><\/h3>\n<ul>\n<li>\n<h3>k\u00e9zzel moshat\u00f3, leveg\u0151n sz\u00e1r\u00edtand\u00f3<\/h3>\n<\/li>\n<\/ul>\n<div id=\"themify_builder_content-6393\" data-postid=\"6393\" class=\"themify_builder_content themify_builder_content-6393 themify_builder\">\n    <\/div>\n<!-- \/themify_builder_content -->","protected":false},"excerpt":{"rendered":"<h3><strong>Kisz\u00far\u00f3 m\u00e9rete:<\/strong><\/h3>\n<ul>\n<li>\n<h3>sz\u00e9less\u00e9g: \u00a0 \u00a060 mm<\/h3>\n<\/li>\n<li>\n<h3>magass\u00e1g: \u00a0117 mm<\/h3>\n<\/li>\n<\/ul>\n","protected":false},"featured_media":14551,"comment_status":"open","ping_status":"closed","template":"","meta":[],"builder_content":"","_links":{"self":[{"href":"https:\/\/jhcakes.com\/shop\/wp-json\/wp\/v2\/product\/6393"}],"collection":[{"href":"https:\/\/jhcakes.com\/shop\/wp-json\/wp\/v2\/product"}],"about":[{"href":"https:\/\/jhcakes.com\/shop\/wp-json\/wp\/v2\/types\/product"}],"replies":[{"embeddable":true,"href":"https:\/\/jhcakes.com\/shop\/wp-json\/wp\/v2\/comments?post=6393"}],"wp:featuredmedia":[{"embeddable":true,"href":"https:\/\/jhcakes.com\/shop\/wp-json\/wp\/v2\/media\/14551"}],"wp:attachment":[{"href":"https:\/\/jhcakes.com\/shop\/wp-json\/wp\/v2\/media?parent=6393"}],"curies":[{"name":"wp","href":"https:\/\/api.w.org\/{rel}","templated":true}]}}