{"id":6391,"date":"2016-08-16T20:02:20","date_gmt":"2016-08-16T18:02:20","guid":{"rendered":"http:\/\/jhcakes.com\/shop\/termek\/kis-fekete-ruha-kiszuro\/"},"modified":"2023-10-31T19:25:17","modified_gmt":"2023-10-31T18:25:17","slug":"kis-fekete-ruha-kiszuro","status":"publish","type":"product","link":"https:\/\/jhcakes.com\/shop\/termek\/kis-fekete-ruha-kiszuro\/","title":{"rendered":"Kis fekete ruha kisz\u00far\u00f3"},"content":{"rendered":"<h3 style=\"text-align: justify;\">Szuper csini<strong><span style=\"color: #ec008c;\">\u00a0kis fekete ruha kisz\u00far\u00f3<\/span>\u00a0<\/strong>l\u00e1nyoknak, h\u00f6lgyeknek b\u00e1rmikorra<span style=\"color: #878787;\">. Glaz\u00farral vagy marcip\u00e1nnal bevonva, ak\u00e1r <strong><span style=\"color: #1ba6b5;\"><a style=\"color: #1ba6b5;\" href=\"https:\/\/jhcakes.com\/shop\/termekkategoria\/stencilek\/\" target=\"_blank\" rel=\"noopener noreferrer\">stencillel<\/a><\/span><\/strong> d\u00edsz\u00edtve.<\/span><\/h3>\n<p><span style=\"color: #878787;\">\u00a0<\/span><\/p>\n<h3><span style=\"color: #878787;\"><strong>Mihez aj\u00e1nljuk a kisz\u00far\u00f3t?<\/strong><\/span><\/h3>\n<ul>\n<li>\n<h3><span style=\"color: #878787;\">m\u00e9zes \u00e9s egy\u00e9b t\u00e9sztaf\u00e9l\u00e9khez<\/span><\/h3>\n<\/li>\n<li>\n<h3><span style=\"color: #878787;\">fondant, cukormassza \u00e9s marcip\u00e1n form\u00e1k kisz\u00far\u00e1s\u00e1hoz<\/span><\/h3>\n<\/li>\n<\/ul>\n<h3><span style=\"color: #878787;\"><strong>Alapanyag:<\/strong><\/span><\/h3>\n<ul>\n<li>\n<h3><span style=\"color: #878787;\">\u00f3nozott lemez, haszn\u00e1latkor formatart\u00f3 marad<\/span><\/h3>\n<\/li>\n<\/ul>\n<h3><span style=\"color: #878787;\"><strong>Kezel\u00e9si \u00fatmutat\u00f3:<\/strong><\/span><\/h3>\n<ul>\n<li>\n<h3><span style=\"color: #878787;\">k\u00e9zzel moshat\u00f3, leveg\u0151n sz\u00e1r\u00edtand\u00f3<\/span><\/h3>\n<\/li>\n<\/ul>\n<div id=\"themify_builder_content-6391\" data-postid=\"6391\" class=\"themify_builder_content themify_builder_content-6391 themify_builder\">\n    <\/div>\n<!-- \/themify_builder_content -->","protected":false},"excerpt":{"rendered":"<h3><strong>Kisz\u00far\u00f3 m\u00e9rete:<\/strong><\/h3>\n<ul>\n<li>\n<h3>sz\u00e9less\u00e9g: \u00a0 \u00a0 \u00a0 \u00a067 mm<\/h3>\n<\/li>\n<li>\n<h3>magass\u00e1g: \u00a0 \u00a0 110 mm<\/h3>\n<\/li>\n<\/ul>\n","protected":false},"featured_media":22905,"comment_status":"open","ping_status":"closed","template":"","meta":[],"builder_content":"","_links":{"self":[{"href":"https:\/\/jhcakes.com\/shop\/wp-json\/wp\/v2\/product\/6391"}],"collection":[{"href":"https:\/\/jhcakes.com\/shop\/wp-json\/wp\/v2\/product"}],"about":[{"href":"https:\/\/jhcakes.com\/shop\/wp-json\/wp\/v2\/types\/product"}],"replies":[{"embeddable":true,"href":"https:\/\/jhcakes.com\/shop\/wp-json\/wp\/v2\/comments?post=6391"}],"wp:featuredmedia":[{"embeddable":true,"href":"https:\/\/jhcakes.com\/shop\/wp-json\/wp\/v2\/media\/22905"}],"wp:attachment":[{"href":"https:\/\/jhcakes.com\/shop\/wp-json\/wp\/v2\/media?parent=6391"}],"curies":[{"name":"wp","href":"https:\/\/api.w.org\/{rel}","templated":true}]}}