{"id":6385,"date":"2016-08-16T18:52:12","date_gmt":"2016-08-16T16:52:12","guid":{"rendered":"http:\/\/jhcakes.com\/shop\/termek\/menyasszony-kiszuro\/"},"modified":"2023-05-31T22:29:37","modified_gmt":"2023-05-31T20:29:37","slug":"menyasszony-kiszuro","status":"publish","type":"product","link":"https:\/\/jhcakes.com\/shop\/termek\/menyasszony-kiszuro\/","title":{"rendered":"Menyasszony kisz\u00far\u00f3"},"content":{"rendered":"<h3 style=\"text-align: justify;\">Csinos<strong><span style=\"color: #ec008c;\">\u00a0menyasszony kisz\u00far\u00f3nkkal\u00a0<\/span><\/strong><span style=\"color: #ec008c;\"><span style=\"color: #878787;\">k\u00e9sz\u00edthet\u00fcnk fondant figur\u00e1t tortadekor\u00e1l\u00e1sra, vagy haszn\u00e1lhatjuk a kisz\u00far\u00f3t k\u00f6sz\u00f6n\u0151aj\u00e1nd\u00e9knak sz\u00e1nt m\u00e9zesek k\u00e9sz\u00edt\u00e9s\u00e9re is.\u00a0<\/span><\/span><\/h3>\n<p>&nbsp;<\/p>\n<h3><span style=\"color: #878787;\"><strong>Mihez aj\u00e1nljuk a kisz\u00far\u00f3t?<\/strong><\/span><\/h3>\n<ul>\n<li>\n<h3><span style=\"color: #878787;\">m\u00e9zes \u00e9s egy\u00e9b t\u00e9sztaf\u00e9l\u00e9khez<\/span><\/h3>\n<\/li>\n<li>\n<h3><span style=\"color: #878787;\">fondant, cukormassza \u00e9s marcip\u00e1n form\u00e1k kisz\u00far\u00e1s\u00e1hoz<\/span><\/h3>\n<\/li>\n<\/ul>\n<h3><span style=\"color: #878787;\"><strong>Alapanyag:<\/strong><\/span><\/h3>\n<ul>\n<li>\n<h3><span style=\"color: #878787;\">\u00f3nozott lemez, haszn\u00e1latkor formatart\u00f3 marad<\/span><\/h3>\n<\/li>\n<\/ul>\n<h3 id=\"tab-description\"><span style=\"color: #878787;\"><strong>Kezel\u00e9si \u00fatmutat\u00f3:<\/strong><\/span><\/h3>\n<ul>\n<li>\n<h3><span style=\"color: #878787;\">k\u00e9zzel moshat\u00f3, leveg\u0151n sz\u00e1r\u00edtand\u00f3<\/span><\/h3>\n<\/li>\n<\/ul>\n<div id=\"themify_builder_content-6385\" data-postid=\"6385\" class=\"themify_builder_content themify_builder_content-6385 themify_builder\">\n    <\/div>\n<!-- \/themify_builder_content -->","protected":false},"excerpt":{"rendered":"<h3><strong>Kisz\u00far\u00f3 m\u00e9rete:<\/strong><\/h3>\n<ul>\n<li>\n<h3>sz\u00e9less\u00e9g: \u00a0 \u00a0 \u00a0 \u00a055 mm<\/h3>\n<\/li>\n<li>\n<h3>magass\u00e1g: \u00a0 \u00a0 127 mm<\/h3>\n<\/li>\n<\/ul>\n","protected":false},"featured_media":9596,"comment_status":"open","ping_status":"closed","template":"","meta":[],"builder_content":"","_links":{"self":[{"href":"https:\/\/jhcakes.com\/shop\/wp-json\/wp\/v2\/product\/6385"}],"collection":[{"href":"https:\/\/jhcakes.com\/shop\/wp-json\/wp\/v2\/product"}],"about":[{"href":"https:\/\/jhcakes.com\/shop\/wp-json\/wp\/v2\/types\/product"}],"replies":[{"embeddable":true,"href":"https:\/\/jhcakes.com\/shop\/wp-json\/wp\/v2\/comments?post=6385"}],"wp:featuredmedia":[{"embeddable":true,"href":"https:\/\/jhcakes.com\/shop\/wp-json\/wp\/v2\/media\/9596"}],"wp:attachment":[{"href":"https:\/\/jhcakes.com\/shop\/wp-json\/wp\/v2\/media?parent=6385"}],"curies":[{"name":"wp","href":"https:\/\/api.w.org\/{rel}","templated":true}]}}