{"id":6384,"date":"2016-08-16T17:21:32","date_gmt":"2016-08-16T15:21:32","guid":{"rendered":"http:\/\/jhcakes.com\/shop\/termek\/kerek-tabla-kiszuro\/"},"modified":"2024-12-25T14:34:55","modified_gmt":"2024-12-25T13:34:55","slug":"fodrozott-kerek-tabla-kiszuro","status":"publish","type":"product","link":"https:\/\/jhcakes.com\/shop\/termek\/fodrozott-kerek-tabla-kiszuro\/","title":{"rendered":"Fodrozott kerek t\u00e1bla kisz\u00far\u00f3"},"content":{"rendered":"<h3><strong><span style=\"color: #ec008c;\">Fodrozott kerek t\u00e1bla kisz\u00far\u00f3<\/span>\u00a0<\/strong>abszol\u00fat MINDEN alkalomra! Tortad\u00edsz\u00edt\u00e9shez \u00e9s m\u00e9zesek k\u00e9sz\u00edt\u00e9s\u00e9hez egyar\u00e1nt haszn\u00e1lhat\u00f3.<\/h3>\n<h3><span style=\"color: #878787;\">\u00a0<\/span><\/h3>\n<h3><span style=\"color: #7a7a7a;\"><strong>Mihez aj\u00e1nljuk a kisz\u00far\u00f3t?<\/strong><\/span><\/h3>\n<ul>\n<li>\n<h3><span style=\"color: #878787;\">m\u00e9zes \u00e9s egy\u00e9b t\u00e9sztaf\u00e9l\u00e9khez<\/span><\/h3>\n<\/li>\n<li>\n<h3><span style=\"color: #878787;\">fondant, cukormassza \u00e9s marcip\u00e1n form\u00e1k kisz\u00far\u00e1s\u00e1hoz<\/span><\/h3>\n<\/li>\n<\/ul>\n<h3><strong>Alapanyag:<\/strong><\/h3>\n<ul>\n<li>\n<h3><span style=\"color: #878787;\">\u00f3nozott lemez, haszn\u00e1latkor formatart\u00f3 marad<\/span><\/h3>\n<\/li>\n<\/ul>\n<h3><strong>Kezel\u00e9si \u00fatmutat\u00f3:<\/strong><\/h3>\n<ul>\n<li>\n<h3>k\u00e9zzel moshat\u00f3, leveg\u0151n sz\u00e1r\u00edtand\u00f3<\/h3>\n<\/li>\n<\/ul>\n<div id=\"themify_builder_content-6384\" data-postid=\"6384\" class=\"themify_builder_content themify_builder_content-6384 themify_builder\">\n    <\/div>\n<!-- \/themify_builder_content -->","protected":false},"excerpt":{"rendered":"<h3><strong>Kisz\u00far\u00f3 m\u00e9rete:<\/strong><\/h3>\n<ul>\n<li>\n<h3>\u00e1tm\u00e9r\u0151: 107 mm<\/h3>\n<\/li>\n<\/ul>\n","protected":false},"featured_media":7568,"comment_status":"open","ping_status":"closed","template":"","meta":[],"builder_content":"","_links":{"self":[{"href":"https:\/\/jhcakes.com\/shop\/wp-json\/wp\/v2\/product\/6384"}],"collection":[{"href":"https:\/\/jhcakes.com\/shop\/wp-json\/wp\/v2\/product"}],"about":[{"href":"https:\/\/jhcakes.com\/shop\/wp-json\/wp\/v2\/types\/product"}],"replies":[{"embeddable":true,"href":"https:\/\/jhcakes.com\/shop\/wp-json\/wp\/v2\/comments?post=6384"}],"wp:featuredmedia":[{"embeddable":true,"href":"https:\/\/jhcakes.com\/shop\/wp-json\/wp\/v2\/media\/7568"}],"wp:attachment":[{"href":"https:\/\/jhcakes.com\/shop\/wp-json\/wp\/v2\/media?parent=6384"}],"curies":[{"name":"wp","href":"https:\/\/api.w.org\/{rel}","templated":true}]}}