{"id":6180,"date":"2016-04-17T18:44:20","date_gmt":"2016-04-17T16:44:20","guid":{"rendered":"http:\/\/jhcakes.com\/shop\/?post_type=product&#038;p=6180"},"modified":"2025-05-17T22:57:18","modified_gmt":"2025-05-17T20:57:18","slug":"tulipan-bimbo-nyomocso","status":"publish","type":"product","link":"https:\/\/jhcakes.com\/shop\/termek\/tulipan-bimbo-nyomocso\/","title":{"rendered":"Tulip\u00e1n bimb\u00f3 nyom\u00f3cs\u0151"},"content":{"rendered":"<h3 style=\"text-align: justify;\"><strong><span style=\"color: #ec008c;\">Tulip\u00e1n bimb\u00f3 nyom\u00f3cs\u0151vel<\/span><\/strong> mindenki k\u00fcl\u00f6nlegesen gy\u00f6ny\u00f6r\u0171 vir\u00e1gokat, bimb\u00f3kat k\u00e9sz\u00edthet.<\/h3>\n<p>&nbsp;<\/p>\n<h3 style=\"text-align: justify;\"><strong>Milyen alapanyagot haszn\u00e1ljunk\u00a0a vir\u00e1gk\u00e9sz\u00edt\u0151 cs\u00f6vekhez?<\/strong><\/h3>\n<ul>\n<li>\n<h3>Kedvenc vajkr\u00e9met, amely ha t\u00fal l\u00e1gynak bizonyul, porcukor hozz\u00e1ad\u00e1s\u00e1val megkem\u00e9ny\u00edthet\u0151.\u00a0A vajkr\u00e9meket\u00a0<strong><span style=\"color: #1ba6b5;\"><a style=\"color: #1ba6b5;\" href=\"https:\/\/jhcakes.com\/shop\/termekkategoria\/festekek-tollak\/gelfestekek-pasztak\/sugarflair-gelfestekek\/\" target=\"_blank\" rel=\"noopener\">g\u00e9lfest\u00e9kekkel<\/a><\/span><\/strong>\u00a0sz\u00ednezhetj\u00fck.<\/h3>\n<\/li>\n<\/ul>\n<h3><strong>A k\u00e9sz\u00edt\u00e9s menete egyszer\u0171:<\/strong><\/h3>\n<ol style=\"text-align: justify;\">\n<li>\n<h3>V\u00e1gjunk le a habzs\u00e1k hegy\u00e9b\u0151l annyit, hogy a nyom\u00f3cs\u0151 mint\u00e1s v\u00e9ge \u00e9ppen kikandik\u00e1ljon.<\/h3>\n<\/li>\n<li>\n<h3>Helyezz\u00fck a habzs\u00e1kba a nyom\u00f3cs\u00f6vet.<\/h3>\n<\/li>\n<li>\n<h3>T\u00f6lts\u00fck meg a habzs\u00e1kot kedvenc vajkr\u00e9m\u00fcnkkel. Ha szeretn\u00e9nk cirmos vir\u00e1gokat k\u00e9sz\u00edteni, tegy\u00fcnk k\u00e9t vagy ak\u00e1r h\u00e1rom k\u00fcl\u00f6nb\u00f6z\u0151 sz\u00edn\u0171 vajkr\u00e9met a habzs\u00e1kba.<\/h3>\n<\/li>\n<li>\n<h3>Csavarjuk meg a habzs\u00e1k tetej\u00e9t, amit gumival, kapoccsal le is z\u00e1rhatunk.<\/h3>\n<\/li>\n<li>\n<h3>V\u00e9g\u00fcl, nyomjuk meg a habzs\u00e1kot \u00e9s m\u00e1r k\u00e9sz\u00fclhetnek is a vir\u00e1g halmazok.<\/h3>\n<\/li>\n<\/ol>\n<h3><strong>Alapanyag:<\/strong><\/h3>\n<ul>\n<li>\n<h3>rozsdamentes ac\u00e9l<\/h3>\n<\/li>\n<\/ul>\n<h3 id=\"tab-description\"><strong>Kezel\u00e9si \u00fatmutat\u00f3:<\/strong><\/h3>\n<ul>\n<li>\n<h3>k\u00e9zzek moshat\u00f3, leveg\u0151n sz\u00e1r\u00edtand\u00f3<\/h3>\n<\/li>\n<\/ul>\n<div id=\"themify_builder_content-6180\" data-postid=\"6180\" class=\"themify_builder_content themify_builder_content-6180 themify_builder\">\n    <\/div>\n<!-- \/themify_builder_content -->","protected":false},"excerpt":{"rendered":"<h3>A nyom\u00f3cs\u0151 mint\u00e1s v\u00e9g\u00e9nek \u00e1tm\u00e9r\u0151je:<\/h3>\n<ul>\n<li>\n<h3>18 mm<\/h3>\n<\/li>\n<\/ul>\n<p>&nbsp;<\/p>\n","protected":false},"featured_media":6206,"comment_status":"closed","ping_status":"closed","template":"","meta":[],"builder_content":"","_links":{"self":[{"href":"https:\/\/jhcakes.com\/shop\/wp-json\/wp\/v2\/product\/6180"}],"collection":[{"href":"https:\/\/jhcakes.com\/shop\/wp-json\/wp\/v2\/product"}],"about":[{"href":"https:\/\/jhcakes.com\/shop\/wp-json\/wp\/v2\/types\/product"}],"replies":[{"embeddable":true,"href":"https:\/\/jhcakes.com\/shop\/wp-json\/wp\/v2\/comments?post=6180"}],"wp:featuredmedia":[{"embeddable":true,"href":"https:\/\/jhcakes.com\/shop\/wp-json\/wp\/v2\/media\/6206"}],"wp:attachment":[{"href":"https:\/\/jhcakes.com\/shop\/wp-json\/wp\/v2\/media?parent=6180"}],"curies":[{"name":"wp","href":"https:\/\/api.w.org\/{rel}","templated":true}]}}