{"id":6134,"date":"2016-04-11T15:47:35","date_gmt":"2016-04-11T13:47:35","guid":{"rendered":"http:\/\/jhcakes.com\/shop\/termek\/filigralt-damaszt-stencil-szett\/"},"modified":"2019-11-14T10:57:50","modified_gmt":"2019-11-14T09:57:50","slug":"filigralt-damaszt-stencil-szett","status":"publish","type":"product","link":"https:\/\/jhcakes.com\/shop\/termek\/filigralt-damaszt-stencil-szett\/","title":{"rendered":"Filigr\u00e1lt Damaszt Stencil Szett"},"content":{"rendered":"<h3 style=\"text-align: justify;\"><strong><span style=\"color: #ec008c;\">Filigr\u00e1lt Damaszt Stencil Szett\u00fcnk<\/span><\/strong>\u00a0nagyon apr\u00f3l\u00e9kos, k\u00f6nnyed mint\u00e1k k\u00e9sz\u00edt\u00e9s\u00e9re alkalmas. A szetthez 4 k\u00fcl\u00f6nb\u00f6z\u0151, de egym\u00e1shoz remek\u00fcl ill\u0151 filigr\u00e1lt mot\u00edvum tartozik.\u00a0A stencil szett az <strong>eredeti,<\/strong> amerikai Designer Stencils v\u00e1llalat \u00e1ltal tervezett \u00e9s gy\u00e1rtott term\u00e9k.<\/h3>\n<h3 style=\"text-align: justify;\">A k\u00e9t emeletes torta fels\u0151 szintj\u00e9n l\u00e1that\u00f3\u00a0<strong><span style=\"color: #ec008c;\">Filigr\u00e1lt Med\u00e1l Stencil<\/span><\/strong>\u00a0egymag\u00e1ban is megv\u00e1s\u00e1rolhat\u00f3<strong><span style=\"color: #1ba6b5;\"><a style=\"color: #1ba6b5;\" href=\"https:\/\/jhcakes.com\/shop\/termek\/filigralt-damaszt-medal-stencil\/\" target=\"_blank\" rel=\"noopener\"> ITT.<\/a><\/span><\/strong><\/h3>\n<p>&nbsp;<\/p>\n<h3><strong>Milyen eszk\u00f6z\u00f6ket \u00e9s alapanyagokat aj\u00e1nlunk stencilek haszn\u00e1lat\u00e1hoz?<\/strong><\/h3>\n<ul>\n<li>\n<h3>glaz\u00fart\u00a0vagy vajkr\u00e9met\u00a0<span style=\"color: #1ba6b5;\"><strong><a style=\"color: #1ba6b5;\" href=\"https:\/\/jhcakes.com\/shop\/termek\/keno-lap-stencilek-hasznalatahoz\/\" target=\"_blank\" rel=\"noopener\">Ken\u0151lappal<\/a><\/strong><\/span>\u00a0illetve\u00a0<span style=\"color: #1ba6b5;\"><strong><a style=\"color: #1ba6b5;\" href=\"https:\/\/jhcakes.com\/shop\/termek\/spatula\/\" target=\"_blank\" rel=\"noopener\">Spatul\u00e1val<\/a><\/strong><\/span>\u00a0felkenve<\/h3>\n<\/li>\n<li>\n<h3><strong><span style=\"color: #1ba6b5;\"><a style=\"color: #1ba6b5;\" href=\"https:\/\/jhcakes.com\/shop\/termekkategoria\/festekek-ecsetek\/airbrush-festekek\/\" target=\"_blank\" rel=\"noopener\">Airbrusht<\/a>,\u00a0<a style=\"color: #1ba6b5;\" href=\"https:\/\/jhcakes.com\/shop\/termekkategoria\/festekek-ecsetek\/festo-ecsetek-tollak\/\" target=\"_blank\" rel=\"noopener\">Fest\u0151 Ecseteket<\/a>,\u00a0<\/span><\/strong><span style=\"color: #1ba6b5;\"><strong><a style=\"color: #1ba6b5;\" href=\"https:\/\/jhcakes.com\/shop\/termekkategoria\/festekek-ecsetek\/eheto-luszter-festekek\/\" target=\"_blank\" rel=\"noopener\">L\u00fcszter Fest\u00e9keket<\/a><\/strong><\/span>\u00a0fest\u00e9shez<\/h3>\n<\/li>\n<li>\n<h3><span style=\"color: #1ba6b5;\"><strong><a style=\"color: #1ba6b5;\" href=\"https:\/\/jhcakes.com\/shop\/termek\/stencilezo-ecset-szett\/\" target=\"_blank\" rel=\"noopener\">Stencilez\u0151 Ecsetet<\/a>\u00a0<\/strong>\u00e9s\u00a0<strong><a style=\"color: #1ba6b5;\" href=\"https:\/\/jhcakes.com\/shop\/termekkategoria\/festekek-ecsetek\/eheto-szirom-festekek\/\" target=\"_blank\" rel=\"noopener\">Szirom Porokat<\/a><\/strong>\u00a0<\/span>szinez\u00e9shez<\/h3>\n<\/li>\n<li>\n<h3>kaka\u00f3port,\u00a0<strong><span style=\"color: #1ba6b5;\"><a style=\"color: #1ba6b5;\" href=\"https:\/\/jhcakes.com\/shop\/termekkategoria\/festekek-ecsetek\/eheto-disco-festekek\/\" target=\"_blank\" rel=\"noopener\">Disco Fest\u00e9keket<\/a>,\u00a0<a style=\"color: #1ba6b5;\" href=\"https:\/\/jhcakes.com\/shop\/termekkategoria\/eheto-dekoraciok\/cukorgyongyok\/1-2-mm-szorocukrok\/\" target=\"_blank\" rel=\"noopener\">Sz\u00f3r\u00f3cukrokat<\/a><\/span>\u00a0<\/strong>\u00e9s egy\u00e9b sz\u00f3rhat\u00f3,\u00a0<strong><span style=\"color: #1ba6b5;\"><a style=\"color: #1ba6b5;\" href=\"https:\/\/jhcakes.com\/shop\/termekkategoria\/eheto-dekoraciok\/\" target=\"_blank\" rel=\"noopener\">\u00e9tkez\u00e9sre alkalmas d\u00edsz\u00edt\u0151 anyagokat<\/a>,<\/span><\/strong>\u00a0felsz\u00f3r\u00e1shoz<\/h3>\n<\/li>\n<\/ul>\n<h3><strong>Alapanyag:<\/strong><\/h3>\n<ul>\n<li>\n<h3>10 mil vastags\u00e1g\u00fa, \u00e9telk\u00e9sz\u00edt\u00e9sre enged\u00e9lyezett, hajl\u00e9kony m\u0171anyag lap<\/h3>\n<\/li>\n<\/ul>\n<h3 id=\"tab-description\"><strong>Kezel\u00e9si \u00fatmutat\u00f3:<\/strong><\/h3>\n<ul>\n<li>\n<h3>k\u00e9zzel moshat\u00f3, leveg\u0151n sz\u00e1r\u00edtand\u00f3<\/h3>\n<\/li>\n<\/ul>\n<div id=\"themify_builder_content-6134\" data-postid=\"6134\" class=\"themify_builder_content themify_builder_content-6134 themify_builder\">\n    <\/div>\n<!-- \/themify_builder_content -->","protected":false},"excerpt":{"rendered":"<h3><strong>Stencil Mint\u00e1k M\u00e9rete Fels\u0151 Szintt\u0151l Lefel\u00e9:<\/strong><\/h3>\n<ul>\n<li>\n<h3>Sz: 115 x M: 95 mm<\/h3>\n<\/li>\n<li>\n<h3>Sz: 67 x M: 73 mm<\/h3>\n<\/li>\n<li>\n<h3>Sz: 35 x M: 245 mm<\/h3>\n<\/li>\n<li>\n<h3>Sz: 155 x M: 372 mm<\/h3>\n<\/li>\n<\/ul>\n","protected":false},"featured_media":9711,"comment_status":"closed","ping_status":"closed","template":"","meta":[],"builder_content":"","_links":{"self":[{"href":"https:\/\/jhcakes.com\/shop\/wp-json\/wp\/v2\/product\/6134"}],"collection":[{"href":"https:\/\/jhcakes.com\/shop\/wp-json\/wp\/v2\/product"}],"about":[{"href":"https:\/\/jhcakes.com\/shop\/wp-json\/wp\/v2\/types\/product"}],"replies":[{"embeddable":true,"href":"https:\/\/jhcakes.com\/shop\/wp-json\/wp\/v2\/comments?post=6134"}],"wp:featuredmedia":[{"embeddable":true,"href":"https:\/\/jhcakes.com\/shop\/wp-json\/wp\/v2\/media\/9711"}],"wp:attachment":[{"href":"https:\/\/jhcakes.com\/shop\/wp-json\/wp\/v2\/media?parent=6134"}],"curies":[{"name":"wp","href":"https:\/\/api.w.org\/{rel}","templated":true}]}}