{"id":5875,"date":"2015-11-12T10:48:42","date_gmt":"2015-11-12T09:48:42","guid":{"rendered":"http:\/\/jhcakes.com\/shop\/?post_type=product&#038;p=5875"},"modified":"2022-06-26T10:32:00","modified_gmt":"2022-06-26T08:32:00","slug":"ketoldalas-kor-alaku-kiszuro-szett-6-db","status":"publish","type":"product","link":"https:\/\/jhcakes.com\/shop\/termek\/ketoldalas-kor-alaku-kiszuro-szett-6-db\/","title":{"rendered":"K\u00e9toldalas k\u00f6r kisz\u00far\u00f3szett"},"content":{"rendered":"<h3 style=\"text-align: justify;\"><strong><span style=\"color: #ec008c;\">6 darabos, k\u00f6r alak\u00fa m\u0171anyag kisz\u00far\u00f3szett\u00fcnk<\/span><\/strong> mindk\u00e9t oldala haszn\u00e1lhat\u00f3, \u00edgy sima \u00e9s hull\u00e1mos szeg\u00e9ly\u0171 s\u00fctem\u00e9nyeket is k\u00e9sz\u00edthet\u00fcnk, mind\u00f6ssze egy szett alkalmaz\u00e1s\u00e1val. K\u00e9nyelmes t\u00e1rol\u00e1s c\u00e9lj\u00e1b\u00f3l, a szetthez \u00e1tl\u00e1tsz\u00f3, m\u0171anyag tart\u00f3doboz is tartozik.<\/h3>\n<p>&nbsp;<\/p>\n<h3><strong>Mihez aj\u00e1nljuk a kisz\u00far\u00f3szettet?<\/strong><\/h3>\n<ul>\n<li>\n<h3>m\u00e9zes \u00e9s egy\u00e9b t\u00e9sztaf\u00e9l\u00e9khez<\/h3>\n<\/li>\n<li>\n<h3>fondant, cukormassza \u00e9s marcip\u00e1n form\u00e1k kisz\u00far\u00e1s\u00e1hoz<\/h3>\n<\/li>\n<\/ul>\n<h3><strong>Alapanyag:<\/strong><\/h3>\n<ul>\n<li>\n<h3>sz\u00ednes m\u0171anyag, haszn\u00e1latkor formatart\u00f3 marad<\/h3>\n<\/li>\n<\/ul>\n<h3 id=\"tab-description\"><strong>Kezel\u00e9si \u00fatmutat\u00f3:<\/strong><\/h3>\n<ul>\n<li>\n<h3>k\u00e9zzel moshat\u00f3, leveg\u0151n sz\u00e1r\u00edtand\u00f3<\/h3>\n<\/li>\n<\/ul>\n<div id=\"themify_builder_content-5875\" data-postid=\"5875\" class=\"themify_builder_content themify_builder_content-5875 themify_builder\">\n    <\/div>\n<!-- \/themify_builder_content -->","protected":false},"excerpt":{"rendered":"<h3><strong>Kisz\u00far\u00f3k \u00e1tm\u00e9r\u0151je:<\/strong><\/h3>\n<ul>\n<li>\n<h3>48, 58, 68, 78, 88, 98 mm<\/h3>\n<\/li>\n<\/ul>\n","protected":false},"featured_media":5882,"comment_status":"closed","ping_status":"closed","template":"","meta":[],"builder_content":"","_links":{"self":[{"href":"https:\/\/jhcakes.com\/shop\/wp-json\/wp\/v2\/product\/5875"}],"collection":[{"href":"https:\/\/jhcakes.com\/shop\/wp-json\/wp\/v2\/product"}],"about":[{"href":"https:\/\/jhcakes.com\/shop\/wp-json\/wp\/v2\/types\/product"}],"replies":[{"embeddable":true,"href":"https:\/\/jhcakes.com\/shop\/wp-json\/wp\/v2\/comments?post=5875"}],"wp:featuredmedia":[{"embeddable":true,"href":"https:\/\/jhcakes.com\/shop\/wp-json\/wp\/v2\/media\/5882"}],"wp:attachment":[{"href":"https:\/\/jhcakes.com\/shop\/wp-json\/wp\/v2\/media?parent=5875"}],"curies":[{"name":"wp","href":"https:\/\/api.w.org\/{rel}","templated":true}]}}