{"id":5518,"date":"2015-08-13T15:51:07","date_gmt":"2015-08-13T13:51:07","guid":{"rendered":"http:\/\/jhcakes.com\/shop\/termek\/mezi-lanyka-kiszuro-95-mm\/"},"modified":"2024-12-05T11:50:30","modified_gmt":"2024-12-05T10:50:30","slug":"mezi-lanyka-kiszuro-95-mm","status":"publish","type":"product","link":"https:\/\/jhcakes.com\/shop\/termek\/mezi-lanyka-kiszuro-95-mm\/","title":{"rendered":"M\u00e9zi L\u00e1nyka Kisz\u00far\u00f3 95 mm"},"content":{"rendered":"<h3 style=\"text-align: justify\"><span style=\"color: #878787\"><span style=\"color: #ec008c\"><strong>M\u00e9zi L\u00e1nyka Kisz\u00far\u00f3,<\/strong><\/span>\u00a0egyik m\u00e9zi l\u00e1nyka kisz\u00far\u00f3 a sok k\u00f6z\u00fcl. Egyik nagyobb testv\u00e9re \u00f6lt\u00f6ztethet\u0151 is &#8211; katt\u00a0<span style=\"color: #1ba6b5\"><strong><a style=\"color: #1ba6b5\" href=\"https:\/\/jhcakes.com\/shop\/termek\/mezeskalacs-lanyka-oltoztetve\/\" target=\"_blank\" rel=\"noopener noreferrer\">IDE<\/a><\/strong>.<\/span><\/span><\/h3>\n<p>&nbsp;<\/p>\n<h3><strong>Mihez aj\u00e1nljuk a kisz\u00far\u00f3t?<\/strong><\/h3>\n<ul>\n<li>\n<h3>m\u00e9zes \u00e9s egy\u00e9b t\u00e9sztaf\u00e9l\u00e9khez<\/h3>\n<\/li>\n<li>\n<h3>fondant, cukormassza \u00e9s marcip\u00e1n form\u00e1k kisz\u00far\u00e1s\u00e1hoz<\/h3>\n<\/li>\n<\/ul>\n<h3><strong>Alapanyag:<\/strong><\/h3>\n<ul>\n<li>\n<h3>\u00f3nozott lemez, haszn\u00e1latkor formatart\u00f3 marad<\/h3>\n<\/li>\n<\/ul>\n<h3 id=\"tab-description\"><strong>Kezel\u00e9si \u00fatmutat\u00f3:<\/strong><\/h3>\n<ul>\n<li>\n<h3>k\u00e9zzel moshat\u00f3, leveg\u0151n sz\u00e1r\u00edtand\u00f3<\/h3>\n<\/li>\n<\/ul>\n<div id=\"themify_builder_content-5518\" data-postid=\"5518\" class=\"themify_builder_content themify_builder_content-5518 themify_builder\">\n    <\/div>\n<!-- \/themify_builder_content -->","protected":false},"excerpt":{"rendered":"<h3><strong>Kisz\u00far\u00f3 M\u00e9rete:<\/strong><\/h3>\n<ul>\n<li>\n<h3>Sz\u00e9less\u00e9g: \u00a067 mm<\/h3>\n<\/li>\n<li>\n<h3>Magass\u00e1g: 95 mm<\/h3>\n<\/li>\n<\/ul>\n","protected":false},"featured_media":7838,"comment_status":"open","ping_status":"closed","template":"","meta":[],"builder_content":"","_links":{"self":[{"href":"https:\/\/jhcakes.com\/shop\/wp-json\/wp\/v2\/product\/5518"}],"collection":[{"href":"https:\/\/jhcakes.com\/shop\/wp-json\/wp\/v2\/product"}],"about":[{"href":"https:\/\/jhcakes.com\/shop\/wp-json\/wp\/v2\/types\/product"}],"replies":[{"embeddable":true,"href":"https:\/\/jhcakes.com\/shop\/wp-json\/wp\/v2\/comments?post=5518"}],"wp:featuredmedia":[{"embeddable":true,"href":"https:\/\/jhcakes.com\/shop\/wp-json\/wp\/v2\/media\/7838"}],"wp:attachment":[{"href":"https:\/\/jhcakes.com\/shop\/wp-json\/wp\/v2\/media?parent=5518"}],"curies":[{"name":"wp","href":"https:\/\/api.w.org\/{rel}","templated":true}]}}