{"id":5516,"date":"2015-08-13T15:46:34","date_gmt":"2015-08-13T13:46:34","guid":{"rendered":"http:\/\/jhcakes.com\/shop\/termek\/mezi-lanyka-kiszuro-55-mm\/"},"modified":"2023-05-31T22:56:14","modified_gmt":"2023-05-31T20:56:14","slug":"mezi-lanyka-kiszuro-55-mm","status":"publish","type":"product","link":"https:\/\/jhcakes.com\/shop\/termek\/mezi-lanyka-kiszuro-55-mm\/","title":{"rendered":"M\u00e9zi L\u00e1nyka Kisz\u00far\u00f3 55 mm"},"content":{"rendered":"<h3 style=\"text-align: justify;\"><span style=\"color: #878787;\"><span style=\"color: #ec008c;\"><span style=\"color: #878787;\">Ez legkisebb<\/span><strong><span style=\"color: #878787;\"> <span style=\"color: #ec008c;\">M\u00e9zi L\u00e1nyka Kisz\u00far\u00f3nk.<\/span> <\/span><\/strong><span style=\"color: #878787;\">Nagyobb\u00e9rt katt<\/span> <span style=\"color: #878787;\"><span style=\"color: #1ba6b5;\"><a style=\"color: #1ba6b5;\" href=\"https:\/\/jhcakes.com\/shop\/termek\/mezi-lanyka-kiszuro-95-mm\/\" target=\"_blank\" rel=\"noopener noreferrer\"><strong>IDE<\/strong>.<\/a>\u00a0<\/span><\/span><\/span>Ha pedig \u00f6lt\u00f6ztethet\u0151\u00a0m\u00e9zi kisl\u00e1nyt keresel, <strong><span style=\"color: #1ba6b5;\"><a style=\"color: #1ba6b5;\" href=\"https:\/\/jhcakes.com\/shop\/termek\/mezeskalacs-lanyka-oltoztetve\/\" target=\"_blank\" rel=\"noopener noreferrer\">IDE<\/a><\/span><\/strong>\u00a0katt.<\/span><\/h3>\n<p>&nbsp;<\/p>\n<h3><strong>Mihez aj\u00e1nljuk a kisz\u00far\u00f3t?<\/strong><\/h3>\n<ul>\n<li>\n<h3>m\u00e9zes \u00e9s egy\u00e9b t\u00e9sztaf\u00e9l\u00e9khez<\/h3>\n<\/li>\n<li>\n<h3>fondant, cukormassza \u00e9s marcip\u00e1n form\u00e1k kisz\u00far\u00e1s\u00e1hoz<\/h3>\n<\/li>\n<\/ul>\n<h3><strong>Alapanyag:<\/strong><\/h3>\n<ul>\n<li>\n<h3>\u00f3nozott lemez, haszn\u00e1latkor formatart\u00f3 marad<\/h3>\n<\/li>\n<\/ul>\n<h3 id=\"tab-description\"><strong>Kezel\u00e9si \u00fatmutat\u00f3:<\/strong><\/h3>\n<ul>\n<li>\n<h3>k\u00e9zzel moshat\u00f3, leveg\u0151n sz\u00e1r\u00edtand\u00f3<\/h3>\n<\/li>\n<\/ul>\n<div id=\"themify_builder_content-5516\" data-postid=\"5516\" class=\"themify_builder_content themify_builder_content-5516 themify_builder\">\n    <\/div>\n<!-- \/themify_builder_content -->","protected":false},"excerpt":{"rendered":"<h3><strong>Kisz\u00far\u00f3 M\u00e9rete:<\/strong><\/h3>\n<ul>\n<li>\n<h3>Sz\u00e9less\u00e9g: 45 mm<\/h3>\n<\/li>\n<li>\n<h3>Magass\u00e1g: 55 mm<\/h3>\n<\/li>\n<\/ul>\n","protected":false},"featured_media":10423,"comment_status":"open","ping_status":"closed","template":"","meta":[],"builder_content":"","_links":{"self":[{"href":"https:\/\/jhcakes.com\/shop\/wp-json\/wp\/v2\/product\/5516"}],"collection":[{"href":"https:\/\/jhcakes.com\/shop\/wp-json\/wp\/v2\/product"}],"about":[{"href":"https:\/\/jhcakes.com\/shop\/wp-json\/wp\/v2\/types\/product"}],"replies":[{"embeddable":true,"href":"https:\/\/jhcakes.com\/shop\/wp-json\/wp\/v2\/comments?post=5516"}],"wp:featuredmedia":[{"embeddable":true,"href":"https:\/\/jhcakes.com\/shop\/wp-json\/wp\/v2\/media\/10423"}],"wp:attachment":[{"href":"https:\/\/jhcakes.com\/shop\/wp-json\/wp\/v2\/media?parent=5516"}],"curies":[{"name":"wp","href":"https:\/\/api.w.org\/{rel}","templated":true}]}}