{"id":5494,"date":"2015-08-12T17:02:14","date_gmt":"2015-08-12T15:02:14","guid":{"rendered":"http:\/\/jhcakes.com\/shop\/termek\/kalapos-hoember-kiszuro-masolat\/"},"modified":"2023-05-31T22:55:06","modified_gmt":"2023-05-31T20:55:06","slug":"cilinderes-hoember-kiszuro","status":"publish","type":"product","link":"https:\/\/jhcakes.com\/shop\/termek\/cilinderes-hoember-kiszuro\/","title":{"rendered":"Cilinderes h\u00f3ember kisz\u00far\u00f3"},"content":{"rendered":"<h3><span style=\"color: #878787\">Fess<strong><span style=\"color: #ec008c\">\u00a0cilinderes h\u00f3ember kisz\u00far\u00f3<\/span>\u00a0<\/strong>a t\u00e9li \u00fcnnepekre!<\/span><\/h3>\n<p>&nbsp;<\/p>\n<h3><strong>Mihez aj\u00e1nljuk a kisz\u00far\u00f3t?<\/strong><\/h3>\n<ul>\n<li>\n<h3>m\u00e9zes \u00e9s egy\u00e9b t\u00e9sztaf\u00e9l\u00e9khez<\/h3>\n<\/li>\n<li>\n<h3>fondant, cukormassza \u00e9s marcip\u00e1n form\u00e1k kisz\u00far\u00e1s\u00e1hoz<\/h3>\n<\/li>\n<\/ul>\n<h3><strong>Alapanyag:<\/strong><\/h3>\n<ul>\n<li>\n<h3>\u00f3nozott lemez, haszn\u00e1latkor formatart\u00f3 marad<\/h3>\n<\/li>\n<\/ul>\n<h3 id=\"tab-description\"><strong>Kezel\u00e9si \u00fatmutat\u00f3:<\/strong><\/h3>\n<ul>\n<li>\n<h3>k\u00e9zzel moshat\u00f3, leveg\u0151n sz\u00e1r\u00edtand\u00f3<\/h3>\n<\/li>\n<\/ul>\n<div id=\"themify_builder_content-5494\" data-postid=\"5494\" class=\"themify_builder_content themify_builder_content-5494 themify_builder\">\n    <\/div>\n<!-- \/themify_builder_content -->","protected":false},"excerpt":{"rendered":"<h3><strong>Kisz\u00far\u00f3 m\u00e9rete:<\/strong><\/h3>\n<ul>\n<li>\n<h3>sz\u00e9less\u00e9g: \u00a0 \u00a0 \u00a054 mm<\/h3>\n<\/li>\n<li>\n<h3>magass\u00e1g: \u00a0 100 mm<\/h3>\n<\/li>\n<\/ul>\n","protected":false},"featured_media":12951,"comment_status":"open","ping_status":"closed","template":"","meta":[],"builder_content":"","_links":{"self":[{"href":"https:\/\/jhcakes.com\/shop\/wp-json\/wp\/v2\/product\/5494"}],"collection":[{"href":"https:\/\/jhcakes.com\/shop\/wp-json\/wp\/v2\/product"}],"about":[{"href":"https:\/\/jhcakes.com\/shop\/wp-json\/wp\/v2\/types\/product"}],"replies":[{"embeddable":true,"href":"https:\/\/jhcakes.com\/shop\/wp-json\/wp\/v2\/comments?post=5494"}],"wp:featuredmedia":[{"embeddable":true,"href":"https:\/\/jhcakes.com\/shop\/wp-json\/wp\/v2\/media\/12951"}],"wp:attachment":[{"href":"https:\/\/jhcakes.com\/shop\/wp-json\/wp\/v2\/media?parent=5494"}],"curies":[{"name":"wp","href":"https:\/\/api.w.org\/{rel}","templated":true}]}}