{"id":5454,"date":"2015-08-11T00:38:49","date_gmt":"2015-08-10T22:38:49","guid":{"rendered":"http:\/\/jhcakes.com\/shop\/?post_type=product&#038;p=5454"},"modified":"2015-08-11T09:54:00","modified_gmt":"2015-08-11T07:54:00","slug":"5454","status":"publish","type":"product","link":"https:\/\/jhcakes.com\/shop\/termek\/5454\/","title":{"rendered":""},"content":{"rendered":"<p>Nyom\u00f3zs\u00e1kos cs\u0151 szett<\/p>\n<div id=\"themify_builder_content-5454\" data-postid=\"5454\" class=\"themify_builder_content themify_builder_content-5454 themify_builder\">\n    <\/div>\n<!-- \/themify_builder_content -->","protected":false},"excerpt":{"rendered":"<p>Nyom\u00f3zs\u00e1kos cs\u0151 szett<\/p>\n","protected":false},"featured_media":0,"comment_status":"closed","ping_status":"closed","template":"","meta":[],"builder_content":"","_links":{"self":[{"href":"https:\/\/jhcakes.com\/shop\/wp-json\/wp\/v2\/product\/5454"}],"collection":[{"href":"https:\/\/jhcakes.com\/shop\/wp-json\/wp\/v2\/product"}],"about":[{"href":"https:\/\/jhcakes.com\/shop\/wp-json\/wp\/v2\/types\/product"}],"replies":[{"embeddable":true,"href":"https:\/\/jhcakes.com\/shop\/wp-json\/wp\/v2\/comments?post=5454"}],"wp:attachment":[{"href":"https:\/\/jhcakes.com\/shop\/wp-json\/wp\/v2\/media?parent=5454"}],"curies":[{"name":"wp","href":"https:\/\/api.w.org\/{rel}","templated":true}]}}