{"id":4985,"date":"2014-10-26T21:00:28","date_gmt":"2014-10-26T20:00:28","guid":{"rendered":"http:\/\/jhcakes.com\/shop\/termek\/ridikul-keksz-kiszuro\/"},"modified":"2025-01-04T20:15:56","modified_gmt":"2025-01-04T19:15:56","slug":"noies-ridikul-kiszuro","status":"publish","type":"product","link":"https:\/\/jhcakes.com\/shop\/termek\/noies-ridikul-kiszuro\/","title":{"rendered":"N\u0151ies ridik\u00fcl kisz\u00far\u00f3"},"content":{"rendered":"<h3 style=\"text-align: justify;\"><strong><span style=\"color: #ec008c;\">N\u0151ies ridik\u00fcl kisz\u00far\u00f3<\/span>\u00a0<\/strong><span style=\"color: #878787;\">a<\/span> <span style=\"color: #1ba6b4;\"><strong><a style=\"color: #1ba6b4;\" title=\"Cocktail Ruha Keksz Kisz\u00far\u00f3\" href=\"https:\/\/jhcakes.com\/shop\/termek\/cocktail-ruha-kiszuro\/\" target=\"_blank\" rel=\"noopener noreferrer\">cocktail ruha<\/a><\/strong><\/span> <span style=\"color: #878787;\">mell\u00e9, vagy csak mag\u00e1ban. Kiv\u00e1l\u00f3 min\u0151s\u00e9g\u0171 kisz\u00far\u00f3, remek design. A ridik\u00fcl zseb d\u00edsze\u00a0b\u00e9lyegz\u0151k\u00e9nt a m\u00e9zesbe nyom\u00f3dik, nem v\u00e1gja el a t\u00e9szt\u00e1t, m\u00edg a f\u00fcl r\u00e9szlet sz\u00e9pen, form\u00e1san kiv\u00e1g\u00f3dik a t\u00e9szt\u00e1b\u00f3l.<\/span><\/h3>\n<p><span style=\"color: #878787;\">\u00a0<\/span><\/p>\n<h3><span style=\"color: #878787;\"><strong>Mihez aj\u00e1nljuk a kisz\u00far\u00f3t?<\/strong><\/span><\/h3>\n<ul>\n<li>\n<h3><span style=\"color: #878787;\">m\u00e9zes \u00e9s egy\u00e9b t\u00e9sztaf\u00e9l\u00e9khez<\/span><\/h3>\n<\/li>\n<li>\n<h3><span style=\"color: #878787;\">fondant, cukormassza \u00e9s marcip\u00e1n form\u00e1k kisz\u00far\u00e1s\u00e1hoz<\/span><\/h3>\n<\/li>\n<\/ul>\n<h3><span style=\"color: #878787;\"><strong>Alapanyag:<\/strong><\/span><\/h3>\n<ul>\n<li>\n<h3><span style=\"color: #878787;\">rozsdamentes ac\u00e9l, haszn\u00e1latkor formatart\u00f3 marad<\/span><\/h3>\n<\/li>\n<\/ul>\n<h3 id=\"tab-description\"><span style=\"color: #878787;\"><strong>Kezel\u00e9si \u00fatmutat\u00f3:<\/strong><\/span><\/h3>\n<ul>\n<li>\n<h3><span style=\"color: #878787;\">k\u00e9zzel moshat\u00f3, leveg\u0151n sz\u00e1r\u00edtand\u00f3<\/span><\/h3>\n<\/li>\n<\/ul>\n<div id=\"themify_builder_content-4985\" data-postid=\"4985\" class=\"themify_builder_content themify_builder_content-4985 themify_builder\">\n    <\/div>\n<!-- \/themify_builder_content -->","protected":false},"excerpt":{"rendered":"<h3><strong>Kisz\u00far\u00f3 m\u00e9rete:<\/strong><\/h3>\n<ul>\n<li>\n<h3>sz\u00e9less\u00e9g: \u00a0 \u00a0 \u00a055\u00a0mm<\/h3>\n<\/li>\n<li>\n<h3>magass\u00e1g: \u00a0 \u00a070 mm<\/h3>\n<\/li>\n<\/ul>\n","protected":false},"featured_media":7638,"comment_status":"open","ping_status":"closed","template":"","meta":[],"builder_content":"","_links":{"self":[{"href":"https:\/\/jhcakes.com\/shop\/wp-json\/wp\/v2\/product\/4985"}],"collection":[{"href":"https:\/\/jhcakes.com\/shop\/wp-json\/wp\/v2\/product"}],"about":[{"href":"https:\/\/jhcakes.com\/shop\/wp-json\/wp\/v2\/types\/product"}],"replies":[{"embeddable":true,"href":"https:\/\/jhcakes.com\/shop\/wp-json\/wp\/v2\/comments?post=4985"}],"wp:featuredmedia":[{"embeddable":true,"href":"https:\/\/jhcakes.com\/shop\/wp-json\/wp\/v2\/media\/7638"}],"wp:attachment":[{"href":"https:\/\/jhcakes.com\/shop\/wp-json\/wp\/v2\/media?parent=4985"}],"curies":[{"name":"wp","href":"https:\/\/api.w.org\/{rel}","templated":true}]}}