{"id":4983,"date":"2014-10-26T20:41:22","date_gmt":"2014-10-26T19:41:22","guid":{"rendered":"http:\/\/jhcakes.com\/shop\/termek\/fleur-de-lis-keksz-kiszuro\/"},"modified":"2024-02-12T11:39:56","modified_gmt":"2024-02-12T10:39:56","slug":"fleur-de-lis-liliom-kiszuro","status":"publish","type":"product","link":"https:\/\/jhcakes.com\/shop\/termek\/fleur-de-lis-liliom-kiszuro\/","title":{"rendered":"Fleur de lis liliom kisz\u00far\u00f3"},"content":{"rendered":"<h3 style=\"text-align: justify;\"><strong><span style=\"color: #ec008c;\">Fleur de lis liliom kisz\u00far\u00f3<\/span>\u00a0<\/strong><span style=\"color: #878787;\">a francias\u00e1gok rajong\u00f3inak. Sz\u00e9p, nagy m\u00e9rete miatt <strong><a href=\"https:\/\/jhcakes.com\/shop\/termekkategoria\/mezes-kiszurok\/tabla-mezes-kiszurok\/\" target=\"_blank\" rel=\"noopener\"><span style=\"color: #1ba6b4;\">T\u00e1bla Kisz\u00far\u00f3nak<\/span><\/a><\/strong> is alkalmazhat\u00f3.<\/span><\/h3>\n<p><span style=\"color: #878787;\">\u00a0<\/span><\/p>\n<h3><span style=\"color: #878787;\"><strong>Mihez aj\u00e1nljuk a kisz\u00far\u00f3t?<\/strong><\/span><\/h3>\n<ul>\n<li>\n<h3><span style=\"color: #878787;\">m\u00e9zes \u00e9s egy\u00e9b t\u00e9sztaf\u00e9l\u00e9khez<\/span><\/h3>\n<\/li>\n<li>\n<h3><span style=\"color: #878787;\">fondant, cukormassza \u00e9s marcip\u00e1n form\u00e1k kisz\u00far\u00e1s\u00e1hoz<\/span><\/h3>\n<\/li>\n<\/ul>\n<h3><span style=\"color: #878787;\"><strong>Alapanyag:<\/strong><\/span><\/h3>\n<ul>\n<li>\n<h3><span style=\"color: #878787;\">\u00f3nozott lemez, haszn\u00e1latkor formatart\u00f3 marad<\/span><\/h3>\n<\/li>\n<\/ul>\n<h3 id=\"tab-description\"><span style=\"color: #878787;\"><strong>Kezel\u00e9si \u00fatmutat\u00f3:<\/strong><\/span><\/h3>\n<ul>\n<li>\n<h3><span style=\"color: #878787;\">k\u00e9zzel moshat\u00f3, leveg\u0151n sz\u00e1r\u00edtand\u00f3<\/span><\/h3>\n<\/li>\n<\/ul>\n<p><span style=\"color: #878787;\">\u00a0<\/span><\/p>\n<div id=\"themify_builder_content-4983\" data-postid=\"4983\" class=\"themify_builder_content themify_builder_content-4983 themify_builder\">\n    <\/div>\n<!-- \/themify_builder_content -->","protected":false},"excerpt":{"rendered":"<h3><strong>Kisz\u00far\u00f3 m\u00e9rete:<\/strong><\/h3>\n<ul>\n<li>\n<h3>sz\u00e9less\u00e9g: \u00a0 \u00a0110\u00a0mm<\/h3>\n<\/li>\n<li>\n<h3>magass\u00e1g: \u00a0 113\u00a0mm<\/h3>\n<\/li>\n<\/ul>\n","protected":false},"featured_media":9643,"comment_status":"open","ping_status":"closed","template":"","meta":[],"builder_content":"","_links":{"self":[{"href":"https:\/\/jhcakes.com\/shop\/wp-json\/wp\/v2\/product\/4983"}],"collection":[{"href":"https:\/\/jhcakes.com\/shop\/wp-json\/wp\/v2\/product"}],"about":[{"href":"https:\/\/jhcakes.com\/shop\/wp-json\/wp\/v2\/types\/product"}],"replies":[{"embeddable":true,"href":"https:\/\/jhcakes.com\/shop\/wp-json\/wp\/v2\/comments?post=4983"}],"wp:featuredmedia":[{"embeddable":true,"href":"https:\/\/jhcakes.com\/shop\/wp-json\/wp\/v2\/media\/9643"}],"wp:attachment":[{"href":"https:\/\/jhcakes.com\/shop\/wp-json\/wp\/v2\/media?parent=4983"}],"curies":[{"name":"wp","href":"https:\/\/api.w.org\/{rel}","templated":true}]}}