{"id":4982,"date":"2014-10-26T18:57:57","date_gmt":"2014-10-26T17:57:57","guid":{"rendered":"http:\/\/jhcakes.com\/shop\/termek\/eiffel-torony-keksz-kiszuro\/"},"modified":"2024-12-03T17:21:16","modified_gmt":"2024-12-03T16:21:16","slug":"eiffel-torony-mezes-kiszuro","status":"publish","type":"product","link":"https:\/\/jhcakes.com\/shop\/termek\/eiffel-torony-mezes-kiszuro\/","title":{"rendered":"Eiffel Torony m\u00e9zes kisz\u00far\u00f3"},"content":{"rendered":"<h3><strong><span style=\"color: #ec008c;\">Eiffel Torony kisz\u00far\u00f3<\/span>\u00a0<\/strong>P\u00e1rizs rajong\u00f3inak, a romantikusoknak, az \u00e1lmodoz\u00f3knak&#8230; menyasszonyoknak.<\/h3>\n<p><span style=\"color: #878787;\">\u00a0<\/span><\/p>\n<h3><strong>Mihez aj\u00e1nljuk a kisz\u00far\u00f3t?<\/strong><\/h3>\n<ul>\n<li>\n<h3>m\u00e9zes \u00e9s egy\u00e9b t\u00e9sztaf\u00e9l\u00e9khez<\/h3>\n<\/li>\n<li>\n<h3>fondant, cukormassza \u00e9s marcip\u00e1n form\u00e1k kisz\u00far\u00e1s\u00e1hoz<\/h3>\n<\/li>\n<\/ul>\n<h3><strong>Alapanyag:<\/strong><\/h3>\n<ul>\n<li>\n<h3>\u00f3nozott lemez, haszn\u00e1latkor forma tart\u00f3<\/h3>\n<\/li>\n<\/ul>\n<h3><strong>Kezel\u00e9si \u00fatmutat\u00f3:<\/strong><\/h3>\n<ul>\n<li>\n<h3>k\u00e9zzel moshat\u00f3, leveg\u0151n sz\u00e1r\u00edtand\u00f3<\/h3>\n<\/li>\n<\/ul>\n<p><span style=\"color: #878787;\">\u00a0<\/span><\/p>\n<div id=\"themify_builder_content-4982\" data-postid=\"4982\" class=\"themify_builder_content themify_builder_content-4982 themify_builder\">\n    <\/div>\n<!-- \/themify_builder_content -->","protected":false},"excerpt":{"rendered":"<h3><strong>Kisz\u00far\u00f3 m\u00e9rete:<\/strong><\/h3>\n<ul>\n<li>\n<h3>sz\u00e9less\u00e9g: \u00a0 \u00a072 mm<\/h3>\n<\/li>\n<li>\n<h3>magass\u00e1g: \u00a0115\u00a0mm<\/h3>\n<\/li>\n<\/ul>\n","protected":false},"featured_media":9607,"comment_status":"open","ping_status":"closed","template":"","meta":[],"builder_content":"","_links":{"self":[{"href":"https:\/\/jhcakes.com\/shop\/wp-json\/wp\/v2\/product\/4982"}],"collection":[{"href":"https:\/\/jhcakes.com\/shop\/wp-json\/wp\/v2\/product"}],"about":[{"href":"https:\/\/jhcakes.com\/shop\/wp-json\/wp\/v2\/types\/product"}],"replies":[{"embeddable":true,"href":"https:\/\/jhcakes.com\/shop\/wp-json\/wp\/v2\/comments?post=4982"}],"wp:featuredmedia":[{"embeddable":true,"href":"https:\/\/jhcakes.com\/shop\/wp-json\/wp\/v2\/media\/9607"}],"wp:attachment":[{"href":"https:\/\/jhcakes.com\/shop\/wp-json\/wp\/v2\/media?parent=4982"}],"curies":[{"name":"wp","href":"https:\/\/api.w.org\/{rel}","templated":true}]}}