{"id":4980,"date":"2014-10-26T18:48:59","date_gmt":"2014-10-26T17:48:59","guid":{"rendered":"http:\/\/jhcakes.com\/shop\/termek\/cocktail-ruha-keksz-kiszuro\/"},"modified":"2025-01-04T20:15:56","modified_gmt":"2025-01-04T19:15:56","slug":"cocktail-ruha-kiszuro","status":"publish","type":"product","link":"https:\/\/jhcakes.com\/shop\/termek\/cocktail-ruha-kiszuro\/","title":{"rendered":"Cocktailruha kisz\u00far\u00f3"},"content":{"rendered":"<h3 style=\"text-align: justify;\"><strong><span style=\"color: #ec008c;\">Cocktailruha kisz\u00far\u00f3<\/span>\u00a0<\/strong>l\u00e1nyoknak, h\u00f6lgyeknek b\u00e1rmikorra<span style=\"color: #878787;\">. Glaz\u00farral vagy marcip\u00e1nnal bevonva, ak\u00e1r <strong><span style=\"color: #1ba6b5;\"><a style=\"color: #1ba6b5;\" href=\"https:\/\/jhcakes.com\/shop\/termekkategoria\/stencilek\/\" target=\"_blank\" rel=\"noopener noreferrer\">stencillel<\/a><\/span><\/strong> d\u00edsz\u00edtve.<\/span><\/h3>\n<p><span style=\"color: #878787;\">\u00a0<\/span><\/p>\n<h3><strong>Mihez aj\u00e1nljuk a kisz\u00far\u00f3t?<\/strong><\/h3>\n<ul>\n<li>\n<h3>m\u00e9zes \u00e9s egy\u00e9b t\u00e9sztaf\u00e9l\u00e9khez<\/h3>\n<\/li>\n<li>\n<h3>fondant, cukormassza \u00e9s marcip\u00e1n form\u00e1k kisz\u00far\u00e1s\u00e1hoz<\/h3>\n<\/li>\n<\/ul>\n<h3><strong>Alapanyag:<\/strong><\/h3>\n<ul>\n<li>\n<h3>\u00f3nozott lemez, haszn\u00e1latkor formatart\u00f3 marad<\/h3>\n<\/li>\n<\/ul>\n<h3><strong>Kezel\u00e9si \u00fatmutat\u00f3:<\/strong><\/h3>\n<ul>\n<li>\n<h3>k\u00e9zzel moshat\u00f3, leveg\u0151n sz\u00e1r\u00edtand\u00f3<\/h3>\n<\/li>\n<\/ul>\n<div id=\"themify_builder_content-4980\" data-postid=\"4980\" class=\"themify_builder_content themify_builder_content-4980 themify_builder\">\n    <\/div>\n<!-- \/themify_builder_content -->","protected":false},"excerpt":{"rendered":"<h3><strong>Kisz\u00far\u00f3 m\u00e9rete:<\/strong><\/h3>\n<ul>\n<li>\n<h3>sz\u00e9less\u00e9g: \u00a0 \u00a092 mm<\/h3>\n<\/li>\n<li>\n<h3>magass\u00e1g: \u00a0 86 mm<\/h3>\n<\/li>\n<\/ul>\n","protected":false},"featured_media":9641,"comment_status":"open","ping_status":"closed","template":"","meta":[],"builder_content":"","_links":{"self":[{"href":"https:\/\/jhcakes.com\/shop\/wp-json\/wp\/v2\/product\/4980"}],"collection":[{"href":"https:\/\/jhcakes.com\/shop\/wp-json\/wp\/v2\/product"}],"about":[{"href":"https:\/\/jhcakes.com\/shop\/wp-json\/wp\/v2\/types\/product"}],"replies":[{"embeddable":true,"href":"https:\/\/jhcakes.com\/shop\/wp-json\/wp\/v2\/comments?post=4980"}],"wp:featuredmedia":[{"embeddable":true,"href":"https:\/\/jhcakes.com\/shop\/wp-json\/wp\/v2\/media\/9641"}],"wp:attachment":[{"href":"https:\/\/jhcakes.com\/shop\/wp-json\/wp\/v2\/media?parent=4980"}],"curies":[{"name":"wp","href":"https:\/\/api.w.org\/{rel}","templated":true}]}}