{"id":4925,"date":"2014-10-25T23:00:17","date_gmt":"2014-10-25T21:00:17","guid":{"rendered":"http:\/\/jhcakes.com\/shop\/termek\/mezeskalacs-fiu-oltoztetve\/"},"modified":"2023-05-31T22:50:09","modified_gmt":"2023-05-31T20:50:09","slug":"mezifiu-kiegeszitokkel","status":"publish","type":"product","link":"https:\/\/jhcakes.com\/shop\/termek\/mezifiu-kiegeszitokkel\/","title":{"rendered":"M\u00e9zi fi\u00fa kieg\u00e9sz\u00edt\u0151kkel"},"content":{"rendered":"<h3 style=\"text-align: justify;\">Gyerekeknek, feln\u0151tteknek egyar\u00e1nt sz\u00f3rakoztat\u00f3 <span style=\"color: #ec008c;\"><strong>m\u00e9zeskal\u00e1cs fi\u00fa kisz\u00far\u00f3szett\u00fcnk, <\/strong><\/span>amely a fi\u00fa kisz\u00far\u00f3n k\u00edv\u00fcl, 8 f\u00e9le \u00f6lt\u00f6zet kieg\u00e9sz\u00edt\u0151t is tartalmaz. A marcip\u00e1nb\u00f3l, fondantb\u00f3l k\u00e9sz\u00fclt kieg\u00e9sz\u00edt\u0151ket eg\u00e9szen kicsik is tudj\u00e1k haszn\u00e1lni, \u00edgy \u0151k sem maradnak ki a dekor\u00e1l\u00e1sb\u00f3l. A sok fajta kieg\u00e9sz\u00edt\u0151 miatt nincs sz\u00fcks\u00e9g a mint\u00e1k ism\u00e9tl\u00e9s\u00e9re sem.<\/h3>\n<h3 style=\"text-align: justify;\">Nem feletkezt\u00fcnk meg a kisl\u00e1nyokr\u00f3l sem. <strong><span style=\"color: #1ba6b5;\"><a style=\"color: #1ba6b5;\" title=\"M\u00e9zeskal\u00e1cs L\u00e1nyka \u00d6lt\u00f6ztetve\" href=\"https:\/\/jhcakes.com\/shop\/termek\/mezeskalacs-lanyka-oltoztetve\/\" target=\"_blank\" rel=\"noopener noreferrer\">IDE<\/a><\/span><\/strong> katt, ha <strong><span style=\"color: #ec008c;\">m\u00e9zeskal\u00e1cs le\u00e1nyk\u00e1ra <\/span><\/strong>van sz\u00fcks\u00e9g.<\/h3>\n<h3><\/h3>\n<p>&nbsp;<\/p>\n<h3><strong>Mihez aj\u00e1nljuk a kisz\u00far\u00f3kat?<\/strong><\/h3>\n<ul>\n<li>\n<h3>m\u00e9zes \u00e9s egy\u00e9b t\u00e9sztaf\u00e9l\u00e9khez<\/h3>\n<\/li>\n<li>\n<h3>fondant, cukormassza \u00e9s marcip\u00e1n form\u00e1k kisz\u00far\u00e1s\u00e1hoz<\/h3>\n<\/li>\n<\/ul>\n<h3><strong>Alapanyag:<\/strong><\/h3>\n<ul>\n<li>\n<h3>\u00f3nozott lemez, haszn\u00e1latkor formatart\u00f3 marad<\/h3>\n<\/li>\n<\/ul>\n<h3 id=\"tab-description\"><strong>Kezel\u00e9si \u00fatmutat\u00f3:<\/strong><\/h3>\n<ul>\n<li>\n<h3>k\u00e9zzel moshat\u00f3, leveg\u0151n sz\u00e1r\u00edtand\u00f3<\/h3>\n<\/li>\n<\/ul>\n<div id=\"themify_builder_content-4925\" data-postid=\"4925\" class=\"themify_builder_content themify_builder_content-4925 themify_builder\">\n    <\/div>\n<!-- \/themify_builder_content -->","protected":false},"excerpt":{"rendered":"<h3><strong>M\u00e9zi kisz\u00far\u00f3 m\u00e9rete:<\/strong><\/h3>\n<ul>\n<li>\n<h3>sz\u00e9less\u00e9g: \u00a0 \u00a0 110 mm<\/h3>\n<\/li>\n<li>\n<h3>magass\u00e1g: \u00a0 147 mm<\/h3>\n<\/li>\n<\/ul>\n","protected":false},"featured_media":21207,"comment_status":"open","ping_status":"closed","template":"","meta":[],"builder_content":"","_links":{"self":[{"href":"https:\/\/jhcakes.com\/shop\/wp-json\/wp\/v2\/product\/4925"}],"collection":[{"href":"https:\/\/jhcakes.com\/shop\/wp-json\/wp\/v2\/product"}],"about":[{"href":"https:\/\/jhcakes.com\/shop\/wp-json\/wp\/v2\/types\/product"}],"replies":[{"embeddable":true,"href":"https:\/\/jhcakes.com\/shop\/wp-json\/wp\/v2\/comments?post=4925"}],"wp:featuredmedia":[{"embeddable":true,"href":"https:\/\/jhcakes.com\/shop\/wp-json\/wp\/v2\/media\/21207"}],"wp:attachment":[{"href":"https:\/\/jhcakes.com\/shop\/wp-json\/wp\/v2\/media?parent=4925"}],"curies":[{"name":"wp","href":"https:\/\/api.w.org\/{rel}","templated":true}]}}