{"id":4922,"date":"2014-10-25T22:35:01","date_gmt":"2014-10-25T20:35:01","guid":{"rendered":"http:\/\/jhcakes.com\/shop\/termek\/mezeskalacs-lanyka-oltoztetve\/"},"modified":"2021-03-14T10:46:44","modified_gmt":"2021-03-14T09:46:44","slug":"mezi-lanyka-kiegeszitokkel","status":"publish","type":"product","link":"https:\/\/jhcakes.com\/shop\/termek\/mezi-lanyka-kiegeszitokkel\/","title":{"rendered":"M\u00e9zi l\u00e1nyka kieg\u00e9sz\u00edt\u0151kkel"},"content":{"rendered":"<h3 style=\"text-align: justify;\">Gyerekeknek, feln\u0151tteknek egyar\u00e1nt sz\u00f3rakoztat\u00f3 id\u0151t\u00f6lt\u00e9st biztos\u00edt <span style=\"color: #ec008c;\"><strong>m\u00e9zeskal\u00e1cs l\u00e1nyka kisz\u00far\u00f3szett\u00fcnk, <\/strong><\/span>amely a l\u00e1nyka kisz\u00far\u00f3n k\u00edv\u00fcl, 9 f\u00e9le \u00f6lt\u00f6zetkieg\u00e9sz\u00edt\u0151t is tartalmaz. A marcip\u00e1nb\u00f3l, fondantb\u00f3l k\u00e9sz\u00fclt kieg\u00e9sz\u00edt\u0151ket eg\u00e9szen kicsik is tudj\u00e1k haszn\u00e1lni, \u00edgy \u0151k sem maradnak ki a dekor\u00e1l\u00e1sb\u00f3l. A sok fajta kieg\u00e9sz\u00edt\u0151 miatt nincs sz\u00fcks\u00e9g a mint\u00e1k ism\u00e9tl\u00e9s\u00e9re sem.<\/h3>\n<p>&nbsp;<\/p>\n<h3><strong>Mihez aj\u00e1nljuk a kisz\u00far\u00f3kat?<\/strong><\/h3>\n<ul>\n<li>\n<h3>m\u00e9zes \u00e9s egy\u00e9b t\u00e9sztaf\u00e9l\u00e9khez<\/h3>\n<\/li>\n<li>\n<h3>fondant, cukormassza \u00e9s marcip\u00e1n form\u00e1k kisz\u00far\u00e1s\u00e1hoz<\/h3>\n<\/li>\n<\/ul>\n<h3><strong>Alapanyag:<\/strong><\/h3>\n<ul>\n<li>\n<h3>\u00f3nozott lemez, haszn\u00e1latkor formatart\u00f3 marad<\/h3>\n<\/li>\n<\/ul>\n<h3 id=\"tab-description\"><strong>Kezel\u00e9si \u00fatmutat\u00f3:<\/strong><\/h3>\n<ul>\n<li>\n<h3>k\u00e9zzel moshat\u00f3, leveg\u0151n sz\u00e1r\u00edtand\u00f3<\/h3>\n<\/li>\n<\/ul>\n<div id=\"themify_builder_content-4922\" data-postid=\"4922\" class=\"themify_builder_content themify_builder_content-4922 themify_builder\">\n    <\/div>\n<!-- \/themify_builder_content -->","protected":false},"excerpt":{"rendered":"<h3><strong>M\u00e9zi kisz\u00far\u00f3 m\u00e9rete:<\/strong><\/h3>\n<ul>\n<li>\n<h3>sz\u00e9less\u00e9g: \u00a0 \u00a0 \u00a0110 mm<\/h3>\n<\/li>\n<li>\n<h3>magass\u00e1g: \u00a0 \u00a0147 mm<\/h3>\n<\/li>\n<\/ul>\n","protected":false},"featured_media":21208,"comment_status":"open","ping_status":"closed","template":"","meta":[],"builder_content":"","_links":{"self":[{"href":"https:\/\/jhcakes.com\/shop\/wp-json\/wp\/v2\/product\/4922"}],"collection":[{"href":"https:\/\/jhcakes.com\/shop\/wp-json\/wp\/v2\/product"}],"about":[{"href":"https:\/\/jhcakes.com\/shop\/wp-json\/wp\/v2\/types\/product"}],"replies":[{"embeddable":true,"href":"https:\/\/jhcakes.com\/shop\/wp-json\/wp\/v2\/comments?post=4922"}],"wp:featuredmedia":[{"embeddable":true,"href":"https:\/\/jhcakes.com\/shop\/wp-json\/wp\/v2\/media\/21208"}],"wp:attachment":[{"href":"https:\/\/jhcakes.com\/shop\/wp-json\/wp\/v2\/media?parent=4922"}],"curies":[{"name":"wp","href":"https:\/\/api.w.org\/{rel}","templated":true}]}}