{"id":4634,"date":"2014-05-07T14:03:00","date_gmt":"2014-05-07T12:03:00","guid":{"rendered":"http:\/\/jhcakes.com\/shop\/termek\/regi-modi-angol-kisbetu-kiszuro-szett-2\/"},"modified":"2022-09-01T22:02:38","modified_gmt":"2022-09-01T20:02:38","slug":"o-angol-kisbetu-kiszuroszett-fmm","status":"publish","type":"product","link":"https:\/\/jhcakes.com\/shop\/termek\/o-angol-kisbetu-kiszuroszett-fmm\/","title":{"rendered":"\u00d3 angol kisbet\u0171 kisz\u00far\u00f3szett FMM"},"content":{"rendered":"<h3>Sz\u00e9p form\u00e1j\u00fa <strong><span style=\"color: #ec008c;\">\u00f3 angol kisbet\u0171\u00a0kisz\u00far\u00f3szett<\/span><\/strong>\u00a0az FMM-t\u0151l.\u00a0A kisz\u00fart bet\u0171ket felhaszn\u00e1lhatjuk tort\u00e1k, m\u00e9zesek, muffinok \u00e9s egy\u00e9b desszertek d\u00edsz\u00edt\u00e9s\u00e9re is.<\/h3>\n<p>&nbsp;<\/p>\n<h3><strong>Mihez aj\u00e1nljuk a kisz\u00far\u00f3szettet?<\/strong><\/h3>\n<ul>\n<li>\n<h3>fondant, cukormassza \u00e9s marcip\u00e1n bet\u0171k kisz\u00far\u00e1s\u00e1hoz<\/h3>\n<\/li>\n<\/ul>\n<h3><strong>Alapanyag:<\/strong><\/h3>\n<ul>\n<li>\n<h3>m\u0171anyag<\/h3>\n<\/li>\n<\/ul>\n<h3 id=\"tab-description\"><strong>Kezel\u00e9si \u00fatmutat\u00f3:<\/strong><\/h3>\n<ul>\n<li>\n<h3>k\u00e9zzel moshat\u00f3, leveg\u0151n sz\u00e1r\u00edtand\u00f3<\/h3>\n<\/li>\n<\/ul>\n<h3><strong>Gy\u00e1rt\u00f3:<\/strong><\/h3>\n<ul>\n<li>\n<h3>FMM &#8211; Anglia<\/h3>\n<\/li>\n<\/ul>\n<div style=\"width: 1165px; \" class=\"wp-video\"><!--[if lt IE 9]><script>document.createElement('video');<\/script><![endif]-->\n<video class=\"wp-video-shortcode\" id=\"video-4634-1\" width=\"1165\" height=\"655\" preload=\"metadata\" controls=\"controls\"><source type=\"video\/mp4\" src=\"https:\/\/jhcakes.com\/shop\/wp-content\/uploads\/2014\/05\/How-to-use-FMM-Tappits-Step-by-Step-Tutorial-Ceri-Badham.mp4?_=1\" \/><a href=\"https:\/\/jhcakes.com\/shop\/wp-content\/uploads\/2014\/05\/How-to-use-FMM-Tappits-Step-by-Step-Tutorial-Ceri-Badham.mp4\">https:\/\/jhcakes.com\/shop\/wp-content\/uploads\/2014\/05\/How-to-use-FMM-Tappits-Step-by-Step-Tutorial-Ceri-Badham.mp4<\/a><\/video><\/div>\n<div id=\"themify_builder_content-4634\" data-postid=\"4634\" class=\"themify_builder_content themify_builder_content-4634 themify_builder\">\n    <\/div>\n<!-- \/themify_builder_content -->","protected":false},"excerpt":{"rendered":"<h3><strong>N\u00e9h\u00e1ny bet\u0171 m\u00e9rete:<\/strong><\/h3>\n<ul>\n<li>\n<h3>a: \u00a0 \u00a0 \u00a0sz: 10 mm x m: 14 mm<\/h3>\n<\/li>\n<li>\n<h3>f: \u00a0 \u00a0 \u00a0 sz: 6 mm x m: 16 mm<\/h3>\n<\/li>\n<li>\n<h3>m: \u00a0 \u00a0 sz: 16 mm x m: 14 mm<\/h3>\n<\/li>\n<\/ul>\n","protected":false},"featured_media":24066,"comment_status":"closed","ping_status":"closed","template":"","meta":[],"builder_content":"","_links":{"self":[{"href":"https:\/\/jhcakes.com\/shop\/wp-json\/wp\/v2\/product\/4634"}],"collection":[{"href":"https:\/\/jhcakes.com\/shop\/wp-json\/wp\/v2\/product"}],"about":[{"href":"https:\/\/jhcakes.com\/shop\/wp-json\/wp\/v2\/types\/product"}],"replies":[{"embeddable":true,"href":"https:\/\/jhcakes.com\/shop\/wp-json\/wp\/v2\/comments?post=4634"}],"wp:featuredmedia":[{"embeddable":true,"href":"https:\/\/jhcakes.com\/shop\/wp-json\/wp\/v2\/media\/24066"}],"wp:attachment":[{"href":"https:\/\/jhcakes.com\/shop\/wp-json\/wp\/v2\/media?parent=4634"}],"curies":[{"name":"wp","href":"https:\/\/api.w.org\/{rel}","templated":true}]}}