{"id":4581,"date":"2014-04-01T13:14:32","date_gmt":"2014-04-01T11:14:32","guid":{"rendered":"http:\/\/jhcakes.com\/shop\/termek\/bagoly-linzer-kiszuro\/"},"modified":"2023-09-23T11:30:20","modified_gmt":"2023-09-23T09:30:20","slug":"bagoly-mezes-kiszuro","status":"publish","type":"product","link":"https:\/\/jhcakes.com\/shop\/termek\/bagoly-mezes-kiszuro\/","title":{"rendered":"Bagoly m\u00e9zes kisz\u00far\u00f3"},"content":{"rendered":"<h3><strong><span style=\"color: #ec008c;\">Bagoly m\u00e9zes kisz\u00far\u00f3nk<\/span>\u00a0<\/strong><span style=\"color: #878787;\">\u0151szi \u00e9s halloween szettjeink egyik jellegzetes tagja.\u00a0<\/span><br \/>\n<span style=\"color: #878787;\">Tov\u00e1bbi \u0151szi hangulat\u00fa kisz\u00far\u00f3ink<\/span>\u00a0<a href=\"https:\/\/jhcakes.com\/shop\/termekkategoria\/mezes-kiszurok\/oszi-es-halloween-mezes-kiszurok\/\" target=\"_blank\" rel=\"noopener\"><strong><span style=\"color: #1ba6b5;\">ITT<\/span><\/strong><\/a>\u00a0<span style=\"color: #878787;\">tal\u00e1lhat\u00f3ak, melyek dekor\u00e1l\u00e1s\u00e1ra aj\u00e1nljuk<\/span><strong>\u00a0<span style=\"color: #1ba6b5;\"><a style=\"color: #1ba6b5;\" href=\"https:\/\/jhcakes.com\/shop\/termekkategoria\/festekek-ecsetek\/gel-festekek\/\" target=\"_blank\" rel=\"noopener noreferrer\">g\u00e9l fest\u00e9keinket<\/a>,\u00a0<a style=\"color: #1ba6b5;\" href=\"https:\/\/jhcakes.com\/shop\/termekkategoria\/festekek-ecsetek\/\" target=\"_blank\" rel=\"noopener noreferrer\">por fest\u00e9keinket<\/a><\/span>\u00a0<\/strong><span style=\"color: #878787;\">\u00e9s<\/span><strong>\u00a0<span style=\"color: #1ba6b5;\"><a style=\"color: #1ba6b5;\" href=\"https:\/\/jhcakes.com\/shop\/termekkategoria\/eheto-dekoraciok\/\" target=\"_blank\" rel=\"noopener noreferrer\">dekor\u00e1l\u00f3 cukork\u00e1inkat<\/a>.\u00a0\u00a0<\/span><\/strong><\/h3>\n<p>&nbsp;<\/p>\n<h3><strong>Mihez aj\u00e1nljuk a kisz\u00far\u00f3t?<\/strong><\/h3>\n<ul>\n<li>\n<h3>m\u00e9zes \u00e9s egy\u00e9b t\u00e9sztaf\u00e9l\u00e9khez<\/h3>\n<\/li>\n<li>\n<h3>fondant, cukormassza \u00e9s marcip\u00e1n form\u00e1k kisz\u00far\u00e1s\u00e1hoz<\/h3>\n<\/li>\n<\/ul>\n<h3><strong>Alapanyag:<\/strong><\/h3>\n<ul>\n<li>\n<h3>\u00f3nozott lemez, haszn\u00e1latkor formatart\u00f3 marad<\/h3>\n<\/li>\n<\/ul>\n<h3 id=\"tab-description\"><strong>Kezel\u00e9si \u00fatmutat\u00f3:<\/strong><\/h3>\n<ul>\n<li>\n<h3>k\u00e9zzel moshat\u00f3, leveg\u0151n sz\u00e1r\u00edtand\u00f3<\/h3>\n<\/li>\n<\/ul>\n<div id=\"themify_builder_content-4581\" data-postid=\"4581\" class=\"themify_builder_content themify_builder_content-4581 themify_builder\">\n    <\/div>\n<!-- \/themify_builder_content -->","protected":false},"excerpt":{"rendered":"<h3><strong>Kisz\u00far\u00f3 m\u00e9rete:<\/strong><\/h3>\n<ul>\n<li>\n<h3>sz\u00e9less\u00e9g: \u00a0 \u00a0 32 mm<\/h3>\n<\/li>\n<li>\n<h3>magass\u00e1g: \u00a0 83 mm<\/h3>\n<\/li>\n<\/ul>\n","protected":false},"featured_media":14069,"comment_status":"closed","ping_status":"closed","template":"","meta":[],"builder_content":"","_links":{"self":[{"href":"https:\/\/jhcakes.com\/shop\/wp-json\/wp\/v2\/product\/4581"}],"collection":[{"href":"https:\/\/jhcakes.com\/shop\/wp-json\/wp\/v2\/product"}],"about":[{"href":"https:\/\/jhcakes.com\/shop\/wp-json\/wp\/v2\/types\/product"}],"replies":[{"embeddable":true,"href":"https:\/\/jhcakes.com\/shop\/wp-json\/wp\/v2\/comments?post=4581"}],"wp:featuredmedia":[{"embeddable":true,"href":"https:\/\/jhcakes.com\/shop\/wp-json\/wp\/v2\/media\/14069"}],"wp:attachment":[{"href":"https:\/\/jhcakes.com\/shop\/wp-json\/wp\/v2\/media?parent=4581"}],"curies":[{"name":"wp","href":"https:\/\/api.w.org\/{rel}","templated":true}]}}