{"id":4395,"date":"2014-02-26T15:16:37","date_gmt":"2014-02-26T14:16:37","guid":{"rendered":"http:\/\/jhcakes.com\/shop\/termek\/nyitott-szarnyu-mehecske-linzer-kiszuro\/"},"modified":"2025-05-17T18:36:03","modified_gmt":"2025-05-17T16:36:03","slug":"nyitottszarnyu-mehecske-kiszuro","status":"publish","type":"product","link":"https:\/\/jhcakes.com\/shop\/termek\/nyitottszarnyu-mehecske-kiszuro\/","title":{"rendered":"Nyitottsz\u00e1rny\u00fa m\u00e9hecske kisz\u00far\u00f3"},"content":{"rendered":"<h3><span style=\"color: #878787;\"><strong><span style=\"color: #ec008c;\">Nyitottsz\u00e1rny\u00fa m\u00e9hecske kisz\u00far\u00f3<\/span><\/strong>\u00a0oviba, esk\u00fcv\u0151re, h\u00fasv\u00e9tra, tavaszv\u00e1r\u00f3 partyra.<\/span><\/h3>\n<p>&nbsp;<\/p>\n<h3><span style=\"color: #878787;\"><strong>Mihez aj\u00e1nljuk a kisz\u00far\u00f3t?<\/strong><\/span><\/h3>\n<ul>\n<li>\n<h3><span style=\"color: #878787;\">m\u00e9zes \u00e9s egy\u00e9b t\u00e9sztaf\u00e9l\u00e9khez<\/span><\/h3>\n<\/li>\n<li>\n<h3><span style=\"color: #878787;\">fondant, cukormassza \u00e9s marcip\u00e1n figur\u00e1k kisz\u00far\u00e1s\u00e1hoz<\/span><\/h3>\n<\/li>\n<\/ul>\n<h3><span style=\"color: #878787;\"><strong>Alapanyag:<\/strong><\/span><\/h3>\n<ul>\n<li>\n<h3><span style=\"color: #878787;\">\u00f3nozott lemez, haszn\u00e1latkor formatart\u00f3 marad<\/span><\/h3>\n<\/li>\n<\/ul>\n<h3 id=\"tab-description\"><span style=\"color: #878787;\"><strong>Kezel\u00e9si \u00fatmutat\u00f3:<\/strong><\/span><\/h3>\n<ul>\n<li>\n<h3><span style=\"color: #878787;\">k\u00e9zzel moshat\u00f3, leveg\u0151n sz\u00e1r\u00edtand\u00f3<\/span><\/h3>\n<\/li>\n<\/ul>\n<div id=\"themify_builder_content-4395\" data-postid=\"4395\" class=\"themify_builder_content themify_builder_content-4395 themify_builder\">\n    <\/div>\n<!-- \/themify_builder_content -->","protected":false},"excerpt":{"rendered":"<h3><strong>Kisz\u00far\u00f3 m\u00e9rete:<\/strong><\/h3>\n<ul>\n<li>\n<h3>sz\u00e9less\u00e9g: \u00a0 \u00a0 78 mm<\/h3>\n<\/li>\n<li>\n<h3>magass\u00e1g: \u00a0 60\u00a0mm<\/h3>\n<\/li>\n<\/ul>\n","protected":false},"featured_media":7385,"comment_status":"closed","ping_status":"closed","template":"","meta":[],"builder_content":"","_links":{"self":[{"href":"https:\/\/jhcakes.com\/shop\/wp-json\/wp\/v2\/product\/4395"}],"collection":[{"href":"https:\/\/jhcakes.com\/shop\/wp-json\/wp\/v2\/product"}],"about":[{"href":"https:\/\/jhcakes.com\/shop\/wp-json\/wp\/v2\/types\/product"}],"replies":[{"embeddable":true,"href":"https:\/\/jhcakes.com\/shop\/wp-json\/wp\/v2\/comments?post=4395"}],"wp:featuredmedia":[{"embeddable":true,"href":"https:\/\/jhcakes.com\/shop\/wp-json\/wp\/v2\/media\/7385"}],"wp:attachment":[{"href":"https:\/\/jhcakes.com\/shop\/wp-json\/wp\/v2\/media?parent=4395"}],"curies":[{"name":"wp","href":"https:\/\/api.w.org\/{rel}","templated":true}]}}